{"id":95447,"date":"2025-12-30T10:37:34","date_gmt":"2025-12-30T10:37:34","guid":{"rendered":"https:\/\/brandss.com.py\/index\/?post_type=product&#038;p=95447"},"modified":"2025-12-30T10:43:25","modified_gmt":"2025-12-30T10:43:25","slug":"perfume-unisex-al-malakia-chorouk-edp-100ml","status":"publish","type":"product","link":"https:\/\/brandss.com.py\/index\/producto\/perfume-unisex-al-malakia-chorouk-edp-100ml\/","title":{"rendered":"PERFUME UNISEX AL MALAKIA CHOROUK EDP 100ML"},"content":{"rendered":"<p><img loading=\"lazy\" decoding=\"async\" class=\"\" src=\"https:\/\/mapleprime.com\/cdn\/shop\/collections\/Al_Malakia_2500_x_995.jpg?v=1765980197\" alt=\"Al Malakia | Maple Prime\" width=\"136\" height=\"54\" \/><\/p>\n<h1>CHOROUK<\/h1>\n<p>Despierta la esencia de la sofisticaci\u00f3n oriental en cada aplicaci\u00f3n. Esta fragancia, cuidadosamente elaborada, combina notas ex\u00f3ticas y cautivadoras para una experiencia olfativa inolvidable. <span dir=\"auto\">Ideal para quienes buscan exclusividad y refinamiento, este Eau de Parfum es perfecto para ocasiones especiales o para realzar tu personalidad a diario. Sorpr\u00e9ndete con la sofisticaci\u00f3n de Oriente y realza tu presencia con Al Malakia Chorouk.<\/span><\/p>\n<p><span dir=\"auto\">Experimente el lujo en forma de fragancia.<\/span><\/p>\n<h3>Notas Olfativas<\/h3>\n<p>Luminosidad y seducci\u00f3n se unen en Chorouk Eau de Parfum para hombres y mujeres. Esta prestigiosa fragancia se abre con una explosi\u00f3n de notas frutales, tropicales y c\u00edtricas que aportan una sensaci\u00f3n de frescura. El coraz\u00f3n desarrolla la elegancia de las flores blancas, aportando un toque floral a la fragancia. Un c\u00e1lido final amaderado y gourmet con vainilla crea una estela duradera y sensual. Chorouk Eau de Parfum es la elecci\u00f3n perfecta para una luminosidad diurna y momentos c\u00e1lidos al atardecer, para quienes desean brillar con elegancia.<\/p>\n<p><span dir=\"auto\"><strong>Notas de salida:<\/strong> notas afrutadas, tropical, c\u00edtrico.<\/span><\/p>\n<p><span dir=\"auto\"><strong>Notas de coraz\u00f3n:<\/strong> flores blancas.<\/span><\/p>\n<p><span dir=\"auto\"><strong>Notas de fondo:<\/strong> notas amaderadas, vainilla, gourmand.<\/span><\/p>\n","protected":false},"excerpt":{"rendered":"<p>CHOROUK Despierta la esencia de la sofisticaci\u00f3n oriental en cada aplicaci\u00f3n. Esta fragancia, cuidadosamente elaborada, combina notas ex\u00f3ticas y cautivadoras<\/p>\n","protected":false},"featured_media":95448,"comment_status":"open","ping_status":"closed","template":"","meta":{"nf_dc_page":""},"product_brand":[2241],"product_cat":[84],"product_tag":[2242],"class_list":{"0":"post-95447","1":"product","2":"type-product","3":"status-publish","4":"has-post-thumbnail","6":"product_brand-al-malakia","7":"product_cat-perfumeria","8":"product_tag-2242","10":"first","11":"instock","12":"shipping-taxable","13":"purchasable","14":"product-type-simple"},"_links":{"self":[{"href":"https:\/\/brandss.com.py\/index\/wp-json\/wp\/v2\/product\/95447","targetHints":{"allow":["GET"]}}],"collection":[{"href":"https:\/\/brandss.com.py\/index\/wp-json\/wp\/v2\/product"}],"about":[{"href":"https:\/\/brandss.com.py\/index\/wp-json\/wp\/v2\/types\/product"}],"replies":[{"embeddable":true,"href":"https:\/\/brandss.com.py\/index\/wp-json\/wp\/v2\/comments?post=95447"}],"version-history":[{"count":1,"href":"https:\/\/brandss.com.py\/index\/wp-json\/wp\/v2\/product\/95447\/revisions"}],"predecessor-version":[{"id":95452,"href":"https:\/\/brandss.com.py\/index\/wp-json\/wp\/v2\/product\/95447\/revisions\/95452"}],"wp:featuredmedia":[{"embeddable":true,"href":"https:\/\/brandss.com.py\/index\/wp-json\/wp\/v2\/media\/95448"}],"wp:attachment":[{"href":"https:\/\/brandss.com.py\/index\/wp-json\/wp\/v2\/media?parent=95447"}],"wp:term":[{"taxonomy":"product_brand","embeddable":true,"href":"https:\/\/brandss.com.py\/index\/wp-json\/wp\/v2\/product_brand?post=95447"},{"taxonomy":"product_cat","embeddable":true,"href":"https:\/\/brandss.com.py\/index\/wp-json\/wp\/v2\/product_cat?post=95447"},{"taxonomy":"product_tag","embeddable":true,"href":"https:\/\/brandss.com.py\/index\/wp-json\/wp\/v2\/product_tag?post=95447"}],"curies":[{"name":"wp","href":"https:\/\/api.w.org\/{rel}","templated":true}]}}