{"id":95453,"date":"2025-12-30T11:38:20","date_gmt":"2025-12-30T11:38:20","guid":{"rendered":"https:\/\/brandss.com.py\/index\/?post_type=product&#038;p=95453"},"modified":"2025-12-30T11:57:29","modified_gmt":"2025-12-30T11:57:29","slug":"perfume-unisex-al-malakia-fares-el-oud-edp-100ml","status":"publish","type":"product","link":"https:\/\/brandss.com.py\/index\/producto\/perfume-unisex-al-malakia-fares-el-oud-edp-100ml\/","title":{"rendered":"PERFUME UNISEX AL MALAKIA FARES EL OUD EDP 100ML"},"content":{"rendered":"<p><img loading=\"lazy\" decoding=\"async\" class=\"\" src=\"https:\/\/mapleprime.com\/cdn\/shop\/collections\/Al_Malakia_2500_x_995.jpg?v=1765980197\" alt=\"Al Malakia | Maple Prime\" width=\"133\" height=\"53\" \/><\/p>\n<h1>FARES EL OUD<\/h1>\n<p>Es un s\u00edmbolo atemporal que representa la riqueza y profundidad de la perfumer\u00eda \u00e1rabe. Esta fragancia es para quienes aman los perfumes intensos y distintivos que irradian fuerza, dignidad y sofisticaci\u00f3n. Cada gota de Fares El Oud cuenta una historia: el respeto por la tradici\u00f3n, la elegancia, lo moderno y el resplandor de la verdadera autoridad.<\/p>\n<p>Fares El Oud es una cautivadora fragancia unisex que combina magistralmente una rica calidez oriental con sofisticadas notas amaderadas. Perfecto para quienes aprecian los aromas atrevidos y distintivos, Fares El Oud ofrece una elegancia duradera que evoluciona maravillosamente a lo largo del d\u00eda. Abrace el encanto atemporal de la artesan\u00eda tradicional del Medio Oriente en una fragancia moderna que llama la atenci\u00f3n y deja una impresi\u00f3n inolvidable.<\/p>\n<h3>Notas Olfativas<\/h3>\n<p>Fares El Oud es una fragancia unisex. <span dir=\"auto\">La salida de\u00a0<\/span><span dir=\"auto\">Fares El Oud <\/span><span dir=\"auto\">es una mezcla de c\u00e1lidas notas especiadas y acordes frescos, creando un comienzo contrastante pero armonioso. Esta salida sugiere fuerza y \u200b\u200bdinamismo que cautiva de inmediato a quien la lleva y a quienes la rodean. La intensidad de las especias y la ligera vitalidad de la frescura se despliegan en perfecto equilibrio, indicando que esta fragancia es a la vez potente y sofisticada.<\/span><\/p>\n<p><span dir=\"auto\">El coraz\u00f3n revela la verdadera esencia de Fares El Oud. Las notas arom\u00e1ticas aportan vigor y elegancia, complementadas con el misterio de las notas ahumadas. El elemento central del coraz\u00f3n es el \u00e1mbar, que irradia lujo atemporal con su brillo dorado y c\u00e1lido. Esta capa es el coraz\u00f3n y el alma del perfume: profunda, sensual y cautivadora.<\/span><\/p>\n<p><span dir=\"auto\">La composici\u00f3n se completa con la base. Las notas amaderadas proporcionan una base s\u00f3lida, s\u00edmbolo de estabilidad. A esto se suma el noble b\u00e1lsamo de oud, una de las esencias m\u00e1s preciadas de la cultura perfum\u00edstica \u00e1rabe. El rico y profundo tono del oud confiere a la fragancia una personalidad \u00fanica y memorable, manteniendo su intensidad y atractivo durante largas horas.<\/span><\/p>\n<div class=\"brxe-block termek-single__data-block\">\n<div class=\"brxe-text-basic termek-single__data-name\"><span dir=\"auto\"><strong>Notas de salida:<\/strong> notas c<\/span><span dir=\"auto\">\u00edtricas, notas especiadas, acordes frescos.<\/span><\/div>\n<\/div>\n<div class=\"brxe-block termek-single__data-block\">\n<div class=\"brxe-text-basic termek-single__data-name\"><strong><span dir=\"auto\">Notas de coraz\u00f3n: <\/span><\/strong><span dir=\"auto\">violeta, regaliz, \u00e1mbar.<\/span><\/div>\n<\/div>\n<div class=\"brxe-block termek-single__data-block\">\n<div class=\"brxe-text-basic termek-single__data-name\"><span dir=\"auto\"><strong>Notas de fondo:<\/strong> oud, s<\/span><span dir=\"auto\">\u00e1ndalo, vetiver, haba tonka, almizcle.<\/span><\/div>\n<\/div>\n","protected":false},"excerpt":{"rendered":"<p>FARES EL OUD Es un s\u00edmbolo atemporal que representa la riqueza y profundidad de la perfumer\u00eda \u00e1rabe. Esta fragancia es<\/p>\n","protected":false},"featured_media":95454,"comment_status":"open","ping_status":"closed","template":"","meta":{"nf_dc_page":""},"product_brand":[2241],"product_cat":[84],"product_tag":[2243],"class_list":{"0":"post-95453","1":"product","2":"type-product","3":"status-publish","4":"has-post-thumbnail","6":"product_brand-al-malakia","7":"product_cat-perfumeria","8":"product_tag-2243","10":"first","11":"instock","12":"shipping-taxable","13":"purchasable","14":"product-type-simple"},"_links":{"self":[{"href":"https:\/\/brandss.com.py\/index\/wp-json\/wp\/v2\/product\/95453","targetHints":{"allow":["GET"]}}],"collection":[{"href":"https:\/\/brandss.com.py\/index\/wp-json\/wp\/v2\/product"}],"about":[{"href":"https:\/\/brandss.com.py\/index\/wp-json\/wp\/v2\/types\/product"}],"replies":[{"embeddable":true,"href":"https:\/\/brandss.com.py\/index\/wp-json\/wp\/v2\/comments?post=95453"}],"version-history":[{"count":2,"href":"https:\/\/brandss.com.py\/index\/wp-json\/wp\/v2\/product\/95453\/revisions"}],"predecessor-version":[{"id":95459,"href":"https:\/\/brandss.com.py\/index\/wp-json\/wp\/v2\/product\/95453\/revisions\/95459"}],"wp:featuredmedia":[{"embeddable":true,"href":"https:\/\/brandss.com.py\/index\/wp-json\/wp\/v2\/media\/95454"}],"wp:attachment":[{"href":"https:\/\/brandss.com.py\/index\/wp-json\/wp\/v2\/media?parent=95453"}],"wp:term":[{"taxonomy":"product_brand","embeddable":true,"href":"https:\/\/brandss.com.py\/index\/wp-json\/wp\/v2\/product_brand?post=95453"},{"taxonomy":"product_cat","embeddable":true,"href":"https:\/\/brandss.com.py\/index\/wp-json\/wp\/v2\/product_cat?post=95453"},{"taxonomy":"product_tag","embeddable":true,"href":"https:\/\/brandss.com.py\/index\/wp-json\/wp\/v2\/product_tag?post=95453"}],"curies":[{"name":"wp","href":"https:\/\/api.w.org\/{rel}","templated":true}]}}