{"id":95460,"date":"2025-12-30T12:33:37","date_gmt":"2025-12-30T12:33:37","guid":{"rendered":"https:\/\/brandss.com.py\/index\/?post_type=product&#038;p=95460"},"modified":"2026-03-26T11:18:19","modified_gmt":"2026-03-26T11:18:19","slug":"perfume-unisex-al-malakia-khaled-edp-100ml","status":"publish","type":"product","link":"https:\/\/brandss.com.py\/index\/producto\/perfume-unisex-al-malakia-khaled-edp-100ml\/","title":{"rendered":"PERFUME UNISEX AL MALAKIA KHALED EDP 100ML"},"content":{"rendered":"<p><img loading=\"lazy\" decoding=\"async\" class=\"\" src=\"https:\/\/mapleprime.com\/cdn\/shop\/collections\/Al_Malakia_2500_x_995.jpg?v=1765980197\" alt=\"Al Malakia | Maple Prime\" width=\"146\" height=\"58\" \/><\/p>\n<h1>KHALED<\/h1>\n<p>Es una fragancia que combina la elegancia moderna con la profundidad de la cultura perfum\u00edstica \u00e1rabe tradicional. El nombre &#8220;Khaled&#8221; significa eterno, atemporal, y esta fragancia transmite precisamente esa impresi\u00f3n: irradia fuerza, dignidad y sofisticada durabilidad. Con esta creaci\u00f3n, la casa Al Malakia ha creado un perfume ideal para cualquier ocasi\u00f3n, ya sea ropa informal, reuniones de negocios o eventos festivos.<img loading=\"lazy\" decoding=\"async\" class=\"alignleft\" src=\"https:\/\/samawa.ae\/cdn\/shop\/files\/2362843.webp?v=1766048184\" width=\"402\" height=\"402\" \/><\/p>\n<h3>Notas Olfativas<\/h3>\n<p><span dir=\"auto\">La composici\u00f3n presenta una salida fresca y din\u00e1mica. La vibrante intensidad de los c\u00edtricos revitaliza al instante, mientras que la dulce y jugosa ligereza de los acordes frutales aporta alegr\u00eda a la primera impresi\u00f3n del perfume. Esta dualidad capta la mirada de inmediato: moderna y din\u00e1mica a la vez.<\/span><\/p>\n<p><span dir=\"auto\">Las notas de coraz\u00f3n revelan la verdadera esencia de Khaled. La sofisticaci\u00f3n de los tonos arom\u00e1ticos sugiere elegancia y fuerza, contrastada por la pureza y delicadeza de las flores blancas. Esta capa crea una armon\u00eda especial: posee car\u00e1cter, pero a la vez posee una sensualidad ligera, casi elusiva. Las notas de coraz\u00f3n elevan la fragancia a un nivel superior, donde se refleja la individualidad moderna.<\/span><\/p>\n<p><span dir=\"auto\">Los acordes de fondo aportan al perfume su verdadera profundidad y permanencia. Las notas amaderadas le confieren un car\u00e1cter c\u00e1lido y estable, mientras que los tonos terrosos irradian fuerza y \u200b\u200bseriedad natural. La composici\u00f3n se completa con un final dulce, que aporta sensualidad y elegante suavidad a las notas finales de larga duraci\u00f3n. Esta dulce base amaderada garantiza que Khaled no solo conmueva, sino que tambi\u00e9n acompa\u00f1e a quien la lleva durante largas horas.<\/span><\/p>\n<p><span dir=\"auto\">Khaled es la opci\u00f3n ideal para quienes son seguros de s\u00ed mismo que buscan un aroma fresco, elegante y duradero. Este aroma no es intrusivo, pero deja huella; no es estridente, pero impone autoridad.<\/span><\/p>\n<div class=\"brxe-block termek-single__data-block\">\n<div class=\"brxe-text-basic termek-single__data-name\"><strong><span dir=\"auto\">Notas de salida: <\/span><\/strong><span dir=\"auto\">lavand\u00edn, notas c\u00edtricas.<\/span><\/div>\n<\/div>\n<div class=\"brxe-block termek-single__data-block\">\n<div class=\"brxe-text-basic termek-single__data-name\"><span dir=\"auto\"><strong>Notas de coraz\u00f3n:<\/strong> <\/span><span dir=\"auto\">vainilla cremosa, lim\u00f3n italiano.<\/span><\/div>\n<\/div>\n<div class=\"brxe-block termek-single__data-block\">\n<div class=\"brxe-text-basic termek-single__data-name\"><strong><span dir=\"auto\">Notas dde fondo: <\/span><\/strong><span dir=\"auto\">s\u00e1ndalo, \u00e1mbar, vetiver<\/span><\/div>\n<\/div>\n","protected":false},"excerpt":{"rendered":"<p>KHALED Es una fragancia que combina la elegancia moderna con la profundidad de la cultura perfum\u00edstica \u00e1rabe tradicional. El nombre<\/p>\n","protected":false},"featured_media":95461,"comment_status":"open","ping_status":"closed","template":"","meta":{"nf_dc_page":""},"product_brand":[2241],"product_cat":[84],"product_tag":[2244],"class_list":{"0":"post-95460","1":"product","2":"type-product","3":"status-publish","4":"has-post-thumbnail","6":"product_brand-al-malakia","7":"product_cat-perfumeria","8":"product_tag-2244","10":"first","11":"instock","12":"shipping-taxable","13":"purchasable","14":"product-type-simple"},"_links":{"self":[{"href":"https:\/\/brandss.com.py\/index\/wp-json\/wp\/v2\/product\/95460","targetHints":{"allow":["GET"]}}],"collection":[{"href":"https:\/\/brandss.com.py\/index\/wp-json\/wp\/v2\/product"}],"about":[{"href":"https:\/\/brandss.com.py\/index\/wp-json\/wp\/v2\/types\/product"}],"replies":[{"embeddable":true,"href":"https:\/\/brandss.com.py\/index\/wp-json\/wp\/v2\/comments?post=95460"}],"version-history":[{"count":3,"href":"https:\/\/brandss.com.py\/index\/wp-json\/wp\/v2\/product\/95460\/revisions"}],"predecessor-version":[{"id":95467,"href":"https:\/\/brandss.com.py\/index\/wp-json\/wp\/v2\/product\/95460\/revisions\/95467"}],"wp:featuredmedia":[{"embeddable":true,"href":"https:\/\/brandss.com.py\/index\/wp-json\/wp\/v2\/media\/95461"}],"wp:attachment":[{"href":"https:\/\/brandss.com.py\/index\/wp-json\/wp\/v2\/media?parent=95460"}],"wp:term":[{"taxonomy":"product_brand","embeddable":true,"href":"https:\/\/brandss.com.py\/index\/wp-json\/wp\/v2\/product_brand?post=95460"},{"taxonomy":"product_cat","embeddable":true,"href":"https:\/\/brandss.com.py\/index\/wp-json\/wp\/v2\/product_cat?post=95460"},{"taxonomy":"product_tag","embeddable":true,"href":"https:\/\/brandss.com.py\/index\/wp-json\/wp\/v2\/product_tag?post=95460"}],"curies":[{"name":"wp","href":"https:\/\/api.w.org\/{rel}","templated":true}]}}