{"id":95492,"date":"2025-12-30T18:17:53","date_gmt":"2025-12-30T18:17:53","guid":{"rendered":"https:\/\/brandss.com.py\/index\/?post_type=product&#038;p=95492"},"modified":"2025-12-30T18:21:00","modified_gmt":"2025-12-30T18:21:00","slug":"perfume-unisex-al-malakia-mystery-of-sensation-edp-100ml","status":"publish","type":"product","link":"https:\/\/brandss.com.py\/index\/producto\/perfume-unisex-al-malakia-mystery-of-sensation-edp-100ml\/","title":{"rendered":"PERFUME UNISEX AL MALAKIA MYSTERY OF SENSATION EDP 100ML"},"content":{"rendered":"<p><img loading=\"lazy\" decoding=\"async\" class=\"\" src=\"https:\/\/mapleprime.com\/cdn\/shop\/collections\/Al_Malakia_2500_x_995.jpg?v=1765980197\" alt=\"Al Malakia | Maple Prime\" width=\"161\" height=\"64\" \/><\/p>\n<h1>MYSTERY OF SENSATION<\/h1>\n<p><strong><em><span dir=\"auto\">Un encanto oscuro velado de elegancia<\/span><\/em><\/strong><\/p>\n<p>Es una de las fragancias m\u00e1s delicadas y distintivas de la singular marca marroqu\u00ed de perfumes Al Malakia, est\u00e1 creada para quienes aman confiar en sus sentidos y para quienes la fragancia es una de las formas m\u00e1s importantes de expresi\u00f3n personal. Este perfume combina la suavidad con notas potentes y elegantes, lo que lo convierte en la opci\u00f3n perfecta para la sofisticaci\u00f3n diaria y los momentos especiales de la noche.<img loading=\"lazy\" decoding=\"async\" class=\"alignleft\" src=\"https:\/\/dkolopwjqarcp.cloudfront.net\/Custom\/Content\/Products\/40\/36\/40369_perfume-al-malakia-mystery-of-sensation-eau-de-parfum_l2_638920681770357559.webp\" width=\"560\" height=\"560\" \/><\/p>\n<p>Mystery of Sensation es para quienes disfrutan creando magia sofisticada a su alrededor. El Eau de Parfum, con su apariencia exclusiva y composici\u00f3n \u00fanica, es un complemento ideal para cualquier ocasi\u00f3n: un aroma que no solo se siente, sino que tambi\u00e9n es memorable.<\/p>\n<h3>Notas Olfativas<\/h3>\n<p><span dir=\"auto\">La nota de salida revela inmediatamente un acorde de frutos secos que ofrece un efecto aterciopelado y ligeramente gourmand, creando una salida exclusiva y moderna. A esto se suman notas afrutadas dulces que llenan los primeros instantes de la fragancia de una energ\u00eda alegre. Los c\u00edtricos refrescantes completan a la perfecci\u00f3n esta composici\u00f3n, aportando un tono brillante y vivaz que refresca los sentidos y te introduce suavemente en las capas m\u00e1s profundas de la fragancia.<\/span><\/p>\n<p><span dir=\"auto\">El coraz\u00f3n de Mystery of Sensation despliega las notas polvorientas que crean un efecto delicado, suave, casi sedoso, que impregna el coraz\u00f3n de la fragancia con una delicada elegancia. La pureza y el romanticismo de las flores blancas irradian un encanto atemporal, a la vez que se fusionan armoniosamente con los tonos polvorientos, creando un coraz\u00f3n floral verdaderamente cautivador y sofisticado.<\/span><\/p>\n<p><span dir=\"auto\">Las notas de fondo proporcionan un final profundo, duradero y sensual. El car\u00e1cter natural y c\u00e1lido de las notas amaderadas proporciona una base estable que perdura en la piel durante mucho tiempo. Esto se acompa\u00f1a de acordes dulces y seductores que envuelven sutilmente la composici\u00f3n. Las notas bals\u00e1micas y resinosas a\u00f1aden un toque de lujo oriental, con un final rico, profundo y verdaderamente femenino. Esta combinaci\u00f3n hace que Mystery of Sensation sea inolvidable: moderna, elegante, sensual y misteriosa a la vez.<\/span><\/p>\n<div class=\"brxe-block termek-single__data-block\">\n<div class=\"brxe-text-basic termek-single__data-name\"><strong><span dir=\"auto\">Nota de salida: <\/span><\/strong><span dir=\"auto\">notas frutales, acorde de nuez, c\u00edtricos.<\/span><\/div>\n<\/div>\n<div class=\"brxe-block termek-single__data-block\">\n<div class=\"brxe-text-basic termek-single__data-name\"><span dir=\"auto\"><strong>Nota de coraz\u00f3n:<\/strong> <\/span><span dir=\"auto\">notas polvorientas, flores blancas.<\/span><\/div>\n<\/div>\n<div class=\"brxe-block termek-single__data-block\">\n<div class=\"brxe-text-basic termek-single__data-name\"><strong><span dir=\"auto\">Notas de fondo: <\/span><\/strong><span dir=\"auto\">notas amaderadas, acordes bals\u00e1micos.<\/span><\/div>\n<\/div>\n","protected":false},"excerpt":{"rendered":"<p>MYSTERY OF SENSATION Un encanto oscuro velado de elegancia Es una de las fragancias m\u00e1s delicadas y distintivas de la<\/p>\n","protected":false},"featured_media":95493,"comment_status":"open","ping_status":"closed","template":"","meta":{"nf_dc_page":""},"product_brand":[2241],"product_cat":[84],"product_tag":[2249],"class_list":{"0":"post-95492","1":"product","2":"type-product","3":"status-publish","4":"has-post-thumbnail","6":"product_brand-al-malakia","7":"product_cat-perfumeria","8":"product_tag-2249","10":"first","11":"instock","12":"shipping-taxable","13":"purchasable","14":"product-type-simple"},"_links":{"self":[{"href":"https:\/\/brandss.com.py\/index\/wp-json\/wp\/v2\/product\/95492","targetHints":{"allow":["GET"]}}],"collection":[{"href":"https:\/\/brandss.com.py\/index\/wp-json\/wp\/v2\/product"}],"about":[{"href":"https:\/\/brandss.com.py\/index\/wp-json\/wp\/v2\/types\/product"}],"replies":[{"embeddable":true,"href":"https:\/\/brandss.com.py\/index\/wp-json\/wp\/v2\/comments?post=95492"}],"version-history":[{"count":1,"href":"https:\/\/brandss.com.py\/index\/wp-json\/wp\/v2\/product\/95492\/revisions"}],"predecessor-version":[{"id":95497,"href":"https:\/\/brandss.com.py\/index\/wp-json\/wp\/v2\/product\/95492\/revisions\/95497"}],"wp:featuredmedia":[{"embeddable":true,"href":"https:\/\/brandss.com.py\/index\/wp-json\/wp\/v2\/media\/95493"}],"wp:attachment":[{"href":"https:\/\/brandss.com.py\/index\/wp-json\/wp\/v2\/media?parent=95492"}],"wp:term":[{"taxonomy":"product_brand","embeddable":true,"href":"https:\/\/brandss.com.py\/index\/wp-json\/wp\/v2\/product_brand?post=95492"},{"taxonomy":"product_cat","embeddable":true,"href":"https:\/\/brandss.com.py\/index\/wp-json\/wp\/v2\/product_cat?post=95492"},{"taxonomy":"product_tag","embeddable":true,"href":"https:\/\/brandss.com.py\/index\/wp-json\/wp\/v2\/product_tag?post=95492"}],"curies":[{"name":"wp","href":"https:\/\/api.w.org\/{rel}","templated":true}]}}