{"id":95504,"date":"2025-12-31T11:27:36","date_gmt":"2025-12-31T11:27:36","guid":{"rendered":"https:\/\/brandss.com.py\/index\/?post_type=product&#038;p=95504"},"modified":"2025-12-31T11:29:50","modified_gmt":"2025-12-31T11:29:50","slug":"perfume-unisex-al-malakia-sultana-el-hob-edp-100ml","status":"publish","type":"product","link":"https:\/\/brandss.com.py\/index\/producto\/perfume-unisex-al-malakia-sultana-el-hob-edp-100ml\/","title":{"rendered":"PERFUME UNISEX AL MALAKIA SULTANA EL HOB EDP 100ML"},"content":{"rendered":"<p><img loading=\"lazy\" decoding=\"async\" class=\"\" src=\"https:\/\/mapleprime.com\/cdn\/shop\/collections\/Al_Malakia_2500_x_995.jpg?v=1765980197\" alt=\"Al Malakia | Maple Prime\" width=\"189\" height=\"75\" \/><\/p>\n<h1>SULTANA EL HOB<\/h1>\n<p><strong><em><span dir=\"auto\">Una fragancia digna de la realeza, envuelta en elegancia y encanto<\/span><\/em><\/strong><\/p>\n<p>Ad\u00e9ntrate en un mundo de elegancia y encanto con Sultana El Hob, es una fragancia unisex de car\u00e1cter oriental floral dulce, inspirada en el amor majestuoso y la feminidad poderosa, equilibrada con una base c\u00e1lida y envolvente que tambi\u00e9n seduce en piel masculina. Es un perfume intenso, sofisticado y muy sensual, ideal para quienes buscan dejar huella.<img loading=\"lazy\" decoding=\"async\" class=\"size-medium wp-image-95505 alignleft\" src=\"https:\/\/brandss.com.py\/index\/wp-content\/uploads\/2025\/12\/a-743-300x300.png\" alt=\"\" width=\"300\" height=\"300\" srcset=\"https:\/\/brandss.com.py\/index\/wp-content\/uploads\/2025\/12\/a-743-300x300.png 300w, https:\/\/brandss.com.py\/index\/wp-content\/uploads\/2025\/12\/a-743-800x800.png 800w, https:\/\/brandss.com.py\/index\/wp-content\/uploads\/2025\/12\/a-743-150x150.png 150w, https:\/\/brandss.com.py\/index\/wp-content\/uploads\/2025\/12\/a-743-768x768.png 768w, https:\/\/brandss.com.py\/index\/wp-content\/uploads\/2025\/12\/a-743-430x430.png 430w, https:\/\/brandss.com.py\/index\/wp-content\/uploads\/2025\/12\/a-743-700x700.png 700w, https:\/\/brandss.com.py\/index\/wp-content\/uploads\/2025\/12\/a-743.png 1024w\" sizes=\"auto, (max-width: 300px) 100vw, 300px\" \/><\/p>\n<p>Un perfume que transmite realeza, amor y sofisticaci\u00f3n, con un frasco que refleja perfectamente su esencia lujosa.<\/p>\n<p>&nbsp;<\/p>\n<h3>Notas Olfativas<\/h3>\n<p>&nbsp;<\/p>\n<p>Sultana El Hob combina intensidad y lujo en una presentaci\u00f3n refinada. <span dir=\"auto\">Envasado en una botella alta adornada con intrincados motivos de cobre y suaves toques lila, <\/span><span dir=\"auto\">Sultana el hob<\/span><span dir=\"auto\"> evoca un aura majestuosa con un comienzo arom\u00e1tico fresco, inicia con notas arom\u00e1ticas y especiadas que revitalizan los sentidos, <\/span><span dir=\"auto\">un coraz\u00f3n afrutado y c\u00edtrico aporta frescura y elegancia en un equilibrio perfecto con la relajante lavanda y una sensaci\u00f3n fresca y limpia. Su c\u00e1lido fondo de un sensual \u00e1mbar y especias proporciona un final impactante y duradero.<\/span><\/p>\n<p><strong>Notas de salida:<\/strong> notas arom\u00e1ticas, amaderadas, frescas, especiadas.<br \/>\n<strong>Notas de coraz\u00f3n:<\/strong> afrutado, c\u00edtrico, lavanda.<br \/>\n<strong>Notas de fondo:<\/strong> \u00e1mbar, notas especiadas, notas verde.<\/p>\n","protected":false},"excerpt":{"rendered":"<p>SULTANA EL HOB Una fragancia digna de la realeza, envuelta en elegancia y encanto Ad\u00e9ntrate en un mundo de elegancia<\/p>\n","protected":false},"featured_media":95506,"comment_status":"open","ping_status":"closed","template":"","meta":{"nf_dc_page":""},"product_brand":[2241],"product_cat":[84],"product_tag":[2251],"class_list":{"0":"post-95504","1":"product","2":"type-product","3":"status-publish","4":"has-post-thumbnail","6":"product_brand-al-malakia","7":"product_cat-perfumeria","8":"product_tag-2251","10":"first","11":"instock","12":"shipping-taxable","13":"purchasable","14":"product-type-simple"},"_links":{"self":[{"href":"https:\/\/brandss.com.py\/index\/wp-json\/wp\/v2\/product\/95504","targetHints":{"allow":["GET"]}}],"collection":[{"href":"https:\/\/brandss.com.py\/index\/wp-json\/wp\/v2\/product"}],"about":[{"href":"https:\/\/brandss.com.py\/index\/wp-json\/wp\/v2\/types\/product"}],"replies":[{"embeddable":true,"href":"https:\/\/brandss.com.py\/index\/wp-json\/wp\/v2\/comments?post=95504"}],"version-history":[{"count":1,"href":"https:\/\/brandss.com.py\/index\/wp-json\/wp\/v2\/product\/95504\/revisions"}],"predecessor-version":[{"id":95510,"href":"https:\/\/brandss.com.py\/index\/wp-json\/wp\/v2\/product\/95504\/revisions\/95510"}],"wp:featuredmedia":[{"embeddable":true,"href":"https:\/\/brandss.com.py\/index\/wp-json\/wp\/v2\/media\/95506"}],"wp:attachment":[{"href":"https:\/\/brandss.com.py\/index\/wp-json\/wp\/v2\/media?parent=95504"}],"wp:term":[{"taxonomy":"product_brand","embeddable":true,"href":"https:\/\/brandss.com.py\/index\/wp-json\/wp\/v2\/product_brand?post=95504"},{"taxonomy":"product_cat","embeddable":true,"href":"https:\/\/brandss.com.py\/index\/wp-json\/wp\/v2\/product_cat?post=95504"},{"taxonomy":"product_tag","embeddable":true,"href":"https:\/\/brandss.com.py\/index\/wp-json\/wp\/v2\/product_tag?post=95504"}],"curies":[{"name":"wp","href":"https:\/\/api.w.org\/{rel}","templated":true}]}}