{"id":95523,"date":"2025-12-31T13:34:54","date_gmt":"2025-12-31T13:34:54","guid":{"rendered":"https:\/\/brandss.com.py\/index\/?post_type=product&#038;p=95523"},"modified":"2025-12-31T14:34:36","modified_gmt":"2025-12-31T14:34:36","slug":"perfume-unisex-hamidi-addicted-silver-parfum-120ml","status":"publish","type":"product","link":"https:\/\/brandss.com.py\/index\/producto\/perfume-unisex-hamidi-addicted-silver-parfum-120ml\/","title":{"rendered":"PERFUME UNISEX HAMIDI ADDICTED SILVER PARFUM 120ML"},"content":{"rendered":"<p><img loading=\"lazy\" decoding=\"async\" class=\"\" src=\"https:\/\/orientaldream.b-cdn.net\/img\/m\/51.jpg\" alt=\"Hamidi Autograph EDP 85ml\" width=\"127\" height=\"51\" \/><\/p>\n<h1>ADDICTED SILVER<\/h1>\n<p>Sum\u00e9rgete en un mundo de elegancia con esta fragancia, donde cada rociado te transporta a un reino de belleza y refinamiento atemporales. Descubre la esencia de la sofisticaci\u00f3n con Hamidi Addicted Silver Parfum, un perfume unisex que redefine el concepto de elegancia y atracci\u00f3n. Sum\u00e9rgete en un mundo de lujo y modernidad con Addicted Silver Parfum, este perfume es la elecci\u00f3n perfecta para quienes desean dejar una huella inolvidable. Su envolvente aroma y su dise\u00f1o sofisticado te acompa\u00f1ar\u00e1n en cada momento especial de tu d\u00eda a d\u00eda.<\/p>\n<p>Atr\u00e9vete a ser diferente. Addicted Silver Parfum \u00a0es la fragancia que te mereces, dise\u00f1ada para quienes valoran la calidad y la originalidad. \u00a1Haz de cada d\u00eda una celebraci\u00f3n con este aroma cautivante y despierta la adicci\u00f3n de quienes se crucen en tu camino! <img loading=\"lazy\" decoding=\"async\" class=\"alignleft\" src=\"https:\/\/m.media-amazon.com\/images\/I\/51sUmCIKA3L._SL1080_.jpg\" width=\"467\" height=\"467\" \/><\/p>\n<p>Ordena el tuyo hoy y sum\u00e9rgete en un mundo de fragancias irresistibles.<\/p>\n<p>&nbsp;<\/p>\n<h3>Notas Olfativas<\/h3>\n<p>&nbsp;<\/p>\n<div>\n<p><span dir=\"auto\">Addicted Silver se abre con una explosi\u00f3n de c\u00edtricos de bergamota, lim\u00f3n, lima y la sutil especia del jengibre, complementados con la dulzura afrutada de la grosella negra y la frescura de las hojas de violeta. <\/span><\/p>\n<p><span dir=\"auto\">A medida que la fragancia evoluciona, emergen delicadas notas florales de jazm\u00edn, iris y rosa, infundiendo la fragancia con una sensaci\u00f3n de feminidad y gracia. Finalmente, las c\u00e1lidas y amaderadas notas de fondo de s\u00e1ndalo y cedro se fusionan a la perfecci\u00f3n con la suavidad del almizcle y el ambroxan, creando un final rico y sofisticado que perdura en la piel.<\/span><\/p>\n<\/div>\n<ul>\n<li><strong><span dir=\"auto\">Notas de salida:<\/span><\/strong><span dir=\"auto\">\u00a0bergamota, lim\u00f3n, lima, jengibre, grosella negra, hojas de violeta.<\/span><\/li>\n<li><strong><span dir=\"auto\">Notas de coraz\u00f3n:<\/span><\/strong><span dir=\"auto\"> jazm\u00edn, iris, rosa.<\/span><\/li>\n<li><strong><span dir=\"auto\">Notas de fondo:<\/span><\/strong><span dir=\"auto\"> s\u00e1ndalo, madera de cedro, almizcle, ambroxan.<\/span><\/li>\n<\/ul>\n","protected":false},"excerpt":{"rendered":"<p>ADDICTED SILVER Sum\u00e9rgete en un mundo de elegancia con esta fragancia, donde cada rociado te transporta a un reino de<\/p>\n","protected":false},"featured_media":95524,"comment_status":"open","ping_status":"closed","template":"","meta":{"nf_dc_page":""},"product_brand":[2254],"product_cat":[84],"product_tag":[2255],"class_list":{"0":"post-95523","1":"product","2":"type-product","3":"status-publish","4":"has-post-thumbnail","6":"product_brand-hamidi","7":"product_cat-perfumeria","8":"product_tag-2255","10":"first","11":"instock","12":"shipping-taxable","13":"purchasable","14":"product-type-simple"},"_links":{"self":[{"href":"https:\/\/brandss.com.py\/index\/wp-json\/wp\/v2\/product\/95523","targetHints":{"allow":["GET"]}}],"collection":[{"href":"https:\/\/brandss.com.py\/index\/wp-json\/wp\/v2\/product"}],"about":[{"href":"https:\/\/brandss.com.py\/index\/wp-json\/wp\/v2\/types\/product"}],"replies":[{"embeddable":true,"href":"https:\/\/brandss.com.py\/index\/wp-json\/wp\/v2\/comments?post=95523"}],"version-history":[{"count":1,"href":"https:\/\/brandss.com.py\/index\/wp-json\/wp\/v2\/product\/95523\/revisions"}],"predecessor-version":[{"id":95529,"href":"https:\/\/brandss.com.py\/index\/wp-json\/wp\/v2\/product\/95523\/revisions\/95529"}],"wp:featuredmedia":[{"embeddable":true,"href":"https:\/\/brandss.com.py\/index\/wp-json\/wp\/v2\/media\/95524"}],"wp:attachment":[{"href":"https:\/\/brandss.com.py\/index\/wp-json\/wp\/v2\/media?parent=95523"}],"wp:term":[{"taxonomy":"product_brand","embeddable":true,"href":"https:\/\/brandss.com.py\/index\/wp-json\/wp\/v2\/product_brand?post=95523"},{"taxonomy":"product_cat","embeddable":true,"href":"https:\/\/brandss.com.py\/index\/wp-json\/wp\/v2\/product_cat?post=95523"},{"taxonomy":"product_tag","embeddable":true,"href":"https:\/\/brandss.com.py\/index\/wp-json\/wp\/v2\/product_tag?post=95523"}],"curies":[{"name":"wp","href":"https:\/\/api.w.org\/{rel}","templated":true}]}}