{"id":95769,"date":"2026-01-07T18:40:09","date_gmt":"2026-01-07T18:40:09","guid":{"rendered":"https:\/\/brandss.com.py\/index\/?post_type=product&#038;p=95769"},"modified":"2026-03-13T16:22:23","modified_gmt":"2026-03-13T16:22:23","slug":"tablet-xiaomi-redmi-pad-2-pro-8-256gb-12-1%e2%80%b3-wi-fi-silver","status":"publish","type":"product","link":"https:\/\/brandss.com.py\/index\/producto\/tablet-xiaomi-redmi-pad-2-pro-8-256gb-12-1%e2%80%b3-wi-fi-silver\/","title":{"rendered":"TABLET XIAOMI REDMI PAD 2 PRO 8\/256GB 12.1\u2033 WI-FI SILVER"},"content":{"rendered":"<p><img loading=\"lazy\" decoding=\"async\" class=\"\" src=\"https:\/\/images.seeklogo.com\/logo-png\/40\/2\/xiaomi-new-2021-logo-png_seeklogo-400999.png\" alt=\"Xiaomi Logo PNG Vectors Free Download\" width=\"78\" height=\"78\" \/><\/p>\n<h1>REDMI PAD 2 PRO<\/h1>\n<p>El Redmi Pad 2 Pro combina rendimiento y fluidez con su pantalla LCD IPS de 120 Hz, lo que garantiza im\u00e1genes fluidas y colores vibrantes. Equipado con procesador Snapdragon, ofrece eficiencia en la multitarea y un gran rendimiento en aplicaciones y juegos. Su c\u00e1mara principal de 8 MP graba en 1080p, ideal para fotos y videoconferencias con buena calidad. La bater\u00eda de larga duraci\u00f3n proporciona horas de uso continuo, lo que la hace perfecta para el estudio, el trabajo y el entretenimiento.<\/p>\n<div class=\"row\"><\/div>\n<div class=\"row\">\n<div class=\"col-sm-12 text-center\">\n<div id=\"modalBody\" class=\"modal-body\">\n<div class=\"specifications-container\">\n<div class=\"specification-item\">\n<div class=\"spec-value\">\n<div class=\"section div2 lazy\" role=\"\" data-type=\"bg\" data-id=\"ym0982d83y\" data-background-image=\"\" data-fetch-priority=\"high\" data-loaded=\"true\"><img decoding=\"async\" class=\"xm-img\" src=\"https:\/\/i02.appmifile.com\/mi-com-product\/fly-birds\/redmi-pad-2-pro\/pc\/852a711d074332810b7ac75e87121ab6.jpg\" alt=\"\" data-productname=\"\" data-id=\"4ehyclurpp\" data-key=\"\" \/><\/p>\n<div class=\"div4\"><img decoding=\"async\" class=\"xm-img lazy\" src=\"https:\/\/i02.appmifile.com\/mi-com-product\/fly-birds\/redmi-pad-2-pro\/pc\/b2e5bd39a9de3cb6e2b1fafbc41c5295.png\" alt=\"\" data-productname=\"\" data-id=\"ktoziuxc3v\" data-key=\"\" data-src=\"https:\/\/i02.appmifile.com\/mi-com-product\/fly-birds\/redmi-pad-2-pro\/pc\/b2e5bd39a9de3cb6e2b1fafbc41c5295.png\" data-loaded=\"true\" \/><\/p>\n<div class=\"div5\"><\/div>\n<div class=\"div7\"><span class=\"xm-text split_text13734 f-medium\" data-key=\"slogan_1\" data-type=\"text\" data-id=\"aorn1aqcot\">Gran pantalla, gran diversi\u00f3n<\/span><\/div>\n<\/div>\n<\/div>\n<div class=\"section div9 lazy\" role=\"\" data-type=\"bg\" data-id=\"jandvugeu3\" data-background-image=\"\" data-loaded=\"true\">\n<div class=\"div11\">\n<div class=\"div12\">\n<div class=\"div13\">\n<div style=\"width: 257px\" class=\"wp-caption alignleft\"><img loading=\"lazy\" decoding=\"async\" class=\"xm-img lazy\" src=\"https:\/\/i02.appmifile.com\/mi-com-product\/fly-birds\/redmi-pad-2-pro\/pc\/redmintppc_1.jpg\" alt=\"\" width=\"247\" height=\"200\" data-productname=\"\" data-id=\"4db677q10s\" data-key=\"\" data-src=\"https:\/\/i02.appmifile.com\/mi-com-product\/fly-birds\/redmi-pad-2-pro\/pc\/redmintppc_1.jpg\" data-loaded=\"true\" \/><p class=\"wp-caption-text\">Pantalla crystal-clear de 12,1&#8243; con resoluci\u00f3n de 2,5K1 Im\u00e1genes fluidas con una frecuencia de actualizaci\u00f3n de hasta 120\u00a0Hz2<\/p><\/div>\n<div class=\"div18\"><\/div>\n<\/div>\n<div class=\"div21\">\n<div style=\"width: 255px\" class=\"wp-caption alignleft\"><img loading=\"lazy\" decoding=\"async\" class=\"xm-img lazy\" src=\"https:\/\/i02.appmifile.com\/mi-com-product\/fly-birds\/redmi-pad-2-pro\/pc\/redmintppc_2.jpg\" alt=\"\" width=\"245\" height=\"198\" data-productname=\"\" data-id=\"vok4x5t321\" data-key=\"\" data-src=\"https:\/\/i02.appmifile.com\/mi-com-product\/fly-birds\/redmi-pad-2-pro\/pc\/redmintppc_2.jpg\" data-loaded=\"true\" \/><p class=\"wp-caption-text\">Bater\u00eda de gran capacidad de 12 000 mAh (typ) Compatible con carga inversa de hasta 27\u00a0W con cable3<\/p><\/div>\n<div class=\"div24\"><\/div>\n<\/div>\n<\/div>\n<div class=\"div27\">\n<div class=\"div28\">\n<div style=\"width: 264px\" class=\"wp-caption alignleft\"><img loading=\"lazy\" decoding=\"async\" class=\"xm-img lazy\" src=\"https:\/\/i02.appmifile.com\/mi-com-product\/fly-birds\/redmi-pad-2-pro\/pc\/2c12c20aa73639fb315c560982ea1917.png\" alt=\"\" width=\"254\" height=\"206\" data-productname=\"\" data-id=\"nm5v4ml6ab\" data-key=\"\" data-src=\"https:\/\/i02.appmifile.com\/mi-com-product\/fly-birds\/redmi-pad-2-pro\/pc\/2c12c20aa73639fb315c560982ea1917.png\" data-loaded=\"true\" \/><p class=\"wp-caption-text\">Procesador avanzado de 4\u00a0nm Plataforma m\u00f3vil Snapdragon\u00ae 7s Gen 4<\/p><\/div>\n<div class=\"div30\">\n<div class=\"div32\"><\/div>\n<\/div>\n<\/div>\n<div class=\"div33\">\n<div style=\"width: 850px\" class=\"wp-caption alignnone\"><img loading=\"lazy\" decoding=\"async\" class=\"xm-img lazy\" src=\"https:\/\/i02.appmifile.com\/mi-com-product\/fly-birds\/redmi-pad-2-pro\/pc\/36f61c55d97d1c73430377ce197358e5.png\" alt=\"\" width=\"840\" height=\"680\" data-productname=\"\" data-id=\"3wqrlcevdl\" data-key=\"\" data-src=\"https:\/\/i02.appmifile.com\/mi-com-product\/fly-birds\/redmi-pad-2-pro\/pc\/36f61c55d97d1c73430377ce197358e5.png\" data-loaded=\"true\" \/><p class=\"wp-caption-text\">Interconectividad constante Impulsado por Xiaomi HyperOS4 1. El tama\u00f1o de la pantalla de la REDMI Pad 2 Pro es de unas 12,1\u00a0pulgadas cuando se mide en diagonal. El \u00e1rea de visualizaci\u00f3n es m\u00e1s peque\u00f1a debido a las esquinas curvadas. Las medidas entre productos individuales pueden variar. 2. La frecuencia de actualizaci\u00f3n se puede ajustar hasta 120\u00a0Hz para aplicaciones y juegos compatibles. Consulta la experiencia real. 3. Admite una carga inversa por cable de hasta 27\u00a0W; datos verificados por los laboratorios internos de Xiaomi. El rendimiento real puede variar en funci\u00f3n del estado de la bater\u00eda y otros factores. Al usar esta funci\u00f3n, aseg\u00farate de que tu Pad tenga suficiente bater\u00eda y verifica que el dispositivo receptor sea compatible. 4. La disponibilidad de las funciones, las aplicaciones y los servicios de Xiaomi HyperOS puede variar en funci\u00f3n de la versi\u00f3n de software y el modelo del producto. *Consulta a tu vendedor local la disponibilidad del adaptador de corriente incluido en la caja.<\/p><\/div>\n<\/div>\n<\/div>\n<\/div>\n<div class=\"div39\">\n<div class=\"div44\"><\/div>\n<\/div>\n<\/div>\n<div class=\"section div45 lazy\" role=\"\" data-type=\"bg\" data-id=\"amq82d8khp\" data-background-image=\"\" data-loaded=\"true\"><\/div>\n<div class=\"section div48 lazy\" role=\"\" data-type=\"bg\" data-id=\"7ndqg0pndc\" data-background-image=\"\" data-loaded=\"true\">\n<div style=\"width: 261px\" class=\"wp-caption alignleft\"><img loading=\"lazy\" decoding=\"async\" class=\"xm-img lazy\" src=\"https:\/\/i02.appmifile.com\/mi-com-product\/fly-birds\/redmi-pad-2-pro\/pc\/d973949c5bce298e07ca6041ba2abe10.jpg\" alt=\"\" width=\"251\" height=\"186\" data-productname=\"\" data-id=\"cok48uvlqd\" data-key=\"\" data-src=\"https:\/\/i02.appmifile.com\/mi-com-product\/fly-birds\/redmi-pad-2-pro\/pc\/d973949c5bce298e07ca6041ba2abe10.jpg\" data-loaded=\"true\" \/><p class=\"wp-caption-text\">Pantalla flagship dise\u00f1ada para el entretenimiento Pantalla crystal-clear de 12,1&#8243; con resoluci\u00f3n de 2,5K La REDMI Pad 2 Pro incorpora una pantalla de 12,1 pulgadas con resoluci\u00f3n 2,5K que ofrece detalles precisos e im\u00e1genes vivas y realistas, con compatibilidad para m\u00e1s de 1,07\u00a0mil millones de colores.1 12,1 Gran pantalla 2,5K Calidad de alta definici\u00f3n T\u00e1ctil con agua tecnolog\u00eda 600\u00a0nits<\/p><\/div>\n<div class=\"div49\"><\/div>\n<div class=\"div55\">\n<div class=\"div65\">\n<div class=\"div66\"><\/div>\n<\/div>\n<\/div>\n<div class=\"div68\"><\/div>\n<\/div>\n<div class=\"section div69 lazy\" role=\"\" data-type=\"bg\" data-id=\"sqk9n8hmxk\" data-background-image=\"\" data-loaded=\"true\">\n<div style=\"width: 262px\" class=\"wp-caption alignleft\"><img loading=\"lazy\" decoding=\"async\" class=\"xm-img lazy\" src=\"https:\/\/i02.appmifile.com\/mi-com-product\/fly-birds\/redmi-pad-2-pro\/pc\/1576f72ef46ec72b65b54b7ea03e53be.jpg\" alt=\"\" width=\"252\" height=\"198\" data-productname=\"\" data-id=\"m2ruu1bcac\" data-key=\"\" data-src=\"https:\/\/i02.appmifile.com\/mi-com-product\/fly-birds\/redmi-pad-2-pro\/pc\/1576f72ef46ec72b65b54b7ea03e53be.jpg\" data-loaded=\"true\" \/><p class=\"wp-caption-text\">Modo de alto brillo 1. El tama\u00f1o de la pantalla de la REDMI Pad 2 Pro es de unas 12,1\u00a0pulgadas cuando se mide en diagonal. El \u00e1rea de visualizaci\u00f3n es m\u00e1s peque\u00f1a debido a las esquinas curvadas. Las medidas entre productos individuales pueden variar. Im\u00e1genes fluidas con una frecuencia de actualizaci\u00f3n de hasta 120\u00a0Hz La REDMI Pad 2 Pro cuenta con una frecuencia de actualizaci\u00f3n adaptativa de 120\u00a0Hz, que ofrece una experiencia visual excepcionalmente fluida y fiable.2 2. La frecuencia de actualizaci\u00f3n se puede ajustar hasta 120\u00a0Hz para aplicaciones y juegos compatibles. Consulta la experiencia real.<\/p><\/div>\n<div class=\"div75\"><\/div>\n<\/div>\n<div class=\"section div76 lazy\" role=\"\" data-type=\"bg\" data-id=\"hez7tjjq36\" data-background-image=\"\" data-loaded=\"true\">\n<div style=\"width: 268px\" class=\"wp-caption alignleft\"><img loading=\"lazy\" decoding=\"async\" class=\"xm-img lazy\" src=\"https:\/\/i02.appmifile.com\/mi-com-product\/fly-birds\/redmi-pad-2-pro\/pc\/redmintppc_3.jpg\" alt=\"\" width=\"258\" height=\"150\" data-productname=\"\" data-id=\"v8ubbw5x5b\" data-key=\"\" data-src=\"https:\/\/i02.appmifile.com\/mi-com-product\/fly-birds\/redmi-pad-2-pro\/pc\/redmintppc_3.jpg\" data-loaded=\"true\" \/><p class=\"wp-caption-text\">Pantalla con certificaci\u00f3n de cuidado visual REDMI Pad 2 Pro ofrece comodidad visual durante todo el d\u00eda, reduciendo la fatiga y el cansancio ocular. Certificaci\u00f3n de luz azul reducida (soluci\u00f3n de hardware) de T\u00dcV Rheinland Certificaci\u00f3n de tecnolog\u00eda sin parpadeos de T\u00dcV Rheinland Certificaci\u00f3n de compatibilidad con ritmos circadianos de T\u00dcV Rheinland<\/p><\/div>\n<div class=\"div78\"><\/div>\n<div class=\"div81\">\n<div class=\"div83\"><\/div>\n<\/div>\n<\/div>\n<div class=\"section div84 lazy\" role=\"\" data-type=\"bg\" data-id=\"gthfcxnch8\" data-background-image=\"\" data-loaded=\"true\">\n<div style=\"width: 261px\" class=\"wp-caption alignright\"><img loading=\"lazy\" decoding=\"async\" class=\"xm-img lazy\" src=\"https:\/\/i02.appmifile.com\/mi-com-product\/fly-birds\/redmi-pad-2-pro\/pc\/1c451a4009d06c8b8b82f8ed5b8e975b.jpg\" alt=\"\" width=\"251\" height=\"152\" data-productname=\"\" data-id=\"za3rcfhz2i\" data-key=\"\" data-src=\"https:\/\/i02.appmifile.com\/mi-com-product\/fly-birds\/redmi-pad-2-pro\/pc\/1c451a4009d06c8b8b82f8ed5b8e975b.jpg\" data-loaded=\"true\" \/><p class=\"wp-caption-text\">Versi\u00f3n de cristal mate La versi\u00f3n opcional en cristal mate utiliza un proceso de nanotexturizado AG que elimina el 97\u00a0% de las interferencias de la luz, lo que garantiza una visibilidad clara tanto en interiores como en exteriores, a la vez que reduce la fatiga ocular al leer o visualizar contenido.5 Nanotexturizado AG 5. Datos probados por los laboratorios internos de Xiaomi; los resultados reales pueden variar. En comparaci\u00f3n con REDMI Pad 2 Pro sin cristal mate.<\/p><\/div>\n<div class=\"div85\"><\/div>\n<div class=\"div91\"><\/div>\n<\/div>\n<div class=\"section div92 lazy\" role=\"\" data-type=\"bg\" data-id=\"h65jjvojxl\" data-background-image=\"\" data-loaded=\"true\">\n<div style=\"width: 266px\" class=\"wp-caption alignright\"><img loading=\"lazy\" decoding=\"async\" class=\"xm-img lazy\" src=\"https:\/\/i02.appmifile.com\/mi-com-product\/fly-birds\/redmi-pad-2-pro\/pc\/52234fef1c7679c2d3412b487790e77d.jpg\" alt=\"\" width=\"256\" height=\"148\" data-productname=\"\" data-id=\"tldzwvzpo9\" data-key=\"\" data-src=\"https:\/\/i02.appmifile.com\/mi-com-product\/fly-birds\/redmi-pad-2-pro\/pc\/52234fef1c7679c2d3412b487790e77d.jpg\" data-loaded=\"true\" \/><p class=\"wp-caption-text\">Cuatro altavoces para un sonido est\u00e9reo envolvente La REDMI Pad 2 Pro es compatible con Dolby Atmos\u00ae, lo que ofrece una experiencia de audio envolvente para pel\u00edculas, juegos y m\u00fasica. Sus cuatro altavoces proporcionan un sonido potente con un volumen m\u00e1ximo ampliado hasta un 300\u00a0%.6 6. Un volumen un 300\u00a0% mayor en comparaci\u00f3n con el mismo modelo al 100\u00a0% de volumen. Esta funci\u00f3n solo se aplica a sonidos multimedia, tonos de llamada y notificaciones, no a las alarmas. Solo funciona en modo altavoz y no con los auriculares. Los datos de volumen proceden de los laboratorios internos de Xiaomi; consulta la experiencia real.<\/p><\/div>\n<div class=\"div93\"><\/div>\n<div class=\"div98\"><\/div>\n<\/div>\n<div class=\"section div215 lazy\" role=\"\" data-type=\"bg\" data-id=\"u7vxgxnwg0\" data-background-image=\"\" data-loaded=\"true\">\n<div class=\"div224\"><\/div>\n<\/div>\n<div class=\"section div225 lazy\" role=\"\" data-type=\"bg\" data-id=\"k5j3lyqi44\" data-background-image=\"\" data-loaded=\"true\"><\/div>\n<div class=\"section div228 lazy\" role=\"\" data-type=\"bg\" data-id=\"uoicj97g9b\" data-background-image=\"\" data-loaded=\"true\">\n<div style=\"width: 259px\" class=\"wp-caption alignright\"><img loading=\"lazy\" decoding=\"async\" class=\"xm-img lazy\" src=\"https:\/\/i02.appmifile.com\/mi-com-product\/fly-birds\/redmi-pad-2-pro\/pc\/a6b6c65c2a1bec6f76027af7bc7fe8e9.jpg\" alt=\"\" width=\"249\" height=\"156\" data-productname=\"\" data-id=\"s5vza5zztn\" data-key=\"\" data-src=\"https:\/\/i02.appmifile.com\/mi-com-product\/fly-birds\/redmi-pad-2-pro\/pc\/a6b6c65c2a1bec6f76027af7bc7fe8e9.jpg\" data-loaded=\"true\" \/><p class=\"wp-caption-text\">Dise\u00f1o elegante. Elegante acabado metalizado Calidad de fabricaci\u00f3n superior. La REDMI Pad 2 Pro cuenta con un dise\u00f1o de cuerpo \u00fanico met\u00e1lico que ofrece una experiencia t\u00e1ctil sofisticada y est\u00e1 disponible en tres colores elegantes: Gris Grafito, Plata y Morado Lavanda.<\/p><\/div>\n<div class=\"div230\">\n<div class=\"div232\"><\/div>\n<\/div>\n<\/div>\n<div class=\"div233 lazy\" role=\"region\" data-type=\"bg\" data-id=\"p0v9lpcljk\" data-background-image=\"\" aria-labelledby=\"gray purple silver\" data-loaded=\"true\">\n<div class=\"text-box\" role=\"tablist\" aria-label=\"Phone color options\">\n<div class=\"flex-item text_active lazy\" role=\"tab\" data-type=\"bg\" data-id=\"bjn9jg3g3w\" data-background-image=\"\" aria-controls=\"carousel-item-0\" aria-labelledby=\"gray\" data-loaded=\"true\">\n<div id=\"gray\" class=\"point-blacl\"><\/div>\n<div class=\"fourIntenseColors_point_box lazy\" role=\"\" data-type=\"bg\" data-id=\"39nhqhb9dd\" data-background-image=\"\" data-loaded=\"true\"><\/div>\n<\/div>\n<div class=\"flex-item lazy\" role=\"tab\" data-type=\"bg\" data-id=\"bmxnogn3dd\" data-background-image=\"\" aria-controls=\"carousel-item-1\" aria-labelledby=\"purple\" data-loaded=\"true\">\n<div id=\"purple\" class=\"point-purple\"><\/div>\n<div class=\"fourIntenseColors_point_box lazy\" role=\"\" data-type=\"bg\" data-id=\"13njfo0mg3\" data-background-image=\"\" data-loaded=\"true\"><\/div>\n<\/div>\n<div class=\"flex-item lazy\" role=\"tab\" data-type=\"bg\" data-id=\"b09je3q20d\" data-background-image=\"\" aria-controls=\"carousel-item-2\" aria-labelledby=\"silver\" data-loaded=\"true\">\n<div id=\"silver\" class=\"point-green\"><\/div>\n<div class=\"fourIntenseColors_point_box lazy\" role=\"\" data-type=\"bg\" data-id=\"jb9jx0mg3d\" data-background-image=\"\" data-loaded=\"true\"><\/div>\n<\/div>\n<\/div>\n<div class=\"xm-scroll scrollAuto\" data-type=\"scroll\" data-id=\"b9j32n0dsg\">\n<div class=\"slider-controls\"><\/div>\n<div class=\"slick-slider slick-initialized\" dir=\"ltr\">\n<div class=\"slick-list\">\n<div class=\"slick-track\">\n<div class=\"slick-slide slick-active slick-current\" role=\"group\" data-index=\"0\" aria-hidden=\"false\" aria-label=\"The 1th picture\uff0ca total of 3 pictures\">\n<div><img decoding=\"async\" class=\"lazy\" src=\"https:\/\/i02.appmifile.com\/mi-com-product\/fly-birds\/redmi-pad-2-pro\/pc\/redmintppc_4.jpg\" alt=\"\" data-src=\"https:\/\/i02.appmifile.com\/mi-com-product\/fly-birds\/redmi-pad-2-pro\/pc\/redmintppc_4.jpg\" data-loaded=\"true\" \/><\/div>\n<\/div>\n<div class=\"slick-slide\" role=\"group\" data-index=\"1\" aria-hidden=\"true\" aria-label=\"The 2th picture\uff0ca total of 3 pictures\">\n<div><img decoding=\"async\" class=\"lazy\" src=\"https:\/\/i02.appmifile.com\/mi-com-product\/fly-birds\/redmi-pad-2-pro\/pc\/b8f566c99490496e38fe5b6c2ce16d6d.png\" alt=\"\" data-src=\"https:\/\/i02.appmifile.com\/mi-com-product\/fly-birds\/redmi-pad-2-pro\/pc\/b8f566c99490496e38fe5b6c2ce16d6d.png\" data-loaded=\"true\" \/><\/div>\n<\/div>\n<div class=\"slick-slide\" role=\"group\" data-index=\"2\" aria-hidden=\"true\" aria-label=\"The 3th picture\uff0ca total of 3 pictures\">\n<div><img decoding=\"async\" class=\"lazy\" src=\"https:\/\/i02.appmifile.com\/mi-com-product\/fly-birds\/redmi-pad-2-pro\/pc\/73eacbde5a47fcca5c8a12458feb889a.png\" alt=\"\" data-src=\"https:\/\/i02.appmifile.com\/mi-com-product\/fly-birds\/redmi-pad-2-pro\/pc\/73eacbde5a47fcca5c8a12458feb889a.png\" data-loaded=\"true\" \/><\/div>\n<\/div>\n<\/div>\n<\/div>\n<\/div>\n<\/div>\n<div class=\"div256\"><span class=\"xm-text split_text13619 f-light\" data-key=\"note_12\" data-type=\"text\" data-id=\"nqimtrt708\">11. Dise\u00f1o todo en metal hace referencia espec\u00edficamente a la cubierta trasera del producto y no incluye la decoraci\u00f3n de la c\u00e1mara, los botones, las ranuras para tarjetas u otros componentes.<\/span><\/div>\n<h3>\nESPECIFICACIONES:<\/h3>\n<p>Dimensiones: 181.65 x 7.5 x 279.8<br \/>\nPeso: 610 g<br \/>\nProcesador<br \/>\n-Plataforma m\u00f3vil Snapdragon 7s Gen 4<br \/>\n-Proceso de fabricaci\u00f3n de 4 nm<br \/>\n-CPU: 1A720 a 2,7 GHz + 3A720 a 2,4 GHz + 4A520 a 1,8 GHz<br \/>\n-GPU: Adreno 810 a 1150 MHz<\/p>\n<p>Almacenamiento y RAM<br \/>\n-8 GB + 256 GB<br \/>\n-LPDDR4X + UFS 2.2<br \/>\n-Admite almacenamiento ampliable: hasta 2 TB<br \/>\n*El almacenamiento y la RAM disponibles son inferiores a la memoria total debido al almacenamiento del sistema operativo y el software preinstalado en el dispositivo.<br \/>\n*La tarjeta de almacenamiento ampliable se vende por separado.<\/p>\n<p>Pantalla<br \/>\n-Tama\u00f1o: Pantalla crystal-clear de 12,1&#8243; con resoluci\u00f3n de 2,5K<br \/>\n-Relaci\u00f3n de aspecto de 16:10<br \/>\n-Resoluci\u00f3n: 2560 x 1600, 249 ppp<br \/>\n-Frecuencia de actualizaci\u00f3n: hasta 120 Hz<br \/>\n-Frecuencia de muestreo t\u00e1ctil: hasta 360 Hz<br \/>\n-240 Hz (con bol\u00edgrafo)<br \/>\n-Brillo: 500 nits (t\u00edp.); 600 nits (modo de alto brillo)<br \/>\n-Certificaci\u00f3n de luz azul reducida (soluci\u00f3n de hardware) de TV Rheinland<br \/>\n-Certificaci\u00f3n de tecnolog\u00eda sin parpadeos de TV Rheinland<br \/>\n-Certificaci\u00f3n de compatibilidad con ritmos circadianos de TV Rheinland<br \/>\n-1,07 mil millones de colores Dolby Vision Modo lectura Tecnolog\u00eda t\u00e1ctil con agua<br \/>\n*El tama\u00f1o de la pantalla de la Redmi Pad 2 Pro es de unas 12,1 pulgadas cuando se mide en diagonal. El \u00e1rea de visualizaci\u00f3n es m\u00e1s peque\u00f1a debido a las esquinas curvadas. Las medidas entre productos individuales pueden variar.<br \/>\n*La frecuencia de actualizaci\u00f3n se puede ajustar hasta 120 Hz para aplicaciones y juegos compatibles. Consulta la experiencia real.<\/p>\n<p>C\u00e1mara<br \/>\nC\u00e1mara trasera:<br \/>\n-8 MP 1\/4&#8243;, f\/2, 1,12 m<br \/>\n-V\u00eddeo 1080 P a 30 fps<br \/>\n-V\u00eddeo 720 P a 30 fps<br \/>\n-Foto V\u00eddeo Documento Teleprompter HDR<\/p>\n<p>C\u00e1mara frontal:<br \/>\n-8 MP 1\/4&#8243;, f\/2,28, 1,12 m<br \/>\n-V\u00eddeo 1080 P a 30 fps<br \/>\n-V\u00eddeo 720 P a 30 fps<\/p>\n<p>Bater\u00eda y carga<br \/>\n-12 000 mAh (t\u00edp.)<br \/>\n-Compatible con carga r\u00e1pida de 33 W<br \/>\n-USB tipo C<br \/>\n*Adaptador de corriente no incluido. Se recomienda utilizar adaptadores de corriente de 33 W compatibles con la carga PD o adaptadores de corriente oficiales de Xiaomi de 33 W o m\u00e1s.<\/p>\n<p>Transferencia de datos<br \/>\n-USB 2.0<\/p>\n<p>Conectividad<br \/>\n-Wi-Fi 6<br \/>\n*La capacidad Wi-Fi 6 puede variar seg\u00fan la disponibilidad en la regi\u00f3n y la compatibilidad de la red local<br \/>\n.*La conectividad Wi-Fi (incluidas las bandas de frecuencia Wi-Fi, los est\u00e1ndares Wi-Fi y otras funciones ratificadas en las especificaciones del est\u00e1ndar IEEE 802.11) puede variar en funci\u00f3n de la disponibilidad regional y la compatibilidad de la red local. La funci\u00f3n se puede agregar mediante OTA cuando y donde sea aplicable.<br \/>\n-SBC, AAC, LDAC<br \/>\n-Bluetooth 5.4<br \/>\n-Ipv6<\/p>\n<p>Sensores<br \/>\n-Aceler\u00f3metro Giroscopio Sensor de luz ambiental Sensor de temperatura de color Br\u00fajula electr\u00f3nica Sensor Hall<\/p>\n<p>Sistema operativo<br \/>\n-Xiaomi HyperOS 2<br \/>\n*La disponibilidad de las funciones, las aplicaciones y los servicios de Xiaomi HyperOS puede variar en funci\u00f3n de la versi\u00f3n de software y el modelo del producto.<\/p>\n<p>Contenido del paquete<br \/>\n-Tablet \/ Cable USB tipo C \/ Gu\u00eda de inicio r\u00e1pido \/ Tarjeta de garant\u00eda<br \/>\n*El contenido del paquete puede variar seg\u00fan la regi\u00f3n.<\/p>\n<\/div>\n<\/div>\n<\/div>\n<\/div>\n<\/div>\n<\/div>\n<\/div>\n","protected":false},"excerpt":{"rendered":"<p>REDMI PAD 2 PRO El Redmi Pad 2 Pro combina rendimiento y fluidez con su pantalla LCD IPS de 120<\/p>\n","protected":false},"featured_media":95770,"comment_status":"open","ping_status":"closed","template":"","meta":{"nf_dc_page":""},"product_brand":[977],"product_cat":[89],"product_tag":[2295],"class_list":{"0":"post-95769","1":"product","2":"type-product","3":"status-publish","4":"has-post-thumbnail","6":"product_brand-xiaomi","7":"product_cat-electronicos","8":"product_tag-2295","10":"first","11":"outofstock","12":"shipping-taxable","13":"purchasable","14":"product-type-simple"},"_links":{"self":[{"href":"https:\/\/brandss.com.py\/index\/wp-json\/wp\/v2\/product\/95769","targetHints":{"allow":["GET"]}}],"collection":[{"href":"https:\/\/brandss.com.py\/index\/wp-json\/wp\/v2\/product"}],"about":[{"href":"https:\/\/brandss.com.py\/index\/wp-json\/wp\/v2\/types\/product"}],"replies":[{"embeddable":true,"href":"https:\/\/brandss.com.py\/index\/wp-json\/wp\/v2\/comments?post=95769"}],"version-history":[{"count":1,"href":"https:\/\/brandss.com.py\/index\/wp-json\/wp\/v2\/product\/95769\/revisions"}],"predecessor-version":[{"id":95780,"href":"https:\/\/brandss.com.py\/index\/wp-json\/wp\/v2\/product\/95769\/revisions\/95780"}],"wp:featuredmedia":[{"embeddable":true,"href":"https:\/\/brandss.com.py\/index\/wp-json\/wp\/v2\/media\/95770"}],"wp:attachment":[{"href":"https:\/\/brandss.com.py\/index\/wp-json\/wp\/v2\/media?parent=95769"}],"wp:term":[{"taxonomy":"product_brand","embeddable":true,"href":"https:\/\/brandss.com.py\/index\/wp-json\/wp\/v2\/product_brand?post=95769"},{"taxonomy":"product_cat","embeddable":true,"href":"https:\/\/brandss.com.py\/index\/wp-json\/wp\/v2\/product_cat?post=95769"},{"taxonomy":"product_tag","embeddable":true,"href":"https:\/\/brandss.com.py\/index\/wp-json\/wp\/v2\/product_tag?post=95769"}],"curies":[{"name":"wp","href":"https:\/\/api.w.org\/{rel}","templated":true}]}}