{"id":95781,"date":"2026-01-07T19:04:17","date_gmt":"2026-01-07T19:04:17","guid":{"rendered":"https:\/\/brandss.com.py\/index\/?post_type=product&#038;p=95781"},"modified":"2026-03-13T16:24:53","modified_gmt":"2026-03-13T16:24:53","slug":"altavoz-portatil-jbl-boombox-4-210w-rms-bt-black","status":"publish","type":"product","link":"https:\/\/brandss.com.py\/index\/producto\/altavoz-portatil-jbl-boombox-4-210w-rms-bt-black\/","title":{"rendered":"ALTAVOZ PORT\u00c1TIL JBL BOOMBOX 4 210W RMS BT BLACK"},"content":{"rendered":"<p><img loading=\"lazy\" decoding=\"async\" class=\"\" src=\"https:\/\/cdn.freebiesupply.com\/logos\/large\/2x\/jbl-2-logo-black-and-white.png\" alt=\"JBL Logo PNG Transparent &amp; SVG Vector - Freebie Supply\" width=\"104\" height=\"104\" \/><\/p>\n<h1>BOOMBOX 4<\/h1>\n<p><strong>Sonido insuperable todo el d\u00eda<\/strong><\/p>\n<p>Disfr\u00fatalo a t\u00fa manera y en cualquier lugar. El nuevo JBL Boombox 4 es m\u00e1s grande, m\u00e1s audaz y mejor que nunca, con un potente sonido JBL Pro que se mantiene siempre alto y claro, con graves profundos y contundentes. AI Sound Boost analiza la m\u00fasica en tiempo real y ajusta el sonido para ofrecer m\u00e1s potencia con menos distorsi\u00f3n, incluso cuando se sube al m\u00e1ximo. Incorpora dos altavoces m\u00e1s grandes, dos altavoces de agudos y tres radiadores pasivos, para que cada canci\u00f3n suene m\u00e1s potente y n\u00edtida. Cuando quieras afinar las vibraciones, solo tienes que cambiar entre los ajustes de Bass Boost profundo o vibrante para adaptarlo a nuestro estado de \u00e1nimo. Hemos renovado el dise\u00f1o cl\u00e1sico del Boombox: es m\u00e1s grande pero m\u00e1s ligero, para que podamos llevarlo donde quiera que vaya la fiesta: a la playa, a la calle o al jard\u00edn. Es resistente al agua y al polvo (IP68), as\u00ed que el clima nunca ser\u00e1 un impedimento. Y, con hasta 34\u00a0horas de reproducci\u00f3n (gracias a Playtime Boost), tendr\u00e1s todo lo necesario para disfrutar durante todo el d\u00eda. Con el JBL Boombox 4, puedes llevar tu energ\u00eda all\u00e1 donde vayas.<\/p>\n<div class=\"lifestyle-feature\"><img loading=\"lazy\" decoding=\"async\" class=\"alignleft\" src=\"https:\/\/www.jbl.es\/dw\/image\/v2\/BFND_PRD\/on\/demandware.static\/-\/Sites-masterCatalog_Harman\/default\/dwce29bdd2\/pdp\/LS_JBL_BoomBox_4_Lifestyle_01_904x560px.png?sw=904&amp;sh=560\" alt=\"JBL Boombox 4 Insuperable sonido JBL Pro con AI Sound Boost - Image\" width=\"500\" height=\"310\" \/><\/p>\n<div class=\"feature-text\">\n<h3><\/h3>\n<h3>Insuperable sonido JBL Pro con AI Sound Boost<\/h3>\n<p>Estamos hablando de un sonido imponente, con graves profundos y muy contundentes. El redise\u00f1ado JBL Boombox 4 incorpora dos altavoces m\u00e1s grandes, dos altavoces de agudos y tres radiadores pasivos, para que cada canci\u00f3n suene m\u00e1s fuerte y limpia. Y con AI Sound Boost, no es necesario mover ni un dedo: esta tecnolog\u00eda inteligente analiza la m\u00fasica en tiempo real y ajusta el sonido para ofrecer m\u00e1s potencia con menos distorsi\u00f3n, incluso cuando se sube al m\u00e1ximo.<\/p>\n<\/div>\n<\/div>\n<div class=\"lifestyle-feature\"><img loading=\"lazy\" decoding=\"async\" class=\"alignright\" src=\"https:\/\/www.jbl.es\/dw\/image\/v2\/BFND_PRD\/on\/demandware.static\/-\/Sites-masterCatalog_Harman\/default\/dw955c52a3\/pdp\/LS_JBL_BoomBox_4_Lifestyle_02_904x560px.png?sw=904&amp;sh=560\" alt=\"JBL Boombox 4 Hasta 34\u00a0horas de reproducci\u00f3n - Image\" width=\"507\" height=\"314\" \/><\/p>\n<div class=\"feature-text\">\n<h3><\/h3>\n<h3>Hasta 34\u00a0horas de reproducci\u00f3n<\/h3>\n<p>Disfruta de fiesta en fiesta con hasta 28\u00a0horas de reproducci\u00f3n con una sola carga. \u00bfTe has olvidado de cargarlo? No pasa nada. JBL Playtime Boost a\u00f1ade hasta 6\u00a0horas extra de popping, locking, sliding o cualquier movimiento que te quede en el cuerpo.<\/p>\n<\/div>\n<\/div>\n<div class=\"lifestyle-feature\"><img loading=\"lazy\" decoding=\"async\" class=\"alignleft\" src=\"https:\/\/www.jbl.es\/dw\/image\/v2\/BFND_PRD\/on\/demandware.static\/-\/Sites-masterCatalog_Harman\/default\/dw59408ed5\/pdp\/LS_JBL_BoomBox_4_Lifestyle_03_904x560px.png?sw=904&amp;sh=560\" alt=\"JBL Boombox 4 Resistencia al polvo y al agua - Image\" width=\"500\" height=\"310\" \/><\/p>\n<div class=\"feature-text\">\n<h3><\/h3>\n<h3><\/h3>\n<h3><\/h3>\n<h3><\/h3>\n<h3>Resistencia al polvo y al agua<\/h3>\n<p>El JBL Boombox 4 es resistente al agua y al polvo con certificaci\u00f3n IP68, as\u00ed que puede soportar cualquier clima\u2026 o incluso a nuestros amigos m\u00e1s torpes.<\/p>\n<\/div>\n<p>&nbsp;<\/p>\n<p>&nbsp;<\/p>\n<h3><label class=\"ds-accordion-label\" role=\"button\" for=\"pdp-specs--specifications\" aria-controls=\"pdp-specs--specifications-content\">Especificaciones<\/label><\/h3>\n<div id=\"pdp-specs--specifications-content\" class=\"ds-accordion-content\">\n<h3>Caracter\u00edsticas generales<\/h3>\n<dl class=\"ds-specs\">\n<dt>Potencia de salida: (AC mode) &#8211; 2 x 65W RMS Woofer, 2 x 40W RMS Tweeter (Battery mode) &#8211; 2 60W RMS Woofer, 2 x 40W RMS Tweeter.<\/dt>\n<dt>Entrada de energ\u00eda: 100 &#8211; 240 Vac; 50\/60 Hz.<\/dt>\n<dt>Relaci\u00f3n se\u00f1al-ruido: &gt; 80 Db.<\/dt>\n<\/dl>\n<h3>Caracter\u00edsticas Audio<\/h3>\n<dl class=\"ds-specs\">\n<dt>Respuesta de frecuencia: 37Hz &#8211; 20 kHz.<\/dt>\n<dt>Transductor: 2 x 5 inch \/ 2 x 123mm woofer, 2 x 0.75 inch \/ 2 x 20mm Tweeter, 2 pcs circle + 1 pc racetrack passive radiator.<\/dt>\n<\/dl>\n<h3>Medidas<\/h3>\n<dl class=\"ds-specs\">\n<dt>Dimensiones (Ancho x Alto x Profundidad) (cm): 51 x 26 x 21.<\/dt>\n<dd><\/dd>\n<dt>Peso (kg): 5.89.<\/dt>\n<dd><\/dd>\n<\/dl>\n<h3>Caracter\u00edsticas de control y conexi\u00f3n<\/h3>\n<dl class=\"ds-specs\">\n<dt>Perfiles Bluetooth: A2DP 1.4, AVRCP 1.6.<\/dt>\n<dt>Rango de frecuencia de transmisi\u00f3n Bluetooth: 2.4 GHz &#8211; 2.4835 GHz.<\/dt>\n<dt>Transmisi\u00f3n de modulaci\u00f3n GFSK v\u00eda Bluetooth: GFSK, \u03c0\/4 DQPSK, 8DPSK.<\/dt>\n<dt>Potencia de transmisi\u00f3n Bluetooth: \u2264 14dBm (EIRP).<\/dt>\n<dt>Perfil Bluetooth: A2DP 1.4, AVRCP 1.6.<\/dt>\n<dt>Bluetooth Rango de frecuencia del transmisor (GHz): 2.4 &#8211; 2.4835.<\/dt>\n<dt>Modulaci\u00f3n del transmisor Bluetooth: GFSK, \u03c0\/4 DQPSK, 8DPSK.<\/dt>\n<dt>Alimentaci\u00f3n del transmisor Bluetooth: \u2264 14dBm (EIRP).<\/dt>\n<dt>Versi\u00f3n Bluetooth: 5.4.<\/dt>\n<dt>Puertos de conexi\u00f3n: AC-in, USB-C.<\/dt>\n<\/dl>\n<h3>Bater\u00eda<\/h3>\n<dl class=\"ds-specs\">\n<dt>Tiempo de carga de la bater\u00eda (horas): 3.<\/dt>\n<dt>Battery Type: Rechargeable Li-ion Battery Pack 99.02Wh.<\/dt>\n<dt>Longitud del cable (ft): 6.6.<\/dt>\n<dt>Longitud del cable (m): 2.<\/dt>\n<dt>Tipo de cable: AC Power Cable.<\/dt>\n<dt>Tiempo de reproducci\u00f3n de musica: 28.<\/dt>\n<\/dl>\n<h3>Caracter\u00edsticas<\/h3>\n<dl class=\"ds-specs\">\n<dt>Cable de alimentacio\u0301n de CA (el tipo vari\u0301a segu\u0301n la regio\u0301n): S\u00ed.<\/dt>\n<dt>AI Sound Boost: S\u00ed.<\/dt>\n<dt>Bluetooth: S\u00ed.<\/dt>\n<dt>USB para carga de dispositivos m\u00f3viles: S\u00ed.<\/dt>\n<dt>Supports Auracast: S\u00ed.<\/dt>\n<dt>A prueba de agua: S\u00ed.<\/dt>\n<dt>Wireless: S\u00ed.<\/dt>\n<dt>Dustproof: S\u00ed.<\/dt>\n<dt>Certificaci\u00f3n IPX: IP68.<\/dt>\n<\/dl>\n<\/div>\n<p><label class=\"ds-accordion-label\" role=\"button\" for=\"pdp-specs--box-contents\" aria-controls=\"pdp-specs--box-contents-content\">Contenido de la caja<\/label><\/p>\n<div id=\"pdp-specs--box-contents-content\" class=\"ds-accordion-content\">\n<dl class=\"ds-specs\">\n<dt>1 JBL Boombox 4.<\/dt>\n<dt>Cable de alimentaci\u00f3n de CA (el enchufe de CA y la cantidad cambia seg\u00fan la regi\u00f3n).<\/dt>\n<dt>1 gu\u00eda de inicio r\u00e1pido.<\/dt>\n<dt>1 hoja de seguridad.<\/dt>\n<dt>1 tarjeta de garant\u00eda.<\/dt>\n<\/dl>\n<\/div>\n<\/div>\n","protected":false},"excerpt":{"rendered":"<p>BOOMBOX 4 Sonido insuperable todo el d\u00eda Disfr\u00fatalo a t\u00fa manera y en cualquier lugar. El nuevo JBL Boombox 4<\/p>\n","protected":false},"featured_media":95782,"comment_status":"open","ping_status":"closed","template":"","meta":{"nf_dc_page":""},"product_brand":[541],"product_cat":[89],"product_tag":[2296],"class_list":{"0":"post-95781","1":"product","2":"type-product","3":"status-publish","4":"has-post-thumbnail","6":"product_brand-jbl","7":"product_cat-electronicos","8":"product_tag-2296","10":"first","11":"instock","12":"sale","13":"shipping-taxable","14":"purchasable","15":"product-type-simple"},"_links":{"self":[{"href":"https:\/\/brandss.com.py\/index\/wp-json\/wp\/v2\/product\/95781","targetHints":{"allow":["GET"]}}],"collection":[{"href":"https:\/\/brandss.com.py\/index\/wp-json\/wp\/v2\/product"}],"about":[{"href":"https:\/\/brandss.com.py\/index\/wp-json\/wp\/v2\/types\/product"}],"replies":[{"embeddable":true,"href":"https:\/\/brandss.com.py\/index\/wp-json\/wp\/v2\/comments?post=95781"}],"version-history":[{"count":1,"href":"https:\/\/brandss.com.py\/index\/wp-json\/wp\/v2\/product\/95781\/revisions"}],"predecessor-version":[{"id":95788,"href":"https:\/\/brandss.com.py\/index\/wp-json\/wp\/v2\/product\/95781\/revisions\/95788"}],"wp:featuredmedia":[{"embeddable":true,"href":"https:\/\/brandss.com.py\/index\/wp-json\/wp\/v2\/media\/95782"}],"wp:attachment":[{"href":"https:\/\/brandss.com.py\/index\/wp-json\/wp\/v2\/media?parent=95781"}],"wp:term":[{"taxonomy":"product_brand","embeddable":true,"href":"https:\/\/brandss.com.py\/index\/wp-json\/wp\/v2\/product_brand?post=95781"},{"taxonomy":"product_cat","embeddable":true,"href":"https:\/\/brandss.com.py\/index\/wp-json\/wp\/v2\/product_cat?post=95781"},{"taxonomy":"product_tag","embeddable":true,"href":"https:\/\/brandss.com.py\/index\/wp-json\/wp\/v2\/product_tag?post=95781"}],"curies":[{"name":"wp","href":"https:\/\/api.w.org\/{rel}","templated":true}]}}