{"id":95789,"date":"2026-01-08T11:23:20","date_gmt":"2026-01-08T11:23:20","guid":{"rendered":"https:\/\/brandss.com.py\/index\/?post_type=product&#038;p=95789"},"modified":"2026-01-08T11:29:43","modified_gmt":"2026-01-08T11:29:43","slug":"proyector-mini-g-tide-pj10-130-ansi-lumenes-hd-wi-fi-white","status":"publish","type":"product","link":"https:\/\/brandss.com.py\/index\/producto\/proyector-mini-g-tide-pj10-130-ansi-lumenes-hd-wi-fi-white\/","title":{"rendered":"PROYECTOR MINI G-TIDE PJ10 130 ANSI L\u00daMENES HD WI-FI WHITE"},"content":{"rendered":"<p><img loading=\"lazy\" decoding=\"async\" class=\"\" src=\"https:\/\/gtide.com.br\/wp-content\/uploads\/2024\/04\/gtideazul.svg\" alt=\"REJOJ UNISEX G-TIDE SMARTWATCH R3 BLACK - Brands\" width=\"70\" height=\"27\" \/><\/p>\n<h1>PJ10<\/h1>\n<p>El Mini Proyector G-Tide PJ10 es una soluci\u00f3n compacta y eficiente para todas tus necesidades de entretenimiento visual. Con una luminancia de 130 ANSI l\u00famenes y una resoluci\u00f3n est\u00e1ndar de 720P, este proyector ofrece im\u00e1genes claras y vibrantes, perfectas para experiencias de cine en casa o presentaciones profesionales. La compatibilidad con 4K mediante decodificaci\u00f3n por hardware garantiza que puedas disfrutar de contenido en alta resoluci\u00f3n con facilidad. Este modelo presenta conectividad Wi-Fi de doble banda (2.4G\/5G), permitiendo una transmisi\u00f3n sin interrupciones desde tus dispositivos favoritos. Equipado con tecnolog\u00eda de proyecci\u00f3n LCD de 2.69 pulgadas y un sistema operativo Android 13, el G-Tide PJ10 ofrece una interfaz de usuario moderna y fluida. Su funci\u00f3n de enfoque manual asegura im\u00e1genes n\u00edtidas independientemente de la distancia de proyecci\u00f3n, que var\u00eda entre 1 y 3 metros. Adem\u00e1s, su altavoz integrado de 3 W proporciona un sonido claro, eliminando la necesidad de equipo de audio adicional. Compacto y ligero, mide solo 10.6 x 9 x 1.7 cm, lo que facilita su transporte y almacenamiento. Ideal para noches de cine en casa, reuniones empresariales y juegos, el Mini Proyector G-Tide PJ10 combina tecnolog\u00eda avanzada y practicidad, elevando tu experiencia visual a un nuevo nivel.<\/p>\n<div class=\"modal-header\">\n<h3 id=\"specificationsModalLabel\" class=\"modal-title mt-1\">Especificaciones<\/h3>\n<\/div>\n<div class=\"modal-header\">MODELO: PJ10.<\/div>\n<div id=\"modalBody\" class=\"modal-body\">\n<div class=\"specifications-container\">\n<div class=\"specification-item\">\n<div class=\"spec-label\">COLOR: Blanco.<\/div>\n<\/div>\n<div class=\"specification-item\">\n<div class=\"spec-label\">L\u00daMENES: 130 ANSI.<\/div>\n<\/div>\n<div class=\"specification-item\">\n<div class=\"spec-label\">RESOLUCI\u00d3N: HD (1280 x 720).<\/div>\n<\/div>\n<div class=\"specification-item\">\n<div class=\"spec-label\">DISTANCIA DE TRANSMISI\u00d3N: 1 ~ 3 metros.<\/div>\n<\/div>\n<div class=\"specification-item\">\n<div class=\"spec-label\">SISTEMA OPERATIVO: Android.<\/div>\n<\/div>\n<div class=\"specification-item\">\n<div class=\"spec-label\">CONECTIVIDAD WIRELESS: Wi-Fi 2.4GHz y 5GHz &#8211; Bluetooth.<\/div>\n<\/div>\n<div class=\"specification-item\">\n<div class=\"spec-label\">CARACTER\u00cdSTICAS: Compatible con servicios de Streaming como YouTube por ejemplo.<\/div>\n<\/div>\n<div class=\"specification-item\">\n<div class=\"spec-label\">INTERFAZ: HDMI &#8211; USB &#8211; Mini Jack 3.5 mm &#8211; Slot para tarjeta Micro SD.<\/div>\n<\/div>\n<div class=\"specification-item\">\n<div class=\"spec-label\">L\u00c1MPARA: Tipo LCD.<\/div>\n<\/div>\n<div class=\"specification-item\">\n<div class=\"spec-label\">VOLTAJE: 100 &#8211; 240 V ~ 50\/60 Hz.<\/div>\n<\/div>\n<div class=\"specification-item\">\n<div class=\"spec-label\">PESO BRUTO (g): 1025.<\/div>\n<\/div>\n<div class=\"specification-item\">\n<div class=\"spec-label\">DIMENSIONES DE EMBALAJE (cm): 21.6 x 12 x 22.6.<\/div>\n<\/div>\n<div class=\"specification-item\">\n<div><\/div>\n<h3 class=\"spec-label\">INCLUYE<\/h3>\n<div><\/div>\n<div>-Proyector con Altavoz Integrado.<\/div>\n<div class=\"spec-value\">&#8211; Control remoto.<\/div>\n<div class=\"spec-value\">&#8211; 2 controles Inal\u00e1mbricos.<\/div>\n<div class=\"spec-value\">&#8211; Cable de alimentaci\u00f3n.<\/div>\n<div class=\"spec-value\">&#8211; Tarjeta de Memoria Micro SD.<\/div>\n<div class=\"spec-value\">&#8211; Manual.<\/div>\n<\/div>\n<\/div>\n<\/div>\n<p>&#8230;Garantizando una instalaci\u00f3n sencilla y una experiencia lista para disfrutar desde el primer momento.<\/p>\n<p>Consola retro integrada para juegos cl\u00e1sicos.<\/p>\n","protected":false},"excerpt":{"rendered":"<p>PJ10 El Mini Proyector G-Tide PJ10 es una soluci\u00f3n compacta y eficiente para todas tus necesidades de entretenimiento visual. Con<\/p>\n","protected":false},"featured_media":95790,"comment_status":"open","ping_status":"closed","template":"","meta":{"nf_dc_page":""},"product_brand":[1379],"product_cat":[89],"product_tag":[2298],"class_list":{"0":"post-95789","1":"product","2":"type-product","3":"status-publish","4":"has-post-thumbnail","6":"product_brand-g-tide","7":"product_cat-electronicos","8":"product_tag-2298","10":"first","11":"instock","12":"shipping-taxable","13":"purchasable","14":"product-type-simple"},"_links":{"self":[{"href":"https:\/\/brandss.com.py\/index\/wp-json\/wp\/v2\/product\/95789","targetHints":{"allow":["GET"]}}],"collection":[{"href":"https:\/\/brandss.com.py\/index\/wp-json\/wp\/v2\/product"}],"about":[{"href":"https:\/\/brandss.com.py\/index\/wp-json\/wp\/v2\/types\/product"}],"replies":[{"embeddable":true,"href":"https:\/\/brandss.com.py\/index\/wp-json\/wp\/v2\/comments?post=95789"}],"version-history":[{"count":3,"href":"https:\/\/brandss.com.py\/index\/wp-json\/wp\/v2\/product\/95789\/revisions"}],"predecessor-version":[{"id":95805,"href":"https:\/\/brandss.com.py\/index\/wp-json\/wp\/v2\/product\/95789\/revisions\/95805"}],"wp:featuredmedia":[{"embeddable":true,"href":"https:\/\/brandss.com.py\/index\/wp-json\/wp\/v2\/media\/95790"}],"wp:attachment":[{"href":"https:\/\/brandss.com.py\/index\/wp-json\/wp\/v2\/media?parent=95789"}],"wp:term":[{"taxonomy":"product_brand","embeddable":true,"href":"https:\/\/brandss.com.py\/index\/wp-json\/wp\/v2\/product_brand?post=95789"},{"taxonomy":"product_cat","embeddable":true,"href":"https:\/\/brandss.com.py\/index\/wp-json\/wp\/v2\/product_cat?post=95789"},{"taxonomy":"product_tag","embeddable":true,"href":"https:\/\/brandss.com.py\/index\/wp-json\/wp\/v2\/product_tag?post=95789"}],"curies":[{"name":"wp","href":"https:\/\/api.w.org\/{rel}","templated":true}]}}