{"id":95807,"date":"2026-01-08T12:21:50","date_gmt":"2026-01-08T12:21:50","guid":{"rendered":"https:\/\/brandss.com.py\/index\/?post_type=product&#038;p=95807"},"modified":"2026-03-17T10:39:44","modified_gmt":"2026-03-17T10:39:44","slug":"perfume-unisex-maison-alhambra-glacier-bold-edp-100ml","status":"publish","type":"product","link":"https:\/\/brandss.com.py\/index\/producto\/perfume-unisex-maison-alhambra-glacier-bold-edp-100ml\/","title":{"rendered":"PERFUME UNISEX MAISON ALHAMBRA GLACIER BOLD EDP 100ML"},"content":{"rendered":"<p><img loading=\"lazy\" decoding=\"async\" class=\"\" src=\"https:\/\/ha-fragrances.com\/cdn\/shop\/files\/maison-alhambra-logo.png?v=1765685867&amp;width=1445\" alt=\"Salvo for Men EDP 100ML by Maison Alhambra - Warm, Spicy, and Sophisti \u2013 HA  Fragrances\" width=\"89\" height=\"89\" \/><\/p>\n<h1>GLACIER BOLD<\/h1>\n<p><span dir=\"auto\">Descubre el cautivador encanto de\u00a0\u00a0<\/span><span dir=\"auto\">Glaciar Bold<\/span><span dir=\"auto\">, una lujosa fragancia dise\u00f1ada\u00a0<\/span><span dir=\"auto\">tanto para hombre como para mujer<\/span><span dir=\"auto\">. Este Eau de Parfum, es la combinaci\u00f3n perfecta de sofisticaci\u00f3n y encanto. Glaciar Bold pertenece a la <\/span><span dir=\"auto\">familia arom\u00e1tica \u00e1mbar amaderada<\/span><span dir=\"auto\">, ofreciendo un aroma rico y acogedor que sin duda dejar\u00e1 una huella imborrable.<img loading=\"lazy\" decoding=\"async\" class=\"alignleft\" src=\"https:\/\/www.intenseoud.com\/cdn\/shop\/files\/4_3a2bc2a8-9533-4554-9eb4-8a0bdbfa41ed.jpg?v=1736023914\" width=\"651\" height=\"651\" \/><\/span><\/p>\n<p>Glacier Bold es un perfume unisex que evoca frescura e intensidad, ideal para personas a las que les gusta hacer una declaraci\u00f3n con una fragancia audaz y vibrante. Inspirada en las fuerzas de la naturaleza, esta fragancia combina frescura helada con notas c\u00e1lidas, creando un contraste que es a la vez vigorizante y sofisticado.<\/p>\n<p>&nbsp;<\/p>\n<h3>Notas Olfativas<\/h3>\n<p>&nbsp;<\/p>\n<p>Glacier Bold es una fragancia perfecta para quienes buscan un perfume unisex con un equilibrio entre frescura y calidez. Tanto para hombre como para mujer, aporta intensidad y elegancia, ideal para quienes buscan una firma olfativa distintiva. <span dir=\"auto\">Esta fragancia se abre con una mezcla tropical de coco cremoso, pi\u00f1a jugosa y delicado iris, creando un comienzo brillante y ex\u00f3tico. El coraz\u00f3n a\u00f1ade un toque \u00fanico con el aroma fresco y amaderado del cipr\u00e9s, la calidez picante del jengibre y la dulzura del haba tonka, aportando profundidad e intriga. Al asentarse, la base revela la rica calidez del \u00e1mbar y la profundidad salada y almizclada del \u00e1mbar gris, dejando una estela cautivadora y lujosa. Perfecta para quienes disfrutan de una fragancia tropical y especiada con un final c\u00e1lido y sofisticado.<\/span><\/p>\n<p><strong><span dir=\"auto\">Notas de salida:<\/span><\/strong><span dir=\"auto\">\u00a0coco, pi\u00f1a, iris.<\/span><br \/>\n<strong><span dir=\"auto\">Notas de coraz\u00f3n:<\/span><\/strong><span dir=\"auto\">\u00a0cipr\u00e9s, jengibre, haba tonka.<\/span><br \/>\n<strong><span dir=\"auto\">Notas de fondo:<\/span><\/strong><span dir=\"auto\">\u00a0\u00e1mbar, \u00e1mbar gris.<\/span><\/p>\n","protected":false},"excerpt":{"rendered":"<p>GLACIER BOLD Descubre el cautivador encanto de\u00a0\u00a0Glaciar Bold, una lujosa fragancia dise\u00f1ada\u00a0tanto para hombre como para mujer. Este Eau de<\/p>\n","protected":false},"featured_media":95808,"comment_status":"open","ping_status":"closed","template":"","meta":{"nf_dc_page":""},"product_brand":[107],"product_cat":[84],"product_tag":[2299],"class_list":{"0":"post-95807","1":"product","2":"type-product","3":"status-publish","4":"has-post-thumbnail","6":"product_brand-maison-alhambra","7":"product_cat-perfumeria","8":"product_tag-2299","10":"first","11":"instock","12":"shipping-taxable","13":"purchasable","14":"product-type-simple"},"_links":{"self":[{"href":"https:\/\/brandss.com.py\/index\/wp-json\/wp\/v2\/product\/95807","targetHints":{"allow":["GET"]}}],"collection":[{"href":"https:\/\/brandss.com.py\/index\/wp-json\/wp\/v2\/product"}],"about":[{"href":"https:\/\/brandss.com.py\/index\/wp-json\/wp\/v2\/types\/product"}],"replies":[{"embeddable":true,"href":"https:\/\/brandss.com.py\/index\/wp-json\/wp\/v2\/comments?post=95807"}],"version-history":[{"count":1,"href":"https:\/\/brandss.com.py\/index\/wp-json\/wp\/v2\/product\/95807\/revisions"}],"predecessor-version":[{"id":95814,"href":"https:\/\/brandss.com.py\/index\/wp-json\/wp\/v2\/product\/95807\/revisions\/95814"}],"wp:featuredmedia":[{"embeddable":true,"href":"https:\/\/brandss.com.py\/index\/wp-json\/wp\/v2\/media\/95808"}],"wp:attachment":[{"href":"https:\/\/brandss.com.py\/index\/wp-json\/wp\/v2\/media?parent=95807"}],"wp:term":[{"taxonomy":"product_brand","embeddable":true,"href":"https:\/\/brandss.com.py\/index\/wp-json\/wp\/v2\/product_brand?post=95807"},{"taxonomy":"product_cat","embeddable":true,"href":"https:\/\/brandss.com.py\/index\/wp-json\/wp\/v2\/product_cat?post=95807"},{"taxonomy":"product_tag","embeddable":true,"href":"https:\/\/brandss.com.py\/index\/wp-json\/wp\/v2\/product_tag?post=95807"}],"curies":[{"name":"wp","href":"https:\/\/api.w.org\/{rel}","templated":true}]}}