{"id":95829,"date":"2026-01-08T13:51:10","date_gmt":"2026-01-08T13:51:10","guid":{"rendered":"https:\/\/brandss.com.py\/index\/?post_type=product&#038;p=95829"},"modified":"2026-03-17T17:16:53","modified_gmt":"2026-03-17T17:16:53","slug":"perfume-masculino-maison-alhambra-perseus-edp-100ml","status":"publish","type":"product","link":"https:\/\/brandss.com.py\/index\/producto\/perfume-masculino-maison-alhambra-perseus-edp-100ml\/","title":{"rendered":"PERFUME MASCULINO MAISON ALHAMBRA PERSEUS EDP 100ML"},"content":{"rendered":"<p><img loading=\"lazy\" decoding=\"async\" class=\"\" src=\"https:\/\/ha-fragrances.com\/cdn\/shop\/files\/maison-alhambra-logo.png?v=1765685867&amp;width=1445\" alt=\"Salvo for Men EDP 100ML by Maison Alhambra - Warm, Spicy, and Sophisti \u2013 HA  Fragrances\" width=\"107\" height=\"107\" \/><\/p>\n<h1>PERSEUS<\/h1>\n<p>Es una fragancia estimulante, sublimemente elegante y masculina. Est\u00e1 especialmente dise\u00f1ada para hombres que disfrutan de los aromas orientales. <img loading=\"lazy\" decoding=\"async\" class=\"alignleft\" src=\"https:\/\/boatecno.com.br\/cdn\/shop\/files\/whatsapp-image-2024-01-14-at-17-42-54-08a11b30401d773d7217052649872752-640-0.webp?v=1720024791&amp;width=1445\" width=\"480\" height=\"507\" \/><\/p>\n<p>Este aroma \u00fanico combina frescura radiante y pasi\u00f3n profunda. Al usarlo, te sentir\u00e1s bien contigo mismo. Perseus combina a la perfecci\u00f3n con muchos otros y es ideal tanto para el d\u00eda como para la noche. Este perfume tiene una apariencia elegante y notas cuidadosamente estratificadas para capturar la esencia de la masculinidad moderna, sin dejar de ser atractivo para todos.<\/p>\n<p>&nbsp;<\/p>\n<h3>Notas Olfativas<\/h3>\n<p>&nbsp;<\/p>\n<p><span dir=\"auto\">Perseus es una fragancia masculina de la familia oriental. <\/span><span dir=\"auto\">Explora la cautivadora fragancia de Perseus, un aroma masculino que encarna fuerza y \u200b\u200belegancia. Las notas de salida de dulce heliotropo, bergamota vibrante y comino picante abren el camino a la experiencia sensorial, mientras que las notas de coraz\u00f3n de refrescante lavanda, almendra cremosa y delicado jazm\u00edn aportan un toque de refinamiento. Las notas de fondo, con c\u00e1lida vainilla, \u00e1mbar envolvente y s\u00e1ndalo terroso, crean un final cautivador y duradero. Elige Perseus para una experiencia olfativa que cautiva y seduce.<\/span><\/p>\n<p>&nbsp;<\/p>\n<p><span dir=\"auto\"><strong>Notas de salida:<\/strong> heliotropo, bergamota, comino.<\/span><\/p>\n<p><span dir=\"auto\"><strong>Notas de coraz\u00f3n:<\/strong> lavanda, almendra, jazm\u00edn.<\/span><\/p>\n<p><span dir=\"auto\"><strong>Notas de fondo:<\/strong> vainilla, \u00e1mbar, s\u00e1ndalo.<\/span><\/p>\n","protected":false},"excerpt":{"rendered":"<p>PERSEUS Es una fragancia estimulante, sublimemente elegante y masculina. Est\u00e1 especialmente dise\u00f1ada para hombres que disfrutan de los aromas orientales.<\/p>\n","protected":false},"featured_media":95830,"comment_status":"open","ping_status":"closed","template":"","meta":{"nf_dc_page":""},"product_brand":[107],"product_cat":[84],"product_tag":[2302],"class_list":{"0":"post-95829","1":"product","2":"type-product","3":"status-publish","4":"has-post-thumbnail","6":"product_brand-maison-alhambra","7":"product_cat-perfumeria","8":"product_tag-2302","10":"first","11":"instock","12":"shipping-taxable","13":"purchasable","14":"product-type-simple"},"_links":{"self":[{"href":"https:\/\/brandss.com.py\/index\/wp-json\/wp\/v2\/product\/95829","targetHints":{"allow":["GET"]}}],"collection":[{"href":"https:\/\/brandss.com.py\/index\/wp-json\/wp\/v2\/product"}],"about":[{"href":"https:\/\/brandss.com.py\/index\/wp-json\/wp\/v2\/types\/product"}],"replies":[{"embeddable":true,"href":"https:\/\/brandss.com.py\/index\/wp-json\/wp\/v2\/comments?post=95829"}],"version-history":[{"count":1,"href":"https:\/\/brandss.com.py\/index\/wp-json\/wp\/v2\/product\/95829\/revisions"}],"predecessor-version":[{"id":95834,"href":"https:\/\/brandss.com.py\/index\/wp-json\/wp\/v2\/product\/95829\/revisions\/95834"}],"wp:featuredmedia":[{"embeddable":true,"href":"https:\/\/brandss.com.py\/index\/wp-json\/wp\/v2\/media\/95830"}],"wp:attachment":[{"href":"https:\/\/brandss.com.py\/index\/wp-json\/wp\/v2\/media?parent=95829"}],"wp:term":[{"taxonomy":"product_brand","embeddable":true,"href":"https:\/\/brandss.com.py\/index\/wp-json\/wp\/v2\/product_brand?post=95829"},{"taxonomy":"product_cat","embeddable":true,"href":"https:\/\/brandss.com.py\/index\/wp-json\/wp\/v2\/product_cat?post=95829"},{"taxonomy":"product_tag","embeddable":true,"href":"https:\/\/brandss.com.py\/index\/wp-json\/wp\/v2\/product_tag?post=95829"}],"curies":[{"name":"wp","href":"https:\/\/api.w.org\/{rel}","templated":true}]}}