{"id":95835,"date":"2026-01-08T14:16:40","date_gmt":"2026-01-08T14:16:40","guid":{"rendered":"https:\/\/brandss.com.py\/index\/?post_type=product&#038;p=95835"},"modified":"2026-03-17T10:41:50","modified_gmt":"2026-03-17T10:41:50","slug":"perfume-femenino-maison-alhambra-reyna-pour-femme-edp-100ml","status":"publish","type":"product","link":"https:\/\/brandss.com.py\/index\/producto\/perfume-femenino-maison-alhambra-reyna-pour-femme-edp-100ml\/","title":{"rendered":"PERFUME FEMENINO MAISON ALHAMBRA REYNA POUR FEMME EDP 100ML"},"content":{"rendered":"<p><img loading=\"lazy\" decoding=\"async\" class=\"\" src=\"https:\/\/ha-fragrances.com\/cdn\/shop\/files\/maison-alhambra-logo.png?v=1765685867&amp;width=1445\" alt=\"Salvo for Men EDP 100ML by Maison Alhambra - Warm, Spicy, and Sophisti \u2013 HA  Fragrances\" width=\"96\" height=\"96\" \/><\/p>\n<h1>REYNA POUR FEMME<\/h1>\n<p>Es una fragancia fascinante que captura la esencia de la elegancia y la belleza atemporal. Este perfume es un tributo a la grandeza y el encanto de su hom\u00f3nimo.<img loading=\"lazy\" decoding=\"async\" class=\"alignleft\" src=\"https:\/\/carrefourbr.vtexassets.com\/arquivos\/ids\/194218412\/image-0.jpg?v=638896596339330000\" width=\"686\" height=\"686\" \/><\/p>\n<p><span dir=\"auto\">Reyna Pour Femme<\/span><span dir=\"auto\">, una exquisita fragancia que encapsula la esencia de la feminidad y la gracia. Lanzada en el vibrante a\u00f1o 2023, este perfume es una mezcla magistral dise\u00f1ada <\/span><span dir=\"auto\">exclusivamente para mujeres<\/span><span dir=\"auto\"> que aprecian las cosas buenas de la vida. Reyna Pour Femme, es m\u00e1s que un simple aroma; es una experiencia que deja una huella imborrable.<\/span><\/p>\n<p>Reyna es m\u00e1s que una fragancia, es un susurro arom\u00e1tico que transforma cada momento en una experiencia sensorialmente inolvidable!!!<\/p>\n<h3><\/h3>\n<h3>Notas Olfativas<\/h3>\n<p>&nbsp;<\/p>\n<p>Reyna es una fragancia de la familia olfativa Floral Frutal Gourmand para mujeres. Envuelta en un halo de seducci\u00f3n, la fragancia Reyna acaricia la piel con su mezcla celestial. Las notas iniciales de mandarina, bergamota y pomelo danzan con frescura y chispa.<\/p>\n<p>En el coraz\u00f3n, la flor de azahar del naranjo se entrelaza con la dulce sinfon\u00eda de frambuesa y grosellas negras, mientras la crema batida a\u00f1ade una textura suave y tentadora. Como un delicado juego de contrastes, el malvavisco despierta la gula de los sentidos, dejando un rastro irresistible.<\/p>\n<p>El almizcle, sensual y profundo, se entrelaza con la calidez del almizcle ambreta, dejando una estela cautivadora que perdura en la memoria.<\/p>\n<p><strong>Notas de salida:<\/strong> mandarina, bergamota, pomelo.<\/p>\n<p><strong>Notas de coraz\u00f3n:<\/strong> flor de azahar del naranjo, frambuesa, grosellas negras.<\/p>\n<p><strong>Notas de fondo:<\/strong> crema batida, malvavisco, almizcle, almizcle ambreta.<\/p>\n","protected":false},"excerpt":{"rendered":"<p>REYNA POUR FEMME Es una fragancia fascinante que captura la esencia de la elegancia y la belleza atemporal. Este perfume<\/p>\n","protected":false},"featured_media":95836,"comment_status":"open","ping_status":"closed","template":"","meta":{"nf_dc_page":""},"product_brand":[107],"product_cat":[84],"product_tag":[2303],"class_list":{"0":"post-95835","1":"product","2":"type-product","3":"status-publish","4":"has-post-thumbnail","6":"product_brand-maison-alhambra","7":"product_cat-perfumeria","8":"product_tag-2303","10":"first","11":"instock","12":"shipping-taxable","13":"purchasable","14":"product-type-simple"},"_links":{"self":[{"href":"https:\/\/brandss.com.py\/index\/wp-json\/wp\/v2\/product\/95835","targetHints":{"allow":["GET"]}}],"collection":[{"href":"https:\/\/brandss.com.py\/index\/wp-json\/wp\/v2\/product"}],"about":[{"href":"https:\/\/brandss.com.py\/index\/wp-json\/wp\/v2\/types\/product"}],"replies":[{"embeddable":true,"href":"https:\/\/brandss.com.py\/index\/wp-json\/wp\/v2\/comments?post=95835"}],"version-history":[{"count":1,"href":"https:\/\/brandss.com.py\/index\/wp-json\/wp\/v2\/product\/95835\/revisions"}],"predecessor-version":[{"id":95841,"href":"https:\/\/brandss.com.py\/index\/wp-json\/wp\/v2\/product\/95835\/revisions\/95841"}],"wp:featuredmedia":[{"embeddable":true,"href":"https:\/\/brandss.com.py\/index\/wp-json\/wp\/v2\/media\/95836"}],"wp:attachment":[{"href":"https:\/\/brandss.com.py\/index\/wp-json\/wp\/v2\/media?parent=95835"}],"wp:term":[{"taxonomy":"product_brand","embeddable":true,"href":"https:\/\/brandss.com.py\/index\/wp-json\/wp\/v2\/product_brand?post=95835"},{"taxonomy":"product_cat","embeddable":true,"href":"https:\/\/brandss.com.py\/index\/wp-json\/wp\/v2\/product_cat?post=95835"},{"taxonomy":"product_tag","embeddable":true,"href":"https:\/\/brandss.com.py\/index\/wp-json\/wp\/v2\/product_tag?post=95835"}],"curies":[{"name":"wp","href":"https:\/\/api.w.org\/{rel}","templated":true}]}}