{"id":95848,"date":"2026-01-08T17:23:16","date_gmt":"2026-01-08T17:23:16","guid":{"rendered":"https:\/\/brandss.com.py\/index\/?post_type=product&#038;p=95848"},"modified":"2026-03-06T12:52:37","modified_gmt":"2026-03-06T12:52:37","slug":"cepillo-de-dientes-electrico-xiaomi-toothbrush-t302-silver","status":"publish","type":"product","link":"https:\/\/brandss.com.py\/index\/producto\/cepillo-de-dientes-electrico-xiaomi-toothbrush-t302-silver\/","title":{"rendered":"CEPILLO DE DIENTES EL\u00c9CTRICO XIAOMI TOOTHBRUSH T302 SILVER"},"content":{"rendered":"<p><img loading=\"lazy\" decoding=\"async\" class=\"\" src=\"https:\/\/images.seeklogo.com\/logo-png\/40\/2\/xiaomi-new-2021-logo-png_seeklogo-400999.png\" alt=\"Xiaomi Logo PNG Vectors Free Download\" width=\"80\" height=\"80\" \/><\/p>\n<h1>TOOTHBRUSH T302<\/h1>\n<p>Descubre una nueva dimensi\u00f3n en el cuidado dental con el cepillo de dientes el\u00e9ctrico Xiaomi Electric Toothbrush T302. Este avanzado dispositivo cuenta con 4 modos de limpieza que se adaptan a tus necesidades diarias: limpieza est\u00e1ndar, delicado y gentil, limpieza eficiente, y masaje de enc\u00edas.<img loading=\"lazy\" decoding=\"async\" class=\"alignleft\" src=\"https:\/\/s.alicdn.com\/@sc04\/kf\/Ha322822eff1b4886bba67d8632a42b32I.jpg?avif=close&amp;webp=close\" width=\"615\" height=\"615\" \/><\/p>\n<p>Dise\u00f1ado para proporcionar una experiencia de limpieza que va de suave a fuerte, este cepillo integra tecnolog\u00eda inteligente para un cuidado bucal superior.<\/p>\n<p>Equipado con 4 cabezales intercambiables, asegura una higiene prolongada sin complicaciones.<\/p>\n<p>Ideal para nuevos usuarios y quienes tienen enc\u00edas sensibles, el modo delicado y gentil ofrece una limpieza suave, mientras que el modo de masaje cuida tus enc\u00edas con movimientos alternos para prevenir el sangrado. La autonom\u00eda de este cepillo es impresionante, con una duraci\u00f3n de bater\u00eda de hasta 65 d\u00edas en modo de limpieza est\u00e1ndar y 150 d\u00edas en modo suave.<\/p>\n<p>No m\u00e1s preocupaciones por recargar tu cepillo constantemente. Opta por el cepillo de dientes el\u00e9ctrico Xiaomi para un cuidado oral eficiente y personalizado que se ajusta perfectamente a tu estilo de vida.<\/p>\n<p>&nbsp;<\/p>\n<h3 class=\"  lazy\" data-type=\"bg\" data-id=\"ac59d19ddc\" data-loaded=\"true\"><span class=\"xm-text f-bold \" data-key=\"spec_1\" data-type=\"text\" data-id=\"7369f6a151\">Especificaciones<\/span><\/h3>\n<p>&nbsp;<\/p>\n<div class=\"  lazy\" role=\"\" data-type=\"bg\" data-id=\"5b1cfc9386\" data-background-image=\"\" data-loaded=\"true\">\n<div class=\"  lazy\" role=\"\" data-type=\"bg\" data-id=\"cf06503155\" data-background-image=\"\" data-loaded=\"true\"><span class=\"xm-text f-bold \" data-key=\"spec_2\" data-type=\"text\" data-id=\"bd81f46d27\">Nombre del producto: <\/span><span class=\"xm-text f-regular \" data-key=\"spec_3\" data-type=\"text\" data-id=\"8cda8bcb3d\">Xiaomi Electric Toothbrush T302.<\/span><\/div>\n<div class=\"  lazy\" role=\"\" data-type=\"bg\" data-id=\"acf3d09c95\" data-background-image=\"\" data-loaded=\"true\"><span class=\"xm-text f-bold \" data-key=\"spec_4\" data-type=\"text\" data-id=\"6e791fc266\">Modelo: <\/span><span class=\"xm-text f-regular \" data-key=\"spec_5\" data-type=\"text\" data-id=\"b45fbc46f8\">MES608.<\/span><\/div>\n<div class=\"  lazy\" role=\"\" data-type=\"bg\" data-id=\"f42028fa51\" data-background-image=\"\" data-loaded=\"true\"><span class=\"xm-text f-bold \" data-key=\"spec_6\" data-type=\"text\" data-id=\"31aa6bb71a\">Voltaje nominal: <\/span><span class=\"xm-text f-regular \" data-key=\"spec_7\" data-type=\"text\" data-id=\"08840de9ab\">3.6V\u2393.<\/span><\/div>\n<div class=\"  lazy\" role=\"\" data-type=\"bg\" data-id=\"d25b1d0ebe\" data-background-image=\"\" data-loaded=\"true\"><span class=\"xm-text f-bold \" data-key=\"spec_8\" data-type=\"text\" data-id=\"f6e9a95760\">Potencia: <\/span><span class=\"xm-text f-regular \" data-key=\"spec_9\" data-type=\"text\" data-id=\"ccd61e225a\">2W.<\/span><\/div>\n<div class=\"  lazy\" role=\"\" data-type=\"bg\" data-id=\"75cd9c9147\" data-background-image=\"\" data-loaded=\"true\"><span class=\"xm-text f-bold \" data-key=\"spec_10\" data-type=\"text\" data-id=\"c7da73b399\">Entrada nominal: <\/span><span class=\"xm-text f-regular \" data-key=\"spec_11\" data-type=\"text\" data-id=\"d025ed0b2b\">5V\u23931A.<\/span><\/div>\n<div class=\"  lazy\" role=\"\" data-type=\"bg\" data-id=\"152e46a9fa\" data-background-image=\"\" data-loaded=\"true\"><span class=\"xm-text f-bold \" data-key=\"spec_12\" data-type=\"text\" data-id=\"8a4ed61c9a\">Tiempo de carga: <\/span><span class=\"xm-text f-regular \" data-key=\"spec_13\" data-type=\"text\" data-id=\"50d1021395\">4 horas.<\/span><\/div>\n<\/div>\n","protected":false},"excerpt":{"rendered":"<p>TOOTHBRUSH T302 Descubre una nueva dimensi\u00f3n en el cuidado dental con el cepillo de dientes el\u00e9ctrico Xiaomi Electric Toothbrush T302.<\/p>\n","protected":false},"featured_media":95849,"comment_status":"open","ping_status":"closed","template":"","meta":{"nf_dc_page":""},"product_brand":[977],"product_cat":[94],"product_tag":[2305],"class_list":{"0":"post-95848","1":"product","2":"type-product","3":"status-publish","4":"has-post-thumbnail","6":"product_brand-xiaomi","7":"product_cat-higiene-personal","8":"product_tag-2305","10":"first","11":"outofstock","12":"shipping-taxable","13":"purchasable","14":"product-type-simple"},"_links":{"self":[{"href":"https:\/\/brandss.com.py\/index\/wp-json\/wp\/v2\/product\/95848","targetHints":{"allow":["GET"]}}],"collection":[{"href":"https:\/\/brandss.com.py\/index\/wp-json\/wp\/v2\/product"}],"about":[{"href":"https:\/\/brandss.com.py\/index\/wp-json\/wp\/v2\/types\/product"}],"replies":[{"embeddable":true,"href":"https:\/\/brandss.com.py\/index\/wp-json\/wp\/v2\/comments?post=95848"}],"version-history":[{"count":1,"href":"https:\/\/brandss.com.py\/index\/wp-json\/wp\/v2\/product\/95848\/revisions"}],"predecessor-version":[{"id":95858,"href":"https:\/\/brandss.com.py\/index\/wp-json\/wp\/v2\/product\/95848\/revisions\/95858"}],"wp:featuredmedia":[{"embeddable":true,"href":"https:\/\/brandss.com.py\/index\/wp-json\/wp\/v2\/media\/95849"}],"wp:attachment":[{"href":"https:\/\/brandss.com.py\/index\/wp-json\/wp\/v2\/media?parent=95848"}],"wp:term":[{"taxonomy":"product_brand","embeddable":true,"href":"https:\/\/brandss.com.py\/index\/wp-json\/wp\/v2\/product_brand?post=95848"},{"taxonomy":"product_cat","embeddable":true,"href":"https:\/\/brandss.com.py\/index\/wp-json\/wp\/v2\/product_cat?post=95848"},{"taxonomy":"product_tag","embeddable":true,"href":"https:\/\/brandss.com.py\/index\/wp-json\/wp\/v2\/product_tag?post=95848"}],"curies":[{"name":"wp","href":"https:\/\/api.w.org\/{rel}","templated":true}]}}