{"id":95859,"date":"2026-01-08T17:40:09","date_gmt":"2026-01-08T17:40:09","guid":{"rendered":"https:\/\/brandss.com.py\/index\/?post_type=product&#038;p=95859"},"modified":"2026-01-08T17:42:44","modified_gmt":"2026-01-08T17:42:44","slug":"gorro-deportivo-unisex-puma-sportswear-black","status":"publish","type":"product","link":"https:\/\/brandss.com.py\/index\/producto\/gorro-deportivo-unisex-puma-sportswear-black\/","title":{"rendered":"GORRO DEPORTIVO UNISEX PUMA SPORTSWEAR BLACK"},"content":{"rendered":"<p><img loading=\"lazy\" decoding=\"async\" class=\"\" src=\"https:\/\/1000marcas.net\/wp-content\/uploads\/2019\/12\/logo-Puma.png\" alt=\"Logo de Puma: la historia y el significado del logotipo, la marca y el  s\u00edmbolo. | png, vector\" width=\"129\" height=\"64\" \/><\/p>\n<h1>SPORTSWEAR<\/h1>\n<div class=\"col-span-full\">\n<div>\n<p><span dir=\"auto\">Una gorra cl\u00e1sica con un look fresco y depurado, esta gorra Sportswear presenta una construcci\u00f3n atemporal de seis paneles y sarga de algod\u00f3n. Cuenta con ojales bordados, un cierre de velcro que protege el cabello y el logo PUMA Sportswear bordado en la parte delantera con una fuente sencilla y minimalista.<\/span><\/p>\n<\/div>\n<\/div>\n<div>\n<h2><span dir=\"auto\">DETALLES<\/span><\/h2>\n<ul>\n<li><span dir=\"auto\">Ala curva.<\/span><\/li>\n<li><span dir=\"auto\">Cierre de velcro.<\/span><\/li>\n<li><span dir=\"auto\">Marca PUMA Sportswear en la parte delantera.<\/span><\/li>\n<li><span dir=\"auto\"><span dir=\"auto\">Modelo<\/span><\/span><span dir=\"auto\"><span dir=\"auto\">:\u00a0<\/span><\/span><span dir=\"auto\"><span dir=\"auto\">024036_01.<\/span><\/span><\/li>\n<li><span dir=\"auto\"><span dir=\"auto\">Color<\/span><\/span><span dir=\"auto\"><span dir=\"auto\">:\u00a0<\/span><\/span><span dir=\"auto\"><span dir=\"auto\">Puma Negro.<\/span><\/span><\/li>\n<\/ul>\n<\/div>\n<div>\n<h2><span dir=\"auto\">INFORMACI\u00d3N MATERIAL<\/span><\/h2>\n<ul>\n<li><span dir=\"auto\">Exterior: 100% algod\u00f3n<\/span><\/li>\n<\/ul>\n<\/div>\n<div>\n<h2><span dir=\"auto\">INSTRUCCIONES DE CUIDADO<\/span><\/h2>\n<ul>\n<li><span dir=\"auto\">Sin forro<\/span><\/li>\n<li><span dir=\"auto\">No escurrir<\/span><\/li>\n<li><span dir=\"auto\">Estirar hasta su forma original mientras est\u00e1 h\u00famedo.<\/span><\/li>\n<li><span dir=\"auto\">Utilice detergente para los colores.<\/span><\/li>\n<li><span dir=\"auto\">Exclusivo de Decoraci\u00f3n<\/span><\/li>\n<\/ul>\n<\/div>\n","protected":false},"excerpt":{"rendered":"<p>SPORTSWEAR Una gorra cl\u00e1sica con un look fresco y depurado, esta gorra Sportswear presenta una construcci\u00f3n atemporal de seis paneles<\/p>\n","protected":false},"featured_media":95860,"comment_status":"open","ping_status":"closed","template":"","meta":{"nf_dc_page":""},"product_brand":[2306],"product_cat":[74,77],"product_tag":[2307],"class_list":{"0":"post-95859","1":"product","2":"type-product","3":"status-publish","4":"has-post-thumbnail","6":"product_brand-puma","7":"product_cat-accesorios-fem","8":"product_cat-accesorios-masc","9":"product_tag-024036-01","11":"first","12":"instock","13":"shipping-taxable","14":"purchasable","15":"product-type-simple"},"_links":{"self":[{"href":"https:\/\/brandss.com.py\/index\/wp-json\/wp\/v2\/product\/95859","targetHints":{"allow":["GET"]}}],"collection":[{"href":"https:\/\/brandss.com.py\/index\/wp-json\/wp\/v2\/product"}],"about":[{"href":"https:\/\/brandss.com.py\/index\/wp-json\/wp\/v2\/types\/product"}],"replies":[{"embeddable":true,"href":"https:\/\/brandss.com.py\/index\/wp-json\/wp\/v2\/comments?post=95859"}],"version-history":[{"count":1,"href":"https:\/\/brandss.com.py\/index\/wp-json\/wp\/v2\/product\/95859\/revisions"}],"predecessor-version":[{"id":95865,"href":"https:\/\/brandss.com.py\/index\/wp-json\/wp\/v2\/product\/95859\/revisions\/95865"}],"wp:featuredmedia":[{"embeddable":true,"href":"https:\/\/brandss.com.py\/index\/wp-json\/wp\/v2\/media\/95860"}],"wp:attachment":[{"href":"https:\/\/brandss.com.py\/index\/wp-json\/wp\/v2\/media?parent=95859"}],"wp:term":[{"taxonomy":"product_brand","embeddable":true,"href":"https:\/\/brandss.com.py\/index\/wp-json\/wp\/v2\/product_brand?post=95859"},{"taxonomy":"product_cat","embeddable":true,"href":"https:\/\/brandss.com.py\/index\/wp-json\/wp\/v2\/product_cat?post=95859"},{"taxonomy":"product_tag","embeddable":true,"href":"https:\/\/brandss.com.py\/index\/wp-json\/wp\/v2\/product_tag?post=95859"}],"curies":[{"name":"wp","href":"https:\/\/api.w.org\/{rel}","templated":true}]}}