{"id":95866,"date":"2026-01-08T17:56:27","date_gmt":"2026-01-08T17:56:27","guid":{"rendered":"https:\/\/brandss.com.py\/index\/?post_type=product&#038;p=95866"},"modified":"2026-01-08T17:57:02","modified_gmt":"2026-01-08T17:57:02","slug":"gorro-deportivo-femenino-puma-ess-n1-pink","status":"publish","type":"product","link":"https:\/\/brandss.com.py\/index\/producto\/gorro-deportivo-femenino-puma-ess-n1-pink\/","title":{"rendered":"GORRO DEPORTIVO FEMENINO PUMA ESS N\u00b01 PINK"},"content":{"rendered":"<p><img loading=\"lazy\" decoding=\"async\" class=\"\" src=\"https:\/\/1000marcas.net\/wp-content\/uploads\/2019\/12\/logo-Puma.png\" alt=\"Logo de Puma: la historia y el significado del logotipo, la marca y el  s\u00edmbolo. | png, vector\" width=\"87\" height=\"43\" \/><\/p>\n<h1>ESS N\u00b01<\/h1>\n<div class=\"mb3\">\n<div class=\"dangerous-html mb3\">\n<p>Te presentamos la gorra de b\u00e9isbol Essentials No.1: un b\u00e1sico deportivo atemporal perfecto para el d\u00eda a d\u00eda.<\/p>\n<h3>Detalles<\/h3>\n<\/div>\n<\/div>\n<div class=\"mb3 f6 mid-gray lh-title overflow-visible db\">\n<div class=\"dangerous-html mb3\">\n<div>Visera curvada.<\/div>\n<div>Ajustador textil de velcro.<\/div>\n<div>Logotipo tridimensional PUMA n.\u00ba 1 bordado en la parte delantera.<\/div>\n<div>Confecci\u00f3n de 6 paneles.<\/div>\n<div>Modelo: 024357-12<\/div>\n<div>Color: Rosa.<\/div>\n<\/div>\n<div>\n<h3 class=\"flex items-center mv0 lh-copy f5 pb1 dark-gray\">Instrucciones para el cuidado de la tela<\/h3>\n<div class=\"mv0 lh-copy mid-gray f6\">Lavar a mano o en lavadora en ciclo delicado, utilizar agua fr\u00eda.<\/div>\n<div class=\"mv0 lh-copy mid-gray f6\">Utiliza detergentes suaves.<\/div>\n<div class=\"mv0 lh-copy mid-gray f6\">NO USES BLANQUEADORES.<\/div>\n<div class=\"mv0 lh-copy mid-gray f6\">NO USES SUAVIZANTES.<\/div>\n<div class=\"mv0 lh-copy mid-gray f6\">NO exprimir.<\/div>\n<div class=\"mv0 lh-copy mid-gray f6\">Enjuagar muy bien, que no le queden restos de jab\u00f3n.<\/div>\n<div class=\"mv0 lh-copy mid-gray f6\">Poner a secar en la sombra.<\/div>\n<\/div>\n<\/div>\n","protected":false},"excerpt":{"rendered":"<p>ESS N\u00b01 Te presentamos la gorra de b\u00e9isbol Essentials No.1: un b\u00e1sico deportivo atemporal perfecto para el d\u00eda a d\u00eda.<\/p>\n","protected":false},"featured_media":95867,"comment_status":"open","ping_status":"closed","template":"","meta":{"nf_dc_page":""},"product_brand":[2306],"product_cat":[74],"product_tag":[2308],"class_list":{"0":"post-95866","1":"product","2":"type-product","3":"status-publish","4":"has-post-thumbnail","6":"product_brand-puma","7":"product_cat-accesorios-fem","8":"product_tag-024357-12","10":"first","11":"instock","12":"shipping-taxable","13":"purchasable","14":"product-type-simple"},"_links":{"self":[{"href":"https:\/\/brandss.com.py\/index\/wp-json\/wp\/v2\/product\/95866","targetHints":{"allow":["GET"]}}],"collection":[{"href":"https:\/\/brandss.com.py\/index\/wp-json\/wp\/v2\/product"}],"about":[{"href":"https:\/\/brandss.com.py\/index\/wp-json\/wp\/v2\/types\/product"}],"replies":[{"embeddable":true,"href":"https:\/\/brandss.com.py\/index\/wp-json\/wp\/v2\/comments?post=95866"}],"version-history":[{"count":1,"href":"https:\/\/brandss.com.py\/index\/wp-json\/wp\/v2\/product\/95866\/revisions"}],"predecessor-version":[{"id":95871,"href":"https:\/\/brandss.com.py\/index\/wp-json\/wp\/v2\/product\/95866\/revisions\/95871"}],"wp:featuredmedia":[{"embeddable":true,"href":"https:\/\/brandss.com.py\/index\/wp-json\/wp\/v2\/media\/95867"}],"wp:attachment":[{"href":"https:\/\/brandss.com.py\/index\/wp-json\/wp\/v2\/media?parent=95866"}],"wp:term":[{"taxonomy":"product_brand","embeddable":true,"href":"https:\/\/brandss.com.py\/index\/wp-json\/wp\/v2\/product_brand?post=95866"},{"taxonomy":"product_cat","embeddable":true,"href":"https:\/\/brandss.com.py\/index\/wp-json\/wp\/v2\/product_cat?post=95866"},{"taxonomy":"product_tag","embeddable":true,"href":"https:\/\/brandss.com.py\/index\/wp-json\/wp\/v2\/product_tag?post=95866"}],"curies":[{"name":"wp","href":"https:\/\/api.w.org\/{rel}","templated":true}]}}