{"id":95872,"date":"2026-01-08T18:18:43","date_gmt":"2026-01-08T18:18:43","guid":{"rendered":"https:\/\/brandss.com.py\/index\/?post_type=product&#038;p=95872"},"modified":"2026-01-08T18:19:20","modified_gmt":"2026-01-08T18:19:20","slug":"gorro-deportivo-unisex-puma-essentials-white","status":"publish","type":"product","link":"https:\/\/brandss.com.py\/index\/producto\/gorro-deportivo-unisex-puma-essentials-white\/","title":{"rendered":"GORRO DEPORTIVO UNISEX PUMA ESSENTIALS WHITE"},"content":{"rendered":"<p><img loading=\"lazy\" decoding=\"async\" class=\"\" src=\"https:\/\/1000marcas.net\/wp-content\/uploads\/2019\/12\/logo-Puma.png\" alt=\"Logo de Puma: la historia y el significado del logotipo, la marca y el  s\u00edmbolo. | png, vector\" width=\"122\" height=\"61\" \/><\/p>\n<h1>ESSENTIALS<\/h1>\n<p><span dir=\"auto\">Mejora tu vestuario deportivo con la gorra PUMA Essentials. Esta vers\u00e1til gorra fitnEssentials est\u00e1 dise\u00f1ada para mantenerte fresco y c\u00f3modo durante tus sesiones de entrenamiento m\u00e1s intensas. Con su dise\u00f1o ligero y transpirable, garantiza una ventilaci\u00f3n \u00f3ptima mientras te esfuerzas al m\u00e1ximo. La correa ajustable permite un ajuste personalizado, mientras que el cl\u00e1sico logo de PUMA le da un toque deportivo a tu look. Mant\u00e9n la concentraci\u00f3n y la motivaci\u00f3n con la gorra Essentials de PUMA, tu accesorio imprescindible para todas tus actividades fitnEssentials.<\/span><\/p>\n<div class=\"single-story-block\">\n<h3><span dir=\"auto\">DETALLES<\/span><\/h3>\n<ul>\n<li><span dir=\"auto\">Visera curva.<\/span><\/li>\n<li><span dir=\"auto\">Dise\u00f1o de 6 paneles.<\/span><\/li>\n<li><span dir=\"auto\">Ojales bordados para una mejor ventilaci\u00f3n.<\/span><\/li>\n<li><span dir=\"auto\">Ajustador de velcro.<\/span><\/li>\n<li class=\"product-accordion-item-li\"><span dir=\"auto\"><span dir=\"auto\">Modelo: <\/span><\/span><span class=\"js-content-style-value js-desc-style\" dir=\"null\"><span dir=\"auto\"><span dir=\"auto\">052919_10.<\/span><\/span><\/span><\/li>\n<li class=\"product-accordion-item-li\"><span dir=\"auto\"><span dir=\"auto\">Color: Puma White.<\/span><\/span><\/li>\n<\/ul>\n<\/div>\n<div class=\"single-story-block\">\n<h3 class=\"material-info-label\"><span dir=\"auto\">Informaci\u00f3n del material<\/span><\/h3>\n<ul class=\"material-info\">\n<li class=\"material-info-value\"><span dir=\"auto\">Exterior: 100% algod\u00f3n.<\/span><\/li>\n<li class=\"material-info-value\"><span dir=\"auto\">Bajo la visera: 100% algod\u00f3n.<\/span><\/li>\n<\/ul>\n<\/div>\n<div class=\"single-story-block\">\n<h3 class=\"care-instructions-label\"><span dir=\"auto\">Instrucciones de cuidado<\/span><\/h3>\n<ul class=\"care-symbols-list\">\n<li><span dir=\"auto\">Utilice detergente para los colores.<\/span><\/li>\n<li><span dir=\"auto\">No escurrir.<\/span><\/li>\n<li><span dir=\"auto\">Estirar hasta su forma original mientras est\u00e1 h\u00famedo.<\/span><\/li>\n<li><span dir=\"auto\">Exclusivo de Decoraci\u00f3n.<\/span><\/li>\n<li><span dir=\"auto\">Lavar con colores similares.<\/span><\/li>\n<\/ul>\n<\/div>\n","protected":false},"excerpt":{"rendered":"<p>ESSENTIALS Mejora tu vestuario deportivo con la gorra PUMA Essentials. Esta vers\u00e1til gorra fitnEssentials est\u00e1 dise\u00f1ada para mantenerte fresco y<\/p>\n","protected":false},"featured_media":95873,"comment_status":"open","ping_status":"closed","template":"","meta":{"nf_dc_page":""},"product_brand":[2306],"product_cat":[74,77],"product_tag":[2314],"class_list":{"0":"post-95872","1":"product","2":"type-product","3":"status-publish","4":"has-post-thumbnail","6":"product_brand-puma","7":"product_cat-accesorios-fem","8":"product_cat-accesorios-masc","9":"product_tag-052919-10","11":"first","12":"instock","13":"shipping-taxable","14":"purchasable","15":"product-type-simple"},"_links":{"self":[{"href":"https:\/\/brandss.com.py\/index\/wp-json\/wp\/v2\/product\/95872","targetHints":{"allow":["GET"]}}],"collection":[{"href":"https:\/\/brandss.com.py\/index\/wp-json\/wp\/v2\/product"}],"about":[{"href":"https:\/\/brandss.com.py\/index\/wp-json\/wp\/v2\/types\/product"}],"replies":[{"embeddable":true,"href":"https:\/\/brandss.com.py\/index\/wp-json\/wp\/v2\/comments?post=95872"}],"version-history":[{"count":1,"href":"https:\/\/brandss.com.py\/index\/wp-json\/wp\/v2\/product\/95872\/revisions"}],"predecessor-version":[{"id":95877,"href":"https:\/\/brandss.com.py\/index\/wp-json\/wp\/v2\/product\/95872\/revisions\/95877"}],"wp:featuredmedia":[{"embeddable":true,"href":"https:\/\/brandss.com.py\/index\/wp-json\/wp\/v2\/media\/95873"}],"wp:attachment":[{"href":"https:\/\/brandss.com.py\/index\/wp-json\/wp\/v2\/media?parent=95872"}],"wp:term":[{"taxonomy":"product_brand","embeddable":true,"href":"https:\/\/brandss.com.py\/index\/wp-json\/wp\/v2\/product_brand?post=95872"},{"taxonomy":"product_cat","embeddable":true,"href":"https:\/\/brandss.com.py\/index\/wp-json\/wp\/v2\/product_cat?post=95872"},{"taxonomy":"product_tag","embeddable":true,"href":"https:\/\/brandss.com.py\/index\/wp-json\/wp\/v2\/product_tag?post=95872"}],"curies":[{"name":"wp","href":"https:\/\/api.w.org\/{rel}","templated":true}]}}