{"id":95887,"date":"2026-01-09T12:35:44","date_gmt":"2026-01-09T12:35:44","guid":{"rendered":"https:\/\/brandss.com.py\/index\/?post_type=product&#038;p=95887"},"modified":"2026-01-14T16:38:44","modified_gmt":"2026-01-14T16:38:44","slug":"camiseta-deportivo-masculino-under-armour-coldgear-armour-comp-mock-mangas-largas","status":"publish","type":"product","link":"https:\/\/brandss.com.py\/index\/producto\/camiseta-deportivo-masculino-under-armour-coldgear-armour-comp-mock-mangas-largas\/","title":{"rendered":"CAMISETA DEPORTIVO MASCULINO UNDER ARMOUR COLDGEAR ARMOUR COMP MOCK MANGAS LARGAS"},"content":{"rendered":"<p><img loading=\"lazy\" decoding=\"async\" class=\"\" src=\"https:\/\/upload.wikimedia.org\/wikipedia\/commons\/4\/44\/Under_armour_logo.svg\" alt=\"Under Armour - Wikipedia\" width=\"97\" height=\"57\" \/><\/p>\n<h1>COLDGEAR ARMOUR COMP MOCK<\/h1>\n<p>Nosotros tambi\u00e9n la odiamos. Nos referimos a esa sensaci\u00f3n de rigidez que te distrae cuando sales ah\u00ed fuera a darlo todo en los d\u00edas de fr\u00edo. Por eso, hemos dise\u00f1ado esta prenda interior que no a\u00f1ade volumen y que no se sube para que puedas mantener la calidez, la transpirabilidad y la concentraci\u00f3n durante toda la temporada.<\/p>\n<h1 class=\"feature-benefits_label\">Caracter\u00edsticas<\/h1>\n<ul class=\"feature-benefits_data\" role=\"list\">\n<li class=\"feature-benefits_list flex-grow \" role=\"listitem\"><span class=\"feature-icon-label\">Estiramiento en 4 direcciones.<\/span><\/li>\n<li class=\"feature-benefits_list flex-grow \" role=\"listitem\"><span class=\"feature-icon-label\">Te mantiene caliente.<\/span><\/li>\n<li class=\"feature-benefits_list flex-grow \" role=\"listitem\"><span class=\"feature-icon-label\">Secado r\u00e1pido.<\/span><\/li>\n<li class=\"feature-benefits_list flex-grow \" role=\"listitem\"><span class=\"feature-icon-label\">Absorbe la humedad.<\/span><\/li>\n<\/ul>\n<div class=\"g-tabs--desktop\"><\/div>\n<div class=\"b-product_description-items g-accordion--mobile g-tabs-content\">\n<div id=\"tab-1\" class=\"g-accordion-item g-tabs-pane tab-pane show active\" role=\"tabpanel\" aria-labelledby=\"acc-1\">\n<h3 class=\"sr-only\">Detalles<\/h3>\n<div id=\"acc-1\" class=\"g-accordion-content collapse show\">\n<ul class=\"t-tabs_data\" role=\"list\">\n<li class=\"t-tabs_list\" role=\"listitem\">Tejido de doble capa con interior cepillado ultrac\u00e1lido y exterior suave de secado r\u00e1pido.<\/li>\n<li class=\"t-tabs_list\" role=\"listitem\">Paneles de malla el\u00e1stica en las axilas y la parte posterior que proporcionan una ventilaci\u00f3n estrat\u00e9gica sin sacrificar la calidez.<\/li>\n<li class=\"t-tabs_list\" role=\"listitem\">El material el\u00e1stico en 4 direcciones permite mayor libertad de movimiento en cualquier direcci\u00f3n.<\/li>\n<li class=\"t-tabs_list\" role=\"listitem\">El material absorbe el sudor y se seca muy r\u00e1pidamente.<\/li>\n<li class=\"t-tabs_list\" role=\"listitem\">Gracias al dise\u00f1o ergon\u00f3mico, las costuras est\u00e1n lejos de las \u00e1reas de abrasi\u00f3n.<\/li>\n<li class=\"t-tabs_list\" role=\"listitem\">La confecci\u00f3n de cuello redondo brinda cobertura y calor adicional.<\/li>\n<li class=\"t-tabs_list\">Modelo: 1366072-001.<\/li>\n<li class=\"t-tabs_list\">86 % poli\u00e9ster\/13 % elastano.<\/li>\n<li class=\"t-tabs_list\">Importado.<\/li>\n<li role=\"listitem\">Color: Negro.<\/li>\n<\/ul>\n<div class=\"b-product_description-items g-accordion--mobile g-tabs-content\">\n<div id=\"tab-3\" class=\"g-accordion-item g-tabs-pane tab-pane active\" role=\"tabpanel\" aria-labelledby=\"acc-3\">\n<h3 class=\"sr-only\">Ajuste y cuidado del producto<\/h3>\n<div id=\"acc-3\" class=\"g-accordion-content collapse\">\n<ul class=\"t-tabs_data\">\n<li class=\"t-tabs_list\"><span class=\"t-bold_font\">Compresi\u00f3n:\u00a0<\/span>Dise\u00f1o ultrace\u00f1ido, como una segunda piel.<\/li>\n<li class=\"t-tabs_list\">Lavar a m\u00e1quina con agua fr\u00eda con prendas de colores similares.<\/li>\n<li class=\"t-tabs_list\">Usar solo blanqueador sin cloro cuando sea necesario.<\/li>\n<li class=\"t-tabs_list\">Secar en secadora a temperatura baja.<\/li>\n<li class=\"t-tabs_list\">No planchar.<\/li>\n<li class=\"t-tabs_list\">No usar suavizantes.<\/li>\n<li class=\"t-tabs_list\">No lavar en seco.<\/li>\n<\/ul>\n<\/div>\n<\/div>\n<\/div>\n<\/div>\n<\/div>\n<\/div>\n","protected":false},"excerpt":{"rendered":"<p>COLDGEAR ARMOUR COMP MOCK Nosotros tambi\u00e9n la odiamos. Nos referimos a esa sensaci\u00f3n de rigidez que te distrae cuando sales<\/p>\n","protected":false},"featured_media":95904,"comment_status":"open","ping_status":"closed","template":"","meta":{"nf_dc_page":""},"product_brand":[2332],"product_cat":[76],"product_tag":[2353],"class_list":{"0":"post-95887","1":"product","2":"type-product","3":"status-publish","4":"has-post-thumbnail","6":"product_brand-under-armour","7":"product_cat-masculino","8":"product_tag-2353","10":"first","11":"instock","12":"shipping-taxable","13":"purchasable","14":"product-type-simple"},"_links":{"self":[{"href":"https:\/\/brandss.com.py\/index\/wp-json\/wp\/v2\/product\/95887","targetHints":{"allow":["GET"]}}],"collection":[{"href":"https:\/\/brandss.com.py\/index\/wp-json\/wp\/v2\/product"}],"about":[{"href":"https:\/\/brandss.com.py\/index\/wp-json\/wp\/v2\/types\/product"}],"replies":[{"embeddable":true,"href":"https:\/\/brandss.com.py\/index\/wp-json\/wp\/v2\/comments?post=95887"}],"version-history":[{"count":1,"href":"https:\/\/brandss.com.py\/index\/wp-json\/wp\/v2\/product\/95887\/revisions"}],"predecessor-version":[{"id":95888,"href":"https:\/\/brandss.com.py\/index\/wp-json\/wp\/v2\/product\/95887\/revisions\/95888"}],"wp:featuredmedia":[{"embeddable":true,"href":"https:\/\/brandss.com.py\/index\/wp-json\/wp\/v2\/media\/95904"}],"wp:attachment":[{"href":"https:\/\/brandss.com.py\/index\/wp-json\/wp\/v2\/media?parent=95887"}],"wp:term":[{"taxonomy":"product_brand","embeddable":true,"href":"https:\/\/brandss.com.py\/index\/wp-json\/wp\/v2\/product_brand?post=95887"},{"taxonomy":"product_cat","embeddable":true,"href":"https:\/\/brandss.com.py\/index\/wp-json\/wp\/v2\/product_cat?post=95887"},{"taxonomy":"product_tag","embeddable":true,"href":"https:\/\/brandss.com.py\/index\/wp-json\/wp\/v2\/product_tag?post=95887"}],"curies":[{"name":"wp","href":"https:\/\/api.w.org\/{rel}","templated":true}]}}