{"id":95889,"date":"2026-01-09T14:11:24","date_gmt":"2026-01-09T14:11:24","guid":{"rendered":"https:\/\/brandss.com.py\/index\/?post_type=product&#038;p=95889"},"modified":"2026-01-15T12:20:15","modified_gmt":"2026-01-15T12:20:15","slug":"calzado-casual-femenino-skechers-premium-leather-slip-ins-snoop-one-og-black","status":"publish","type":"product","link":"https:\/\/brandss.com.py\/index\/producto\/calzado-casual-femenino-skechers-premium-leather-slip-ins-snoop-one-og-black\/","title":{"rendered":"CALZADO CASUAL FEMENINO SKECHERS PREMIUM LEATHER SLIP-INS SNOOP ONE &#8211; OG BLACK"},"content":{"rendered":"<p><img loading=\"lazy\" decoding=\"async\" class=\"\" src=\"https:\/\/sh.skechers.com\/logos\/images\/CORP_SKX_BLU-logo.jpg\" alt=\"Skechers Logos\" width=\"108\" height=\"108\" \/><\/p>\n<h1>SLIP-INS SNOOP ONE &#8211; OG<\/h1>\n<p>Las\u00a0<strong>calzados Skechers Slip-Ins Snoop One-OG Leather femenino<\/strong> son una excelente opci\u00f3n para quienes buscan una mezcla entre comodidad, estilo y funcionalidad. Con un dise\u00f1o sencillo y elegante, estos calzados est\u00e1n hechas para proporcionar una experiencia de uso c\u00f3moda y sin complicaciones. Sube a otro nivel de comodidad con la colecci\u00f3n Skechers x Snoop Dogg, que incluye zapatillas para cada ocasi\u00f3n. Tras el \u00e9xito de las Snoop One OG, Snoop y su equipo de dise\u00f1o se pusieron manos a la obra con una colecci\u00f3n para mujer. Estas zapatillas monocrom\u00e1ticas con el logo G-funk presumen de la singularidad de las Skechers Hands Free Slip-ins\u00ae. Porque a todos nos encanta Snoop: Skechers Slip-ins x Snoop Dogg: Premium Leather Snoop One &#8211; OG. La elegante zapatilla de estilo cancha de Top Dogg ahora rinde homenaje a la original con el panel de tal\u00f3n contorneado Skechers Hands Free Slip-ins\u00ae, hecho de cuero duradero y de alta calidad (me encanta la Heel Pillow\u2122). El ba\u00f1o de oro rosa, las plantillas Skechers Air Cooled Memory Foam\u00ae y los cordones flexibles hacen que las Just Slip In\u2122 estilo Snoop sean f\u00e1ciles de usar.<\/p>\n<p><strong>Caracter\u00edsticas principales:<\/strong><\/p>\n<ul>\n<li><strong>Material superior en cuero:<\/strong>\u00a0Ofrece una textura suave y durabilidad, mientras que el dise\u00f1o sin cordones permite un uso f\u00e1cil y pr\u00e1ctico.<\/li>\n<li><strong>Plantilla Air-Cooled Memory Foam:<\/strong>\u00a0Proporciona una comodidad excepcional, manteniendo tus pies frescos durante todo el d\u00eda gracias a su capacidad para regular la temperatura.<\/li>\n<li><strong>Entresuela flexible:<\/strong>\u00a0Ayuda a reducir el impacto de cada paso, lo que mejora la amortiguaci\u00f3n al caminar o estar de pie durante largos per\u00edodos.<\/li>\n<li><strong>Suela de goma antideslizante:<\/strong>\u00a0Ofrece tracci\u00f3n confiable, asegurando estabilidad en diversas superficies.<\/li>\n<li><strong>Dise\u00f1o sin cordones:<\/strong>\u00a0Facilita el uso y permite un ajuste c\u00f3modo sin necesidad de atarse los zapatos.<\/li>\n<\/ul>\n<p><strong>Beneficios adicionales:<\/strong><\/p>\n<ul>\n<li><strong>Comodidad instant\u00e1nea:<\/strong>\u00a0Gracias a su plantilla de memoria, sentir\u00e1s un ajuste personalizado en cada paso.<\/li>\n<li><strong>Dise\u00f1o vers\u00e1til y elegante:<\/strong>\u00a0El cuero negro combina bien con ropa casual o deportiva, ofreciendo un look moderno y sencillo.<\/li>\n<li><strong>F\u00e1cil de poner y quitar:<\/strong> El sistema Slip-Ins permite que te pongas las zapatillas r\u00e1pidamente sin necesidad de ajustarlas.3<\/li>\n<\/ul>\n<p><strong>Mas detalles<\/strong><\/p>\n<ul>\n<li><span dir=\"auto\">De la colecci\u00f3n Skechers x Snoop Dogg, con dise\u00f1os propios de Snoop.<\/span><\/li>\n<li><span dir=\"auto\">Se utiliza tecnolog\u00eda de plantilla acolchada, c\u00f3moda y transpirable Skechers Air Cooled Memory Foam.<\/span><\/li>\n<li><span dir=\"auto\">Es parte de la colecci\u00f3n Skechers Hands Free Slip-ins f\u00e1ciles de usar.<\/span><\/li>\n<li><span dir=\"auto\">La almohadilla especial para el tal\u00f3n Heel Pillow sujeta el pie de forma segura.<\/span><\/li>\n<li><span dir=\"auto\">Cuenta con un elegante detalle en forma de S en la entresuela.<\/span><\/li>\n<li><span dir=\"auto\">Tiene una suela flexible que proporciona tracci\u00f3n.<\/span><\/li>\n<li><span dir=\"auto\">Cuenta con una parte superior de cuero suave de primera calidad con cordones flexibles.<\/span><\/li>\n<li><span dir=\"auto\">La altura del tac\u00f3n es de 3,17 cm.<\/span><\/li>\n<li>Modelo: 186001-BLK.<\/li>\n<li>Color: Negro<\/li>\n<\/ul>\n<p><strong>Puntos fuertes del producto:<\/strong><\/p>\n<ul>\n<li><strong>Comodidad durante todo el d\u00eda:<\/strong>\u00a0Con una plantilla de memoria y una entresuela que absorbe impactos, estas zapatillas ofrecen un nivel superior de confort.<\/li>\n<li><strong>Estilo sencillo y elegante:<\/strong>\u00a0Su dise\u00f1o de cuero negro es f\u00e1cil de combinar y perfecto para un look casual o deportivo.<\/li>\n<li><strong>F\u00e1cil de usar:<\/strong>\u00a0Gracias a su dise\u00f1o sin cordones, te las puedes poner y quitar r\u00e1pidamente.<\/li>\n<\/ul>\n<p><strong>\u00a1No esperes m\u00e1s para disfrutar de la comodidad y el estilo de las Skechers Slip-Ins Snoop One-OG Leather Negras!<\/strong><\/p>\n<p><strong>Compra ahora y mejora tu comodidad diaria con un toque moderno.<\/strong><\/p>\n","protected":false},"excerpt":{"rendered":"<p>SLIP-INS SNOOP ONE &#8211; OG Las\u00a0calzados Skechers Slip-Ins Snoop One-OG Leather femenino son una excelente opci\u00f3n para quienes buscan una<\/p>\n","protected":false},"featured_media":95996,"comment_status":"open","ping_status":"closed","template":"","meta":{"nf_dc_page":""},"product_brand":[2374],"product_cat":[73],"product_tag":[2375],"class_list":{"0":"post-95889","1":"product","2":"type-product","3":"status-publish","4":"has-post-thumbnail","6":"product_brand-skechers","7":"product_cat-femenino","8":"product_tag-2375","10":"first","11":"instock","12":"shipping-taxable","13":"purchasable","14":"product-type-simple"},"_links":{"self":[{"href":"https:\/\/brandss.com.py\/index\/wp-json\/wp\/v2\/product\/95889","targetHints":{"allow":["GET"]}}],"collection":[{"href":"https:\/\/brandss.com.py\/index\/wp-json\/wp\/v2\/product"}],"about":[{"href":"https:\/\/brandss.com.py\/index\/wp-json\/wp\/v2\/types\/product"}],"replies":[{"embeddable":true,"href":"https:\/\/brandss.com.py\/index\/wp-json\/wp\/v2\/comments?post=95889"}],"version-history":[{"count":1,"href":"https:\/\/brandss.com.py\/index\/wp-json\/wp\/v2\/product\/95889\/revisions"}],"predecessor-version":[{"id":95890,"href":"https:\/\/brandss.com.py\/index\/wp-json\/wp\/v2\/product\/95889\/revisions\/95890"}],"wp:featuredmedia":[{"embeddable":true,"href":"https:\/\/brandss.com.py\/index\/wp-json\/wp\/v2\/media\/95996"}],"wp:attachment":[{"href":"https:\/\/brandss.com.py\/index\/wp-json\/wp\/v2\/media?parent=95889"}],"wp:term":[{"taxonomy":"product_brand","embeddable":true,"href":"https:\/\/brandss.com.py\/index\/wp-json\/wp\/v2\/product_brand?post=95889"},{"taxonomy":"product_cat","embeddable":true,"href":"https:\/\/brandss.com.py\/index\/wp-json\/wp\/v2\/product_cat?post=95889"},{"taxonomy":"product_tag","embeddable":true,"href":"https:\/\/brandss.com.py\/index\/wp-json\/wp\/v2\/product_tag?post=95889"}],"curies":[{"name":"wp","href":"https:\/\/api.w.org\/{rel}","templated":true}]}}