{"id":95893,"date":"2026-01-09T16:29:57","date_gmt":"2026-01-09T16:29:57","guid":{"rendered":"https:\/\/brandss.com.py\/index\/?post_type=product&#038;p=95893"},"modified":"2026-01-23T10:41:46","modified_gmt":"2026-01-23T10:41:46","slug":"calzado-casual-femenino-skechers-premium-leather-slip-ins-snoop-one-double-g-blkw","status":"publish","type":"product","link":"https:\/\/brandss.com.py\/index\/producto\/calzado-casual-femenino-skechers-premium-leather-slip-ins-snoop-one-double-g-blkw\/","title":{"rendered":"CALZADO CASUAL FEMENINO SKECHERS PREMIUM LEATHER SLIP-INS SNOOP ONE &#8211; DOUBLE G BLKW"},"content":{"rendered":"<p><img loading=\"lazy\" decoding=\"async\" class=\"\" src=\"https:\/\/sh.skechers.com\/logos\/images\/CORP_SKX_BLU-logo.jpg\" alt=\"Skechers Logos\" width=\"99\" height=\"99\" \/><\/p>\n<h1>SLIP-INS SNOOP ONE &#8211; DOUBLE G<\/h1>\n<p>El refinado calzado de estilo cancha de Top Dogg rinde homenaje al original, ahora con cuero premium s\u00f3lido que fluye a trav\u00e9s del panel de tal\u00f3n contorneado Skechers Hands Free Slip-ins\u00ae (me encanta la Heel Pillow\u2122). El detalle en oro rosa, las plantillas Skechers Air-Cooled Memory Foam\u00ae y los cordones el\u00e1sticos facilitan su uso, al estilo Snoop.<\/p>\n<p><span dir=\"auto\">Ad\u00e9ntrese en otro nivel de comodidad y sabor con las calzados de cuero premium Snoop One OG sin cordones para mujer.<\/span><\/p>\n<h3>Caracter\u00edsticas<\/h3>\n<ul>\n<li><span dir=\"auto\">Parte superior de cuero en estilo calzado con punta redonda.<\/span><\/li>\n<li><span dir=\"auto\">Skechers Hands Free Slip-ins\u00ae para un ajuste f\u00e1cil.<\/span><\/li>\n<li><span dir=\"auto\">Cordones el\u00e1sticos.<\/span><\/li>\n<li><span dir=\"auto\">Detalles del logotipo de Skechers\u00ae y Snoop Dogg.<\/span><\/li>\n<li><span dir=\"auto\">Plantilla c\u00f3moda y acolchada Skechers Air-Cooled Memory Foam\u00ae.<\/span><\/li>\n<li><span dir=\"auto\">Suela de tracci\u00f3n flexible.<\/span><\/li>\n<li>Modelo: 186002BKW.<\/li>\n<li>Color: Paisley negro\/blanco.<\/li>\n<\/ul>\n","protected":false},"excerpt":{"rendered":"<p>SLIP-INS SNOOP ONE &#8211; DOUBLE G El refinado calzado de estilo cancha de Top Dogg rinde homenaje al original, ahora<\/p>\n","protected":false},"featured_media":96127,"comment_status":"open","ping_status":"closed","template":"","meta":{"nf_dc_page":""},"product_brand":[2374],"product_cat":[73],"product_tag":[2377],"class_list":{"0":"post-95893","1":"product","2":"type-product","3":"status-publish","4":"has-post-thumbnail","6":"product_brand-skechers","7":"product_cat-femenino","8":"product_tag-2377","10":"first","11":"instock","12":"shipping-taxable","13":"purchasable","14":"product-type-simple"},"_links":{"self":[{"href":"https:\/\/brandss.com.py\/index\/wp-json\/wp\/v2\/product\/95893","targetHints":{"allow":["GET"]}}],"collection":[{"href":"https:\/\/brandss.com.py\/index\/wp-json\/wp\/v2\/product"}],"about":[{"href":"https:\/\/brandss.com.py\/index\/wp-json\/wp\/v2\/types\/product"}],"replies":[{"embeddable":true,"href":"https:\/\/brandss.com.py\/index\/wp-json\/wp\/v2\/comments?post=95893"}],"version-history":[{"count":4,"href":"https:\/\/brandss.com.py\/index\/wp-json\/wp\/v2\/product\/95893\/revisions"}],"predecessor-version":[{"id":95897,"href":"https:\/\/brandss.com.py\/index\/wp-json\/wp\/v2\/product\/95893\/revisions\/95897"}],"wp:featuredmedia":[{"embeddable":true,"href":"https:\/\/brandss.com.py\/index\/wp-json\/wp\/v2\/media\/96127"}],"wp:attachment":[{"href":"https:\/\/brandss.com.py\/index\/wp-json\/wp\/v2\/media?parent=95893"}],"wp:term":[{"taxonomy":"product_brand","embeddable":true,"href":"https:\/\/brandss.com.py\/index\/wp-json\/wp\/v2\/product_brand?post=95893"},{"taxonomy":"product_cat","embeddable":true,"href":"https:\/\/brandss.com.py\/index\/wp-json\/wp\/v2\/product_cat?post=95893"},{"taxonomy":"product_tag","embeddable":true,"href":"https:\/\/brandss.com.py\/index\/wp-json\/wp\/v2\/product_tag?post=95893"}],"curies":[{"name":"wp","href":"https:\/\/api.w.org\/{rel}","templated":true}]}}