{"id":95898,"date":"2026-01-09T17:39:26","date_gmt":"2026-01-09T17:39:26","guid":{"rendered":"https:\/\/brandss.com.py\/index\/?post_type=product&#038;p=95898"},"modified":"2026-01-23T10:45:05","modified_gmt":"2026-01-23T10:45:05","slug":"calzado-casual-masculino-skechers-slip-ins-snoop-one-og-black","status":"publish","type":"product","link":"https:\/\/brandss.com.py\/index\/producto\/calzado-casual-masculino-skechers-slip-ins-snoop-one-og-black\/","title":{"rendered":"CALZADO CASUAL MASCULINO SKECHERS SLIP-INS SNOOP ONE &#8211; OG BLACK"},"content":{"rendered":"<p><img loading=\"lazy\" decoding=\"async\" class=\"\" src=\"https:\/\/sh.skechers.com\/logos\/images\/CORP_SKX_BLU-logo.jpg\" alt=\"Skechers Logos\" width=\"92\" height=\"92\" \/><\/p>\n<h1>SLIP-INS SNOOP ONE &#8211; OG<\/h1>\n<p><span dir=\"auto\">Presentamos las Skechers SlipIns Snoop One OG, unos calzados sin cordones elegantes y c\u00f3modos que llevar\u00e1n tu estilo urbano al siguiente nivel. Dise\u00f1adas en colaboraci\u00f3n con el ic\u00f3nico rapero Snoop Dogg, estos calzados combinan moda y funcionalidad sin esfuerzo. Consigue un estilo fant\u00e1stico con la mayor comodidad de las Skechers Street\u2122 Hi Ridge. Este calzado con cordones presenta un empeine sint\u00e9tico con adornos de strass en el tal\u00f3n, una c\u00f3moda plantilla acolchada y suela de plataforma. <\/span><\/p>\n<p><span dir=\"auto\">Los calzados Skechers Snoop Dogg: Premium Leather Slip-Ins Snoop One &#8211; OG para hombre aportan un aire fresco y c\u00f3modo al estilo urbano. Combinando la innovadora comodidad de Skechers con la visi\u00f3n de dise\u00f1o \u00fanica de Snoop, crean una gama de calzados deportivas vers\u00e1tiles y listas para la calle. Una pieza \u00fanica de la colecci\u00f3n Skechers x Snoop Dogg, los calzados Skechers Snoop Dogg: Premium Leather Slip-Ins Snoop One &#8211; OG para hombre est\u00e1n confeccionadas con una parte superior de cuero de primera calidad. Gracias a la impresionante tecnolog\u00eda Hands Free Slip-Ins de Skechers, puedes pon\u00e9rtelas sin esfuerzo y sin agacharte. La caracter\u00edstica m\u00e1s llamativa de la tecnolog\u00eda Hands Free Slip-Ins es que se pueden poner f\u00e1cilmente sin tocar los pies gracias a su exclusivo panel de tal\u00f3n moldeado. Cuenta con la tecnolog\u00eda de plantilla Skechers Air Cooled Memory Foam, acolchada, c\u00f3moda y transpirable. La suela exterior est\u00e1 hecha de un material de goma altamente flexible y proporciona un excelente agarre en todo tipo de superficies.<\/span><\/p>\n<p>Caracter\u00edsticas<\/p>\n<p>&nbsp;<\/p>\n<ul>\n<li><span dir=\"auto\">Dise\u00f1o sin cordones para ponerlas y quitarlas f\u00e1cilmente.<\/span><\/li>\n<li><span dir=\"auto\">Es parte de la colecci\u00f3n Skechers x Snoop Dogg, que presenta los propios dise\u00f1os de Snoop.<\/span><\/li>\n<li><span dir=\"auto\">Plantilla acolchada de espuma viscoel\u00e1stica para comodidad durante todo el d\u00eda.<\/span><\/li>\n<li><span dir=\"auto\">Se utiliza tecnolog\u00eda de plantilla acolchada, c\u00f3moda y transpirable Skechers Air Cooled Memory Foam.<\/span><\/li>\n<li><span dir=\"auto\">Suela exterior de goma duradera para tracci\u00f3n y estabilidad.<\/span><\/li>\n<li><span dir=\"auto\">Es parte de la colecci\u00f3n Skechers Hands Free Slip-ins f\u00e1ciles de usar.<\/span><\/li>\n<li><span dir=\"auto\">La almohadilla especial para el tal\u00f3n Heel Pillow sujeta el pie de forma segura.<\/span><\/li>\n<li><span dir=\"auto\">Marca Snoop Dogg en la leng\u00fceta y el tal\u00f3n<\/span><\/li>\n<li><span dir=\"auto\">Cuenta con una suela duradera y flexible que proporciona un fuerte agarre en una variedad de superficies.<\/span><\/li>\n<li><span dir=\"auto\">Cuenta con una parte superior de cuero suave con cordones flexibles y un tal\u00f3n con estampado de humo.<\/span><\/li>\n<li><span dir=\"auto\">La altura del tac\u00f3n es de 3,17 cm.<\/span><\/li>\n<li>Modelo: <span dir=\"auto\">251016BKW.<\/span><\/li>\n<li>Color: Negro\/ Blanco.<\/li>\n<\/ul>\n<p><span dir=\"auto\">Recomendado para quienes desean agregar un toque de estilo urbano a su guardarropa sin sacrificar la comodidad. Perfecto para el uso diario, hacer recados o salir a la calle con estilo.<\/span><\/p>\n<p><span dir=\"auto\">Prep\u00e1rate para llamar la atenci\u00f3n y salir con estilo con las Skechers SlipIns Snoop One OG. \u00a1Mejora tu estilo urbano con estos calzados imprescindibles hoy mismo!<\/span><\/p>\n","protected":false},"excerpt":{"rendered":"<p>SLIP-INS SNOOP ONE &#8211; OG Presentamos las Skechers SlipIns Snoop One OG, unos calzados sin cordones elegantes y c\u00f3modos que<\/p>\n","protected":false},"featured_media":96134,"comment_status":"open","ping_status":"closed","template":"","meta":{"nf_dc_page":""},"product_brand":[2374],"product_cat":[76],"product_tag":[2378],"class_list":{"0":"post-95898","1":"product","2":"type-product","3":"status-publish","4":"has-post-thumbnail","6":"product_brand-skechers","7":"product_cat-masculino","8":"product_tag-2378","10":"first","11":"instock","12":"shipping-taxable","13":"purchasable","14":"product-type-simple"},"_links":{"self":[{"href":"https:\/\/brandss.com.py\/index\/wp-json\/wp\/v2\/product\/95898","targetHints":{"allow":["GET"]}}],"collection":[{"href":"https:\/\/brandss.com.py\/index\/wp-json\/wp\/v2\/product"}],"about":[{"href":"https:\/\/brandss.com.py\/index\/wp-json\/wp\/v2\/types\/product"}],"replies":[{"embeddable":true,"href":"https:\/\/brandss.com.py\/index\/wp-json\/wp\/v2\/comments?post=95898"}],"version-history":[{"count":2,"href":"https:\/\/brandss.com.py\/index\/wp-json\/wp\/v2\/product\/95898\/revisions"}],"predecessor-version":[{"id":96144,"href":"https:\/\/brandss.com.py\/index\/wp-json\/wp\/v2\/product\/95898\/revisions\/96144"}],"wp:featuredmedia":[{"embeddable":true,"href":"https:\/\/brandss.com.py\/index\/wp-json\/wp\/v2\/media\/96134"}],"wp:attachment":[{"href":"https:\/\/brandss.com.py\/index\/wp-json\/wp\/v2\/media?parent=95898"}],"wp:term":[{"taxonomy":"product_brand","embeddable":true,"href":"https:\/\/brandss.com.py\/index\/wp-json\/wp\/v2\/product_brand?post=95898"},{"taxonomy":"product_cat","embeddable":true,"href":"https:\/\/brandss.com.py\/index\/wp-json\/wp\/v2\/product_cat?post=95898"},{"taxonomy":"product_tag","embeddable":true,"href":"https:\/\/brandss.com.py\/index\/wp-json\/wp\/v2\/product_tag?post=95898"}],"curies":[{"name":"wp","href":"https:\/\/api.w.org\/{rel}","templated":true}]}}