{"id":95903,"date":"2026-01-10T10:35:23","date_gmt":"2026-01-10T10:35:23","guid":{"rendered":"https:\/\/brandss.com.py\/index\/?post_type=product&#038;p=95903"},"modified":"2026-01-23T10:50:12","modified_gmt":"2026-01-23T10:50:12","slug":"calzado-casual-masculino-skechers-premium-leather-slip-ins-snoop-one-double-g-navy","status":"publish","type":"product","link":"https:\/\/brandss.com.py\/index\/producto\/calzado-casual-masculino-skechers-premium-leather-slip-ins-snoop-one-double-g-navy\/","title":{"rendered":"CALZADO CASUAL MASCULINO SKECHERS PREMIUM LEATHER SLIP-INS SNOOP ONE \u2013 DOUBLE G NAVY"},"content":{"rendered":"<p><img loading=\"lazy\" decoding=\"async\" class=\"\" src=\"https:\/\/sh.skechers.com\/logos\/images\/CORP_SKX_BLU-logo.jpg\" alt=\"Skechers Logos\" width=\"108\" height=\"108\" \/><\/p>\n<h1>SLIP-INS SNOOP ONE \u2013 DOUBLE G<\/h1>\n<p>Ad\u00e9ntrate en otro nivel de comodidad y en el sabor de Snoop con la colecci\u00f3n Skechers x Snoop Dogg: zapatillas para todos los estilos de vida. Skechers x Snoop Dogg: Slip-ins de piel premium Snoop One &#8211; Double G. Esta zapatilla de estilo cancha OG est\u00e1 en ello con un panel de tal\u00f3n moldeado Skechers Hands Free Slip-ins\u00ae (me encanta ese Heel Pillow\u2122), una parte superior de piel premium lisa con estampado paisley allover y cordones el\u00e1sticos. Al m\u00e1s puro estilo Slip In\u2122 Snoop.<\/p>\n<p>Las zapatillas Skechers Premium Leather Slip-ins Snoop One &#8211; Double G para hombre aportan un aire fresco y c\u00f3modo al estilo urbano. Combinando la innovadora comodidad de Skechers con la visi\u00f3n de dise\u00f1o \u00fanica de Snoop, crean una gama de zapatillas deportivas vers\u00e1tiles y listas para la calle. Una pieza \u00fanica de la colecci\u00f3n Skechers x Snoop Dogg, las Skechers Premium Leather Slip-ins Snoop One &#8211; Double G est\u00e1n confeccionadas con una parte superior de cuero de primera calidad. Gracias a la impresionante tecnolog\u00eda Hands Free Slip-Ins de Skechers, puedes pon\u00e9rtelas sin esfuerzo y sin agacharte. La caracter\u00edstica m\u00e1s llamativa de la tecnolog\u00eda Hands Free Slip-Ins es que se pueden poner f\u00e1cilmente sin tocar los pies gracias a su exclusivo panel de tal\u00f3n moldeado. Cuenta con la tecnolog\u00eda de plantilla Skechers Air Cooled Memory Foam, acolchada, c\u00f3moda y transpirable. La suela exterior est\u00e1 hecha de un material de goma altamente flexible y proporciona un excelente agarre en todo tipo de superficies.<\/p>\n<div class=\"c-product-highlights\">\n<div class=\"c-product-highlights__heading-container\">\n<h2 class=\"c-product-highlights__heading\"><span dir=\"auto\">Aspectos destacados del producto<\/span><\/h2>\n<\/div>\n<div class=\"container\">\n<div class=\"c-product-highlights__container js-slider s-slick slick-initialized slick-slider\" data-slick=\"{&quot;autoplay&quot;:false,&quot;arrows&quot;:true,&quot;dots&quot;:true,&quot;infinite&quot;:false,&quot;mobileFirst&quot;:true,&quot;slidesToShow&quot;:1,&quot;centerMode&quot;:false,&quot;responsive&quot;:[{&quot;centerMode&quot;:true,&quot;breakpoint&quot;:766,&quot;settings&quot;:{&quot;slidesToShow&quot;:3}},{&quot;breakpoint&quot;:1279,&quot;settings&quot;:{&quot;arrows&quot;:true,&quot;slidesToShow&quot;:5}},{&quot;breakpoint&quot;:1879,&quot;settings&quot;:{&quot;arrows&quot;:true,&quot;slidesToShow&quot;:7}}]}\">\n<div class=\"slick-list draggable\">\n<div class=\"slick-track\">\n<div class=\"slick-slide slick-current slick-active\" data-slick-index=\"0\" aria-hidden=\"false\">\n<div>\n<figure class=\"c-product-highlights__item col-lg-2 contentasset-product-highlight-slip-ins\"><img loading=\"lazy\" decoding=\"async\" src=\"https:\/\/www.skechers.jp\/on\/demandware.static\/-\/Library-Sites-SkechersSharedLibrary\/default\/dwbeee1029\/images\/product\/highlights\/SKX_Hands_Free_Slip-ins_Logo-new.svg\" alt=\"Zapatos sin cordones manos libres\" width=\"100\" height=\"100\" data-loading=\"lazy\" \/><figcaption class=\"c-product-highlights__item__heading\"><span dir=\"auto\">Zapatos sin cordones manos libres<\/span><\/figcaption><\/figure>\n<\/div>\n<\/div>\n<\/div>\n<\/div>\n<\/div>\n<\/div>\n<\/div>\n<div class=\"c-product-technologies \">\n<div class=\"c-product-technologies__heading-container\">\n<h2 class=\"c-product-technologies__heading\"><span dir=\"auto\">Tecnolog\u00edas de confort<\/span><\/h2>\n<\/div>\n<div class=\"container\">\n<div class=\"c-product-technologies__container\">\n<div class=\"c-product-technologies__item col-lg-4 col-md-6 contentasset-pdp-comfort-technology-slip-ins last-type-no-border top-row-padding comfort-col-4up\">\n<p><img loading=\"lazy\" decoding=\"async\" src=\"https:\/\/www.skechers.jp\/on\/demandware.static\/-\/Library-Sites-SkechersSharedLibrary\/default\/dwbeee1029\/images\/product\/highlights\/SKX_Hands_Free_Slip-ins_Logo-new.svg\" alt=\"Skechers Hands Free Slip-Ins\" width=\"100\" height=\"100\" data-loading=\"lazy\" \/><\/p>\n<div class=\"items__heading__body-container\">\n<p><span dir=\"auto\">Skechers Hands Free Slip-Ins<\/span><span dir=\"auto\">SLIP IN\u2122 y disfruta de la comodidad y practicidad con Skechers Hands Free Slip-ins\u00ae. Zapatos f\u00e1ciles de usar dise\u00f1ados con nuestra Heel Pillow\u00ae que mantiene el pie firmemente en su lugar.<\/span><\/p>\n<\/div>\n<\/div>\n<\/div>\n<\/div>\n<\/div>\n<h3>\u00a0Caracter\u00edsticas<\/h3>\n<ul>\n<li><span dir=\"auto\">Es parte de la colecci\u00f3n Skechers x Snoop Dogg, que presenta los propios dise\u00f1os de Snoop.<\/span><\/li>\n<li><span dir=\"auto\">Se utiliza tecnolog\u00eda de plantilla acolchada, c\u00f3moda y transpirable Skechers Air Cooled Memory Foam.<\/span><\/li>\n<li><span dir=\"auto\">Es parte de la colecci\u00f3n Skechers Hands Free Slip-ins f\u00e1ciles de usar.<\/span><\/li>\n<li><span dir=\"auto\">La almohadilla especial para el tal\u00f3n Heel Pillow sujeta el pie de forma segura.<\/span><\/li>\n<li><span dir=\"auto\">Cuenta con una suela duradera y flexible que proporciona un fuerte agarre en una variedad de superficies.<\/span><\/li>\n<li><span dir=\"auto\">Cuenta con una parte superior de cuero suave con cordones flexibles y un tal\u00f3n completamente estampado.<\/span><\/li>\n<li class=\"c-product-features-details__bullet\"><span dir=\"auto\"><span dir=\"auto\">Detalles del logotipo de Skechers\u00ae y Snoop Dogg.<\/span><\/span><\/li>\n<li><span dir=\"auto\">La altura del tac\u00f3n es de 3,17 cm.<\/span><\/li>\n<li>Modelo: <span class=\"product-id\"><span dir=\"auto\">251017<\/span><\/span><span class=\"js-product-details-color-colorCode\"><span dir=\"auto\">NVY.<\/span><\/span><\/li>\n<li>Color: marino\/ dorado.<\/li>\n<\/ul>\n<p>&nbsp;<\/p>\n","protected":false},"excerpt":{"rendered":"<p>SLIP-INS SNOOP ONE \u2013 DOUBLE G Ad\u00e9ntrate en otro nivel de comodidad y en el sabor de Snoop con la<\/p>\n","protected":false},"featured_media":96152,"comment_status":"open","ping_status":"closed","template":"","meta":{"nf_dc_page":""},"product_brand":[2374],"product_cat":[76],"product_tag":[2380],"class_list":{"0":"post-95903","1":"product","2":"type-product","3":"status-publish","4":"has-post-thumbnail","6":"product_brand-skechers","7":"product_cat-masculino","8":"product_tag-251017nvy","10":"first","11":"instock","12":"shipping-taxable","13":"purchasable","14":"product-type-simple"},"_links":{"self":[{"href":"https:\/\/brandss.com.py\/index\/wp-json\/wp\/v2\/product\/95903","targetHints":{"allow":["GET"]}}],"collection":[{"href":"https:\/\/brandss.com.py\/index\/wp-json\/wp\/v2\/product"}],"about":[{"href":"https:\/\/brandss.com.py\/index\/wp-json\/wp\/v2\/types\/product"}],"replies":[{"embeddable":true,"href":"https:\/\/brandss.com.py\/index\/wp-json\/wp\/v2\/comments?post=95903"}],"version-history":[{"count":2,"href":"https:\/\/brandss.com.py\/index\/wp-json\/wp\/v2\/product\/95903\/revisions"}],"predecessor-version":[{"id":96160,"href":"https:\/\/brandss.com.py\/index\/wp-json\/wp\/v2\/product\/95903\/revisions\/96160"}],"wp:featuredmedia":[{"embeddable":true,"href":"https:\/\/brandss.com.py\/index\/wp-json\/wp\/v2\/media\/96152"}],"wp:attachment":[{"href":"https:\/\/brandss.com.py\/index\/wp-json\/wp\/v2\/media?parent=95903"}],"wp:term":[{"taxonomy":"product_brand","embeddable":true,"href":"https:\/\/brandss.com.py\/index\/wp-json\/wp\/v2\/product_brand?post=95903"},{"taxonomy":"product_cat","embeddable":true,"href":"https:\/\/brandss.com.py\/index\/wp-json\/wp\/v2\/product_cat?post=95903"},{"taxonomy":"product_tag","embeddable":true,"href":"https:\/\/brandss.com.py\/index\/wp-json\/wp\/v2\/product_tag?post=95903"}],"curies":[{"name":"wp","href":"https:\/\/api.w.org\/{rel}","templated":true}]}}