{"id":95909,"date":"2026-01-10T11:43:48","date_gmt":"2026-01-10T11:43:48","guid":{"rendered":"https:\/\/brandss.com.py\/index\/?post_type=product&#038;p=95909"},"modified":"2026-01-23T10:54:15","modified_gmt":"2026-01-23T10:54:15","slug":"calzado-casual-masculino-skechers-snoop-one-og-canvas-olive","status":"publish","type":"product","link":"https:\/\/brandss.com.py\/index\/producto\/calzado-casual-masculino-skechers-snoop-one-og-canvas-olive\/","title":{"rendered":"CALZADO CASUAL MASCULINO SKECHERS SNOOP ONE OG CANVAS OLIVE"},"content":{"rendered":"<p><img loading=\"lazy\" decoding=\"async\" class=\"\" src=\"https:\/\/sh.skechers.com\/logos\/images\/CORP_SKX_BLU-logo.jpg\" alt=\"Skechers Logos\" width=\"82\" height=\"82\" \/><\/p>\n<h1>SNOOP ONE OG CANVAS<\/h1>\n<p>\u00bfBuscas unos calzados elegantes y c\u00f3modos? Echa un vistazo a las Snoop Dogg One-OG Canvas para hombre de Skechers 251036. Con un dise\u00f1o \u00fanico inspirado en el rapero Snoop Dogg, este modelo est\u00e1 fabricado con lona resistente, lo que garantiza durabilidad y flexibilidad. Adem\u00e1s, su suela est\u00e1 reforzada y cuenta con un agarre antideslizante, lo que proporciona estabilidad y seguridad en tus movimientos. Con un look urbano y moderno, las Snoop One-OG son perfectas para crear looks casuales con estilo.<\/p>\n<p>\u00a1No pierdas m\u00e1s tiempo y consigue las tuyas ya!<\/p>\n<h3>Detalles<\/h3>\n<div class=\"tab-content \">\n<div id=\"3\" class=\"tab-pane fade active in\" role=\"tabpanel\" aria-labelledby=\"nav-profile-tab\">\n<div class=\"row content-row-tabs\">\n<div class=\"col-12 col-md-12 col-lg-12 lista-detalle-producto\">\n<ul>\n<li>Parte superior suave de tejido sint\u00e9tico con textura de nobuk liso.<\/li>\n<li>Parte superior con tejido sint\u00e9tico liso de color blanco.<\/li>\n<li>Dise\u00f1o de c\u00f3moda sandalia de dedo con tal\u00f3n descubierto y un toque casual.<\/li>\n<li>Tira frontal estilo sandalia de dedo con paneles unidos redondeados.<\/li>\n<li>Panel frontal con un bonito dise\u00f1o de pedrer\u00eda brillante.<\/li>\n<li>Pedrer\u00eda con minitachuelas redondas a juego con piedras centrales.<\/li>\n<li>Tira del tal\u00f3n con dise\u00f1o el\u00e1stico para mayor comodidad.<\/li>\n<li>Paneles laterales de refuerzo en la tira.<\/li>\n<li>Parte delantera del pie sint\u00e9tica y suave.<\/li>\n<li>Forro de las tiras de tejido suave.<\/li>\n<li>Plantilla de confort con amortiguaci\u00f3n YOGA FOAM\u00ae.<\/li>\n<li>Media suela ligera y flexible.<\/li>\n<li>Tac\u00f3n plano bajo de 1,27 cm.<\/li>\n<li>Suela con tracci\u00f3n flexible.<\/li>\n<li>Modelo: 251036OLV.<\/li>\n<li>Color: Olive.<\/li>\n<\/ul>\n<\/div>\n<\/div>\n<\/div>\n<\/div>\n","protected":false},"excerpt":{"rendered":"<p>SNOOP ONE OG CANVAS \u00bfBuscas unos calzados elegantes y c\u00f3modos? Echa un vistazo a las Snoop Dogg One-OG Canvas para<\/p>\n","protected":false},"featured_media":96169,"comment_status":"open","ping_status":"closed","template":"","meta":{"nf_dc_page":""},"product_brand":[2374],"product_cat":[76],"product_tag":[2382],"class_list":{"0":"post-95909","1":"product","2":"type-product","3":"status-publish","4":"has-post-thumbnail","6":"product_brand-skechers","7":"product_cat-masculino","8":"product_tag-2382","10":"first","11":"instock","12":"shipping-taxable","13":"purchasable","14":"product-type-simple"},"_links":{"self":[{"href":"https:\/\/brandss.com.py\/index\/wp-json\/wp\/v2\/product\/95909","targetHints":{"allow":["GET"]}}],"collection":[{"href":"https:\/\/brandss.com.py\/index\/wp-json\/wp\/v2\/product"}],"about":[{"href":"https:\/\/brandss.com.py\/index\/wp-json\/wp\/v2\/types\/product"}],"replies":[{"embeddable":true,"href":"https:\/\/brandss.com.py\/index\/wp-json\/wp\/v2\/comments?post=95909"}],"version-history":[{"count":1,"href":"https:\/\/brandss.com.py\/index\/wp-json\/wp\/v2\/product\/95909\/revisions"}],"predecessor-version":[{"id":95910,"href":"https:\/\/brandss.com.py\/index\/wp-json\/wp\/v2\/product\/95909\/revisions\/95910"}],"wp:featuredmedia":[{"embeddable":true,"href":"https:\/\/brandss.com.py\/index\/wp-json\/wp\/v2\/media\/96169"}],"wp:attachment":[{"href":"https:\/\/brandss.com.py\/index\/wp-json\/wp\/v2\/media?parent=95909"}],"wp:term":[{"taxonomy":"product_brand","embeddable":true,"href":"https:\/\/brandss.com.py\/index\/wp-json\/wp\/v2\/product_brand?post=95909"},{"taxonomy":"product_cat","embeddable":true,"href":"https:\/\/brandss.com.py\/index\/wp-json\/wp\/v2\/product_cat?post=95909"},{"taxonomy":"product_tag","embeddable":true,"href":"https:\/\/brandss.com.py\/index\/wp-json\/wp\/v2\/product_tag?post=95909"}],"curies":[{"name":"wp","href":"https:\/\/api.w.org\/{rel}","templated":true}]}}