{"id":95923,"date":"2026-01-12T11:29:45","date_gmt":"2026-01-12T11:29:45","guid":{"rendered":"https:\/\/brandss.com.py\/index\/?post_type=product&#038;p=95923"},"modified":"2026-01-23T11:08:35","modified_gmt":"2026-01-23T11:08:35","slug":"calzado-casual-femenino-converse-chuck-taylor-all-star-move-black-white","status":"publish","type":"product","link":"https:\/\/brandss.com.py\/index\/producto\/calzado-casual-femenino-converse-chuck-taylor-all-star-move-black-white\/","title":{"rendered":"CALZADO CASUAL FEMENINO CONVERSE CHUCK TAYLOR ALL STAR MOVE BLACK\/WHITE"},"content":{"rendered":"<p><img loading=\"lazy\" decoding=\"async\" class=\"\" src=\"https:\/\/upload.wikimedia.org\/wikipedia\/commons\/thumb\/3\/30\/Converse_logo.svg\/2560px-Converse_logo.svg.png\" alt=\"File:Converse logo.svg - Wikimedia Commons\" width=\"106\" height=\"71\" \/><\/p>\n<h1>CHUCK TAYLOR ALL STAR MOVE<\/h1>\n<p><em><strong>Dise\u00f1o ligero y elevado<\/strong><\/em><\/p>\n<p>Las nuevas Chuck Taylor All Star Move te dan m\u00e1s altura y personalidad. Una plataforma llamativa y explosiva que suman estilo a tu look. Presentamos las Chuck Taylor All Star Move: unas Chuck ultraligeras con una plataforma angular vanguardista. Dise\u00f1ado para la m\u00e1xima libertad de movimiento. Con una versi\u00f3n audaz de nuestro cl\u00e1sico Chuck, que incluye una plataforma de proyectiles, el CTAS Move se destaca como un s\u00edmbolo de autoexpresi\u00f3n al combinar cualquier estilo.<\/p>\n<h3>Especificaciones<\/h3>\n<ul>\n<li>Converse con plataforma de ca\u00f1a alta.<\/li>\n<li>Capellada de lona.<\/li>\n<li>Ojalillos met\u00e1licos biselados.<\/li>\n<li>Plantilla Smart Foam para amortiguaci\u00f3n extra.<\/li>\n<li>Plataforma de EVA inyectada hiperliviana.<\/li>\n<li>Patch ic\u00f3nico de Chuck Taylor.<\/li>\n<li>Modelo: 571758C.<\/li>\n<li>Color: Black\/ White.<\/li>\n<\/ul>\n","protected":false},"excerpt":{"rendered":"<p>CHUCK TAYLOR ALL STAR MOVE Dise\u00f1o ligero y elevado Las nuevas Chuck Taylor All Star Move te dan m\u00e1s altura<\/p>\n","protected":false},"featured_media":96223,"comment_status":"open","ping_status":"closed","template":"","meta":{"nf_dc_page":""},"product_brand":[2433],"product_cat":[73],"product_tag":[2434],"class_list":{"0":"post-95923","1":"product","2":"type-product","3":"status-publish","4":"has-post-thumbnail","6":"product_brand-converse","7":"product_cat-femenino","8":"product_tag-571758c","10":"first","11":"instock","12":"shipping-taxable","13":"purchasable","14":"product-type-simple"},"_links":{"self":[{"href":"https:\/\/brandss.com.py\/index\/wp-json\/wp\/v2\/product\/95923","targetHints":{"allow":["GET"]}}],"collection":[{"href":"https:\/\/brandss.com.py\/index\/wp-json\/wp\/v2\/product"}],"about":[{"href":"https:\/\/brandss.com.py\/index\/wp-json\/wp\/v2\/types\/product"}],"replies":[{"embeddable":true,"href":"https:\/\/brandss.com.py\/index\/wp-json\/wp\/v2\/comments?post=95923"}],"version-history":[{"count":1,"href":"https:\/\/brandss.com.py\/index\/wp-json\/wp\/v2\/product\/95923\/revisions"}],"predecessor-version":[{"id":95924,"href":"https:\/\/brandss.com.py\/index\/wp-json\/wp\/v2\/product\/95923\/revisions\/95924"}],"wp:featuredmedia":[{"embeddable":true,"href":"https:\/\/brandss.com.py\/index\/wp-json\/wp\/v2\/media\/96223"}],"wp:attachment":[{"href":"https:\/\/brandss.com.py\/index\/wp-json\/wp\/v2\/media?parent=95923"}],"wp:term":[{"taxonomy":"product_brand","embeddable":true,"href":"https:\/\/brandss.com.py\/index\/wp-json\/wp\/v2\/product_brand?post=95923"},{"taxonomy":"product_cat","embeddable":true,"href":"https:\/\/brandss.com.py\/index\/wp-json\/wp\/v2\/product_cat?post=95923"},{"taxonomy":"product_tag","embeddable":true,"href":"https:\/\/brandss.com.py\/index\/wp-json\/wp\/v2\/product_tag?post=95923"}],"curies":[{"name":"wp","href":"https:\/\/api.w.org\/{rel}","templated":true}]}}