{"id":95925,"date":"2026-01-12T11:55:43","date_gmt":"2026-01-12T11:55:43","guid":{"rendered":"https:\/\/brandss.com.py\/index\/?post_type=product&#038;p=95925"},"modified":"2026-01-23T11:10:42","modified_gmt":"2026-01-23T11:10:42","slug":"calzado-casual-femenino-converse-chuck-taylor-all-star-move-ox-white","status":"publish","type":"product","link":"https:\/\/brandss.com.py\/index\/producto\/calzado-casual-femenino-converse-chuck-taylor-all-star-move-ox-white\/","title":{"rendered":"CALZADO CASUAL FEMENINO CONVERSE CHUCK TAYLOR ALL STAR MOVE OX WHITE"},"content":{"rendered":"<p><img loading=\"lazy\" decoding=\"async\" class=\"\" src=\"https:\/\/upload.wikimedia.org\/wikipedia\/commons\/thumb\/3\/30\/Converse_logo.svg\/2560px-Converse_logo.svg.png\" alt=\"File:Converse logo.svg - Wikimedia Commons\" width=\"161\" height=\"108\" \/><\/p>\n<h1>CHUCK TAYLOR ALL STAR MOVE OX<\/h1>\n<p><em><strong>Dise\u00f1o ligero y elevado<\/strong><\/em><\/p>\n<div class=\"ewa-rteLine\">Las nuevas Chuck Taylor All Star Move te dan m\u00e1s altura y personalidad. Una plataforma llamativa y explosiva que suman estilo a tu look. La plataforma ultraligera, que favorece la libertad de movimiento, vuelve en un dise\u00f1o de corte bajo en los cl\u00e1sicos blanco y negro.<\/div>\n<div><\/div>\n<div class=\"ewa-rteLine\">\n<p><strong>Un nivel superior\u00a0<\/strong><\/p>\n<p style=\"font-weight: 400\">Una plataforma llamativa y explosiva aporta nueva energ\u00eda a estas Chuck cl\u00e1sicas. Dise\u00f1adas para ofrecer libertad de movimientos, la plataforma ligera y moldeada aporta altura pero no peso. Sube de nivel con estilo.<\/p>\n<\/div>\n<div><\/div>\n<p><strong>Especificaciones<\/strong><\/p>\n<ul style=\"font-weight: 400\">\n<li>Sneakers de lona de corte bajo con plataforma.<\/li>\n<li>Capellada de lona.<\/li>\n<li>Suela interior Ortholite para una mayor amortiguaci\u00f3n.<\/li>\n<li>Plataforma explosiva y ligera que a\u00f1ade altura.<\/li>\n<li>\n<div class=\"ewa-rteLine\">Plantilla Smart Foam para amortiguaci\u00f3n extra.<\/div>\n<\/li>\n<li>\n<div class=\"ewa-rteLine\">Plataforma de EVA inyectada hiperliviana<\/div>\n<\/li>\n<li>Los colores neutros combinan a la perfecci\u00f3n con cualquier conjunto de tu armario.<\/li>\n<li>La suela exterior de goma crea un look vintage discreto.<\/li>\n<li>Ojalillos met\u00e1licos biselados.<\/li>\n<li>Modelo: 571819C.<\/li>\n<li>Color: White.<\/li>\n<\/ul>\n<div class=\"ewa-rteLine\">\n<div class=\"ewa-rteLine\">\n<div class=\"ewa-rteLine\"><\/div>\n<\/div>\n<\/div>\n","protected":false},"excerpt":{"rendered":"<p>CHUCK TAYLOR ALL STAR MOVE OX Dise\u00f1o ligero y elevado Las nuevas Chuck Taylor All Star Move te dan m\u00e1s<\/p>\n","protected":false},"featured_media":96232,"comment_status":"open","ping_status":"closed","template":"","meta":{"nf_dc_page":""},"product_brand":[2433],"product_cat":[73],"product_tag":[2435],"class_list":{"0":"post-95925","1":"product","2":"type-product","3":"status-publish","4":"has-post-thumbnail","6":"product_brand-converse","7":"product_cat-femenino","8":"product_tag-571819c","10":"first","11":"instock","12":"shipping-taxable","13":"purchasable","14":"product-type-simple"},"_links":{"self":[{"href":"https:\/\/brandss.com.py\/index\/wp-json\/wp\/v2\/product\/95925","targetHints":{"allow":["GET"]}}],"collection":[{"href":"https:\/\/brandss.com.py\/index\/wp-json\/wp\/v2\/product"}],"about":[{"href":"https:\/\/brandss.com.py\/index\/wp-json\/wp\/v2\/types\/product"}],"replies":[{"embeddable":true,"href":"https:\/\/brandss.com.py\/index\/wp-json\/wp\/v2\/comments?post=95925"}],"version-history":[{"count":2,"href":"https:\/\/brandss.com.py\/index\/wp-json\/wp\/v2\/product\/95925\/revisions"}],"predecessor-version":[{"id":96239,"href":"https:\/\/brandss.com.py\/index\/wp-json\/wp\/v2\/product\/95925\/revisions\/96239"}],"wp:featuredmedia":[{"embeddable":true,"href":"https:\/\/brandss.com.py\/index\/wp-json\/wp\/v2\/media\/96232"}],"wp:attachment":[{"href":"https:\/\/brandss.com.py\/index\/wp-json\/wp\/v2\/media?parent=95925"}],"wp:term":[{"taxonomy":"product_brand","embeddable":true,"href":"https:\/\/brandss.com.py\/index\/wp-json\/wp\/v2\/product_brand?post=95925"},{"taxonomy":"product_cat","embeddable":true,"href":"https:\/\/brandss.com.py\/index\/wp-json\/wp\/v2\/product_cat?post=95925"},{"taxonomy":"product_tag","embeddable":true,"href":"https:\/\/brandss.com.py\/index\/wp-json\/wp\/v2\/product_tag?post=95925"}],"curies":[{"name":"wp","href":"https:\/\/api.w.org\/{rel}","templated":true}]}}