{"id":95929,"date":"2026-01-12T12:44:03","date_gmt":"2026-01-12T12:44:03","guid":{"rendered":"https:\/\/brandss.com.py\/index\/?post_type=product&#038;p=95929"},"modified":"2026-01-23T11:13:58","modified_gmt":"2026-01-23T11:13:58","slug":"camiseta-deportivo-femenino-puma-paraguay-home-mangas-cortas","status":"publish","type":"product","link":"https:\/\/brandss.com.py\/index\/producto\/camiseta-deportivo-femenino-puma-paraguay-home-mangas-cortas\/","title":{"rendered":"CAMISETA DEPORTIVO FEMENINO PUMA PARAGUAY HOME MANGAS CORTAS"},"content":{"rendered":"<p><img loading=\"lazy\" decoding=\"async\" class=\"\" src=\"https:\/\/logodownload.org\/wp-content\/uploads\/2014\/07\/puma-logo-1.png\" alt=\"Puma Logo - PNG y Vector\" width=\"122\" height=\"61\" \/><\/p>\n<h1>PARAGUAY HOME<\/h1>\n<p>Es una prenda dise\u00f1ada para las apasionadas del f\u00fatbol y seguidores de la selecci\u00f3n paraguaya. Fabricada con materiales de alta calidad y tecnolog\u00eda DryCELL, esta camiseta garantiza una excelente transpirabilidad y confort, manteni\u00e9ndote seco y c\u00f3modo durante todo el d\u00eda. Su dise\u00f1o oficial presenta los colores y el escudo de la Asociaci\u00f3n Paraguaya de F\u00fatbol (APF), ofreciendo un look aut\u00e9ntico y representativo. Perfecta para usar en el estadio, en entrenamientos o en el d\u00eda a d\u00eda, esta remera combina estilo y funcionalidad para los verdaderos fan\u00e1ticos del f\u00fatbol paraguayo.<\/p>\n<h3>Caracter\u00edsticas<\/h3>\n<ul class=\"lista-descrition-ficha\">\n<li class=\"text-desctipcion-ficha\"><strong>Modelo: <\/strong>773407AWV01.<\/li>\n<li class=\"text-desctipcion-ficha\"><strong>G\u00e9nero:\u00a0<\/strong><span class=\"cap\">femenino.<\/span><\/li>\n<li class=\"text-desctipcion-ficha\"><strong>Colecci\u00f3n:\u00a0<\/strong>Paraguay.<\/li>\n<li class=\"text-desctipcion-ficha\"><strong>Modalidad:\u00a0<\/strong><span class=\"cap\">f\u00fatbol.<\/span><\/li>\n<li class=\"text-desctipcion-ficha\"><strong>Estilo:\u00a0<\/strong>Deportivo.<\/li>\n<li>Color: Rojo\/ Blanco\/ Azul.<\/li>\n<\/ul>\n","protected":false},"excerpt":{"rendered":"<p>PARAGUAY HOME Es una prenda dise\u00f1ada para las apasionadas del f\u00fatbol y seguidores de la selecci\u00f3n paraguaya. Fabricada con materiales<\/p>\n","protected":false},"featured_media":96242,"comment_status":"open","ping_status":"closed","template":"","meta":{"nf_dc_page":""},"product_brand":[2306],"product_cat":[73],"product_tag":[2437],"class_list":{"0":"post-95929","1":"product","2":"type-product","3":"status-publish","4":"has-post-thumbnail","6":"product_brand-puma","7":"product_cat-femenino","8":"product_tag-773407awv01","10":"first","11":"instock","12":"shipping-taxable","13":"purchasable","14":"product-type-simple"},"_links":{"self":[{"href":"https:\/\/brandss.com.py\/index\/wp-json\/wp\/v2\/product\/95929","targetHints":{"allow":["GET"]}}],"collection":[{"href":"https:\/\/brandss.com.py\/index\/wp-json\/wp\/v2\/product"}],"about":[{"href":"https:\/\/brandss.com.py\/index\/wp-json\/wp\/v2\/types\/product"}],"replies":[{"embeddable":true,"href":"https:\/\/brandss.com.py\/index\/wp-json\/wp\/v2\/comments?post=95929"}],"version-history":[{"count":1,"href":"https:\/\/brandss.com.py\/index\/wp-json\/wp\/v2\/product\/95929\/revisions"}],"predecessor-version":[{"id":95930,"href":"https:\/\/brandss.com.py\/index\/wp-json\/wp\/v2\/product\/95929\/revisions\/95930"}],"wp:featuredmedia":[{"embeddable":true,"href":"https:\/\/brandss.com.py\/index\/wp-json\/wp\/v2\/media\/96242"}],"wp:attachment":[{"href":"https:\/\/brandss.com.py\/index\/wp-json\/wp\/v2\/media?parent=95929"}],"wp:term":[{"taxonomy":"product_brand","embeddable":true,"href":"https:\/\/brandss.com.py\/index\/wp-json\/wp\/v2\/product_brand?post=95929"},{"taxonomy":"product_cat","embeddable":true,"href":"https:\/\/brandss.com.py\/index\/wp-json\/wp\/v2\/product_cat?post=95929"},{"taxonomy":"product_tag","embeddable":true,"href":"https:\/\/brandss.com.py\/index\/wp-json\/wp\/v2\/product_tag?post=95929"}],"curies":[{"name":"wp","href":"https:\/\/api.w.org\/{rel}","templated":true}]}}