{"id":95931,"date":"2026-01-12T13:03:05","date_gmt":"2026-01-12T13:03:05","guid":{"rendered":"https:\/\/brandss.com.py\/index\/?post_type=product&#038;p=95931"},"modified":"2026-01-23T11:16:05","modified_gmt":"2026-01-23T11:16:05","slug":"camiseta-deportivo-masculino-nike-nsw-tee-icon-futura-mangas-cortas","status":"publish","type":"product","link":"https:\/\/brandss.com.py\/index\/producto\/camiseta-deportivo-masculino-nike-nsw-tee-icon-futura-mangas-cortas\/","title":{"rendered":"CAMISETA DEPORTIVO MASCULINO NIKE NSW TEE ICON FUTURA MANGAS CORTAS"},"content":{"rendered":"<p><img loading=\"lazy\" decoding=\"async\" class=\"\" src=\"https:\/\/images.seeklogo.com\/logo-png\/9\/2\/nike-logo-png_seeklogo-99478.png\" alt=\"Nike Logo PNG Vector (EPS) Free Download\" width=\"96\" height=\"96\" \/><\/p>\n<h1>NSW TEE ICON FUTURA<\/h1>\n<p class=\"ckeditor-css\"><em><strong><span dir=\"auto\">Estilo y actitud para el d\u00eda a d\u00eda<\/span><\/strong><\/em><\/p>\n<p class=\"ckeditor-css\"><span dir=\"auto\">La\u00a0<\/span><span dir=\"auto\">camiseta Nike Sportswear Icon Futura para hombre<\/span><span dir=\"auto\">\u00a0es la opci\u00f3n perfecta para quienes buscan combinar estilo, comodidad y personalidad en su d\u00eda a d\u00eda. Ya sea para actividades cotidianas o para una salida informal, esta camiseta destaca en todos los aspectos.<\/span><\/p>\n<p class=\"ckeditor-css\"><span dir=\"auto\">Con un dise\u00f1o estampado atrevido y moderno<\/span><span dir=\"auto\">, no pasar\u00e1s desapercibido con esta prenda. El ic\u00f3nico estampado de Nike es una declaraci\u00f3n de actitud y autenticidad. Esta camiseta es m\u00e1s que una simple prenda; es una declaraci\u00f3n de estilo.<\/span><\/p>\n<p class=\"ckeditor-css\"><span dir=\"auto\">El tejido\u00a0<\/span><span dir=\"auto\">de algod\u00f3n<\/span><span dir=\"auto\">\u00a0proporciona un tacto suave y es perfecto para afrontar c\u00f3modamente las exigencias del d\u00eda a d\u00eda. El\u00a0<\/span><span dir=\"auto\">cuello redondo<\/span><span dir=\"auto\">\u00a0y\u00a0<\/span><span dir=\"auto\">las mangas cortas<\/span><span dir=\"auto\">\u00a0ofrecen un ajuste impecable, permitiendo libertad de movimiento.<\/span><\/p>\n<p class=\"ckeditor-css\"><span dir=\"auto\">Nike es una marca reconocida, sin\u00f3nimo de calidad e innovaci\u00f3n. Al elegir la\u00a0<\/span><span dir=\"auto\">camiseta Nike Sportswear Icon Futura<\/span><span dir=\"auto\">, inviertes en un producto duradero que permanecer\u00e1 en tu armario durante mucho tiempo.<\/span><\/p>\n<h3 class=\"ckeditor-css\">Caracter\u00edsticas<\/h3>\n<p class=\"ckeditor-css\"><strong><span dir=\"auto\">Nombre:<\/span><\/strong><span dir=\"auto\"> Nike Sportswear Icon Futura.<\/span><br \/>\n<strong><span dir=\"auto\">G\u00e9nero:<\/span><\/strong><span dir=\"auto\"> Masculino.<\/span><br \/>\n<strong><span dir=\"auto\">Recomendado para:<\/span><\/strong><span dir=\"auto\"> Uso diario.<\/span><br \/>\n<strong><span dir=\"auto\">Estilo:<\/span><\/strong><span dir=\"auto\"> Estampado.<\/span><br \/>\n<strong><span dir=\"auto\">Escote:<\/span><\/strong><span dir=\"auto\"> Cuello redondo.<\/span><br \/>\n<strong><span dir=\"auto\">Material:<\/span><\/strong><span dir=\"auto\"> Algod\u00f3n.<\/span><br \/>\n<strong><span dir=\"auto\">Manga:<\/span><\/strong><span dir=\"auto\"> Manga corta.<\/span><br \/>\n<strong><span dir=\"auto\">Modelo:<\/span><\/strong><span dir=\"auto\"> AR5004-411.<\/span><br \/>\n<b><span dir=\"auto\">Color: <\/span><\/b><span dir=\"auto\">Azul.<\/span><\/p>\n<h6><em><span dir=\"auto\">No pierdas la oportunidad de a\u00f1adir esta prenda vers\u00e1til y elegante a tu look. Haz clic ahora para\u00a0<\/span><span dir=\"auto\">comprar<\/span><span dir=\"auto\">\u00a0la\u00a0<\/span><span dir=\"auto\">camiseta Nike Sportswear Icon Futura para hombre<\/span><span dir=\"auto\">\u00a0y prep\u00e1rate para destacar con estilo en cualquier ocasi\u00f3n. Tu camino hacia un look exitoso empieza aqu\u00ed.<\/span><\/em><\/h6>\n","protected":false},"excerpt":{"rendered":"<p>NSW TEE ICON FUTURA Estilo y actitud para el d\u00eda a d\u00eda La\u00a0camiseta Nike Sportswear Icon Futura para hombre\u00a0es la<\/p>\n","protected":false},"featured_media":96244,"comment_status":"open","ping_status":"closed","template":"","meta":{"nf_dc_page":""},"product_brand":[1333],"product_cat":[76],"product_tag":[2439],"class_list":{"0":"post-95931","1":"product","2":"type-product","3":"status-publish","4":"has-post-thumbnail","6":"product_brand-nike","7":"product_cat-masculino","8":"product_tag-ar5004-411","10":"first","11":"instock","12":"shipping-taxable","13":"purchasable","14":"product-type-simple"},"_links":{"self":[{"href":"https:\/\/brandss.com.py\/index\/wp-json\/wp\/v2\/product\/95931","targetHints":{"allow":["GET"]}}],"collection":[{"href":"https:\/\/brandss.com.py\/index\/wp-json\/wp\/v2\/product"}],"about":[{"href":"https:\/\/brandss.com.py\/index\/wp-json\/wp\/v2\/types\/product"}],"replies":[{"embeddable":true,"href":"https:\/\/brandss.com.py\/index\/wp-json\/wp\/v2\/comments?post=95931"}],"version-history":[{"count":1,"href":"https:\/\/brandss.com.py\/index\/wp-json\/wp\/v2\/product\/95931\/revisions"}],"predecessor-version":[{"id":95932,"href":"https:\/\/brandss.com.py\/index\/wp-json\/wp\/v2\/product\/95931\/revisions\/95932"}],"wp:featuredmedia":[{"embeddable":true,"href":"https:\/\/brandss.com.py\/index\/wp-json\/wp\/v2\/media\/96244"}],"wp:attachment":[{"href":"https:\/\/brandss.com.py\/index\/wp-json\/wp\/v2\/media?parent=95931"}],"wp:term":[{"taxonomy":"product_brand","embeddable":true,"href":"https:\/\/brandss.com.py\/index\/wp-json\/wp\/v2\/product_brand?post=95931"},{"taxonomy":"product_cat","embeddable":true,"href":"https:\/\/brandss.com.py\/index\/wp-json\/wp\/v2\/product_cat?post=95931"},{"taxonomy":"product_tag","embeddable":true,"href":"https:\/\/brandss.com.py\/index\/wp-json\/wp\/v2\/product_tag?post=95931"}],"curies":[{"name":"wp","href":"https:\/\/api.w.org\/{rel}","templated":true}]}}