{"id":95936,"date":"2026-01-12T14:30:58","date_gmt":"2026-01-12T14:30:58","guid":{"rendered":"https:\/\/brandss.com.py\/index\/?post_type=product&#038;p=95936"},"modified":"2026-01-23T11:20:51","modified_gmt":"2026-01-23T11:20:51","slug":"calzado-deportivo-femenino-nike-tanjun","status":"publish","type":"product","link":"https:\/\/brandss.com.py\/index\/producto\/calzado-deportivo-femenino-nike-tanjun\/","title":{"rendered":"CALZADO DEPORTIVO FEMENINO NIKE TANJUN"},"content":{"rendered":"<p><img loading=\"lazy\" decoding=\"async\" class=\"\" src=\"https:\/\/images.seeklogo.com\/logo-png\/9\/2\/nike-logo-png_seeklogo-99478.png\" alt=\"Nike Logo PNG Vector (EPS) Free Download\" width=\"95\" height=\"95\" \/><\/p>\n<h1>TANJUN<\/h1>\n<p>No exageramos. El Nike Tanjun te brinda la m\u00e1xima simplicidad. Confeccionado con al menos un 20% de contenido reciclado y agujetas de poli\u00e9ster reciclado 100%, este modelo no pasa ning\u00fan detalle por alto. Ligereza. Ventilaci\u00f3n. Comodidad. Son solo palabras. Este calzado es todo lo que necesitas.<\/p>\n<h3>Especificaciones<\/h3>\n<ul>\n<li><span dir=\"auto\">Los materiales superiores est\u00e1n dise\u00f1ados para estirarse y adaptarse a su pie para una sensaci\u00f3n personalizada que se adapta r\u00e1pidamente.<\/span><\/li>\n<li><span dir=\"auto\">La entresuela y la suela exterior de espuma ofrecen una amortiguaci\u00f3n ligera.<\/span><\/li>\n<li><span dir=\"auto\">El cuello acolchado de corte bajo luce elegante y se siente muy bien.<\/span><\/li>\n<li>Modelo: DJ6257-006.<\/li>\n<li>Disciplina: running.<\/li>\n<li>Color: Fantasma\/Vela\/Voltio\/Oro Met\u00e1lico.<\/li>\n<\/ul>\n","protected":false},"excerpt":{"rendered":"<p>TANJUN No exageramos. El Nike Tanjun te brinda la m\u00e1xima simplicidad. Confeccionado con al menos un 20% de contenido reciclado<\/p>\n","protected":false},"featured_media":96258,"comment_status":"open","ping_status":"closed","template":"","meta":{"nf_dc_page":""},"product_brand":[1333],"product_cat":[73],"product_tag":[2450],"class_list":{"0":"post-95936","1":"product","2":"type-product","3":"status-publish","4":"has-post-thumbnail","6":"product_brand-nike","7":"product_cat-femenino","8":"product_tag-dj6257-006","10":"first","11":"instock","12":"shipping-taxable","13":"purchasable","14":"product-type-simple"},"_links":{"self":[{"href":"https:\/\/brandss.com.py\/index\/wp-json\/wp\/v2\/product\/95936","targetHints":{"allow":["GET"]}}],"collection":[{"href":"https:\/\/brandss.com.py\/index\/wp-json\/wp\/v2\/product"}],"about":[{"href":"https:\/\/brandss.com.py\/index\/wp-json\/wp\/v2\/types\/product"}],"replies":[{"embeddable":true,"href":"https:\/\/brandss.com.py\/index\/wp-json\/wp\/v2\/comments?post=95936"}],"version-history":[{"count":1,"href":"https:\/\/brandss.com.py\/index\/wp-json\/wp\/v2\/product\/95936\/revisions"}],"predecessor-version":[{"id":95937,"href":"https:\/\/brandss.com.py\/index\/wp-json\/wp\/v2\/product\/95936\/revisions\/95937"}],"wp:featuredmedia":[{"embeddable":true,"href":"https:\/\/brandss.com.py\/index\/wp-json\/wp\/v2\/media\/96258"}],"wp:attachment":[{"href":"https:\/\/brandss.com.py\/index\/wp-json\/wp\/v2\/media?parent=95936"}],"wp:term":[{"taxonomy":"product_brand","embeddable":true,"href":"https:\/\/brandss.com.py\/index\/wp-json\/wp\/v2\/product_brand?post=95936"},{"taxonomy":"product_cat","embeddable":true,"href":"https:\/\/brandss.com.py\/index\/wp-json\/wp\/v2\/product_cat?post=95936"},{"taxonomy":"product_tag","embeddable":true,"href":"https:\/\/brandss.com.py\/index\/wp-json\/wp\/v2\/product_tag?post=95936"}],"curies":[{"name":"wp","href":"https:\/\/api.w.org\/{rel}","templated":true}]}}