{"id":95941,"date":"2026-01-12T16:59:45","date_gmt":"2026-01-12T16:59:45","guid":{"rendered":"https:\/\/brandss.com.py\/index\/?post_type=product&#038;p=95941"},"modified":"2026-01-23T11:26:36","modified_gmt":"2026-01-23T11:26:36","slug":"leggings-deportivo-femenino-nike-one-dri-fit-7-8-tiro-alto","status":"publish","type":"product","link":"https:\/\/brandss.com.py\/index\/producto\/leggings-deportivo-femenino-nike-one-dri-fit-7-8-tiro-alto\/","title":{"rendered":"LEGGINGS DEPORTIVO FEMENINO NIKE ONE DRI-FIT 7\/8 TIRO ALTO"},"content":{"rendered":"<p><img loading=\"lazy\" decoding=\"async\" class=\"\" src=\"https:\/\/images.seeklogo.com\/logo-png\/9\/2\/nike-logo-png_seeklogo-99478.png\" alt=\"Nike Logo PNG Vector (EPS) Free Download\" width=\"90\" height=\"90\" \/><\/p>\n<h1>ONE DRI-FIT 7\/8<\/h1>\n<div class=\"b-fullpdpdetails__item\" data-prop-name=\"productDescription\"><span dir=\"auto\">Ya sea para entrenar o para relajarte, las mallas Nike One son una prenda vers\u00e1til, perfecta para cualquier ocasi\u00f3n. Su dise\u00f1o incre\u00edblemente c\u00f3modo absorbe el sudor para mantenerte seco. Adem\u00e1s, gracias a su tejido grueso, te mantendr\u00e1s protegido y seguro.<\/span><\/div>\n<div data-prop-name=\"productDescription\"><\/div>\n<div class=\"b-fullpdpdetails__attribute\" data-id=\"gmg_enhancedBenefits\">\n<div class=\"b-fullpdpdetails__section\">\n<div class=\"b-fullpdpdetails__title\"><strong><span dir=\"auto\">Haz ejercicio y mantente seco<\/span><\/strong><\/div>\n<div><\/div>\n<div class=\"b-productdata__content\"><span dir=\"auto\">La tecnolog\u00eda Nike Dri-FIT absorbe el sudor de la piel para una evaporaci\u00f3n m\u00e1s r\u00e1pida, ayud\u00e1ndote a mantenerte seco y c\u00f3modo. Los paneles de malla en la parte posterior de las piernas facilitan a\u00fan m\u00e1s la ventilaci\u00f3n.<\/span><\/div>\n<div><\/div>\n<\/div>\n<div class=\"b-fullpdpdetails__section\">\n<div class=\"b-fullpdpdetails__title\"><strong><span dir=\"auto\">Trabaja, si\u00e9ntete seguro<\/span><\/strong><\/div>\n<div><\/div>\n<div class=\"b-productdata__content\"><span dir=\"auto\">La tela no transparente supera la prueba de sentadillas para mantenerte cubierta. Los laterales no tienen costuras y la cintura tiene un contorno en V en la espalda para darte una silueta estilizada.<\/span><\/div>\n<div><\/div>\n<\/div>\n<div class=\"b-fullpdpdetails__section\">\n<div class=\"b-fullpdpdetails__title\"><strong><span dir=\"auto\">Trabaje inteligentemente, mant\u00e9ngase preparado<\/span><\/strong><\/div>\n<div><\/div>\n<div class=\"b-productdata__content\"><span dir=\"auto\">El dise\u00f1o incluye dos bolsillos ocultos en la cintura alta para que est\u00e9s preparada para cualquier cosa que te propongas. El bolsillo trasero es lo suficientemente grande como para guardar un tel\u00e9fono.<\/span><\/div>\n<div><\/div>\n<div><strong>Detalles<\/strong><\/div>\n<div>\n<ul class=\"b-list--dots\">\n<li><span dir=\"auto\">Color: Azul industrial\/blanco.<\/span><\/li>\n<li><span dir=\"auto\">Modelo: DV9020-457.<\/span><\/li>\n<\/ul>\n<\/div>\n<\/div>\n<\/div>\n","protected":false},"excerpt":{"rendered":"<p>ONE DRI-FIT 7\/8 Ya sea para entrenar o para relajarte, las mallas Nike One son una prenda vers\u00e1til, perfecta para<\/p>\n","protected":false},"featured_media":96274,"comment_status":"open","ping_status":"closed","template":"","meta":{"nf_dc_page":""},"product_brand":[1333],"product_cat":[73],"product_tag":[2461],"class_list":{"0":"post-95941","1":"product","2":"type-product","3":"status-publish","4":"has-post-thumbnail","6":"product_brand-nike","7":"product_cat-femenino","8":"product_tag-dv9020-457","10":"first","11":"instock","12":"shipping-taxable","13":"purchasable","14":"product-type-simple"},"_links":{"self":[{"href":"https:\/\/brandss.com.py\/index\/wp-json\/wp\/v2\/product\/95941","targetHints":{"allow":["GET"]}}],"collection":[{"href":"https:\/\/brandss.com.py\/index\/wp-json\/wp\/v2\/product"}],"about":[{"href":"https:\/\/brandss.com.py\/index\/wp-json\/wp\/v2\/types\/product"}],"replies":[{"embeddable":true,"href":"https:\/\/brandss.com.py\/index\/wp-json\/wp\/v2\/comments?post=95941"}],"version-history":[{"count":1,"href":"https:\/\/brandss.com.py\/index\/wp-json\/wp\/v2\/product\/95941\/revisions"}],"predecessor-version":[{"id":95942,"href":"https:\/\/brandss.com.py\/index\/wp-json\/wp\/v2\/product\/95941\/revisions\/95942"}],"wp:featuredmedia":[{"embeddable":true,"href":"https:\/\/brandss.com.py\/index\/wp-json\/wp\/v2\/media\/96274"}],"wp:attachment":[{"href":"https:\/\/brandss.com.py\/index\/wp-json\/wp\/v2\/media?parent=95941"}],"wp:term":[{"taxonomy":"product_brand","embeddable":true,"href":"https:\/\/brandss.com.py\/index\/wp-json\/wp\/v2\/product_brand?post=95941"},{"taxonomy":"product_cat","embeddable":true,"href":"https:\/\/brandss.com.py\/index\/wp-json\/wp\/v2\/product_cat?post=95941"},{"taxonomy":"product_tag","embeddable":true,"href":"https:\/\/brandss.com.py\/index\/wp-json\/wp\/v2\/product_tag?post=95941"}],"curies":[{"name":"wp","href":"https:\/\/api.w.org\/{rel}","templated":true}]}}