{"id":95945,"date":"2026-01-12T17:59:27","date_gmt":"2026-01-12T17:59:27","guid":{"rendered":"https:\/\/brandss.com.py\/index\/?post_type=product&#038;p=95945"},"modified":"2026-01-23T11:31:19","modified_gmt":"2026-01-23T11:31:19","slug":"short-deportivo-femenino-nike-swoosh-veneer-dri-fit","status":"publish","type":"product","link":"https:\/\/brandss.com.py\/index\/producto\/short-deportivo-femenino-nike-swoosh-veneer-dri-fit\/","title":{"rendered":"SHORT DEPORTIVO FEMENINO NIKE SWOOSH VENEER DRI-FIT"},"content":{"rendered":"<p><img loading=\"lazy\" decoding=\"async\" class=\"\" src=\"https:\/\/images.seeklogo.com\/logo-png\/9\/2\/nike-logo-png_seeklogo-99478.png\" alt=\"Nike Logo PNG Vector (EPS) Free Download\" width=\"101\" height=\"101\" \/><\/p>\n<h1>SWOOSH VENEER DRI-FIT<\/h1>\n<p>Estos pantalones cortos est\u00e1n listos para ir a donde sea que corras. Su tejido ultrasuave y sedoso se complementa con tecnolog\u00eda que absorbe el sudor para que disfrutes de la m\u00e1xima comodidad y te sientas seco a medida que avanzas.<\/p>\n<p><span dir=\"auto\">Estos shorts te acompa\u00f1an a todas partes, sin importar ad\u00f3nde te lleve tu carrera. Su tejido ultra suave y sedoso incorpora tecnolog\u00eda antitranspirante para mantenerte c\u00f3modo y seco kil\u00f3metro tras kil\u00f3metro.<\/span><\/p>\n<p>&nbsp;<\/p>\n<h3>Detalles<\/h3>\n<p>&nbsp;<\/p>\n<ul class=\"b-list--dots\">\n<li><span dir=\"auto\">La tecnolog\u00eda Nike Dri-FIT absorbe el sudor para una evaporaci\u00f3n m\u00e1s r\u00e1pida. Te mantienes seco y c\u00f3modo.<\/span><\/li>\n<li><span dir=\"auto\">Bolsillo con solapa en la cintura para tener tu equipo a mano.<\/span><\/li>\n<li><span dir=\"auto\">Color: Verde aceite.<\/span><\/li>\n<li><span dir=\"auto\">Modelo: DX1031-386.<\/span><\/li>\n<\/ul>\n","protected":false},"excerpt":{"rendered":"<p>SWOOSH VENEER DRI-FIT Estos pantalones cortos est\u00e1n listos para ir a donde sea que corras. Su tejido ultrasuave y sedoso<\/p>\n","protected":false},"featured_media":96286,"comment_status":"open","ping_status":"closed","template":"","meta":{"nf_dc_page":""},"product_brand":[1333],"product_cat":[73],"product_tag":[2466],"class_list":{"0":"post-95945","1":"product","2":"type-product","3":"status-publish","4":"has-post-thumbnail","6":"product_brand-nike","7":"product_cat-femenino","8":"product_tag-dx1031-386","10":"first","11":"instock","12":"shipping-taxable","13":"purchasable","14":"product-type-simple"},"_links":{"self":[{"href":"https:\/\/brandss.com.py\/index\/wp-json\/wp\/v2\/product\/95945","targetHints":{"allow":["GET"]}}],"collection":[{"href":"https:\/\/brandss.com.py\/index\/wp-json\/wp\/v2\/product"}],"about":[{"href":"https:\/\/brandss.com.py\/index\/wp-json\/wp\/v2\/types\/product"}],"replies":[{"embeddable":true,"href":"https:\/\/brandss.com.py\/index\/wp-json\/wp\/v2\/comments?post=95945"}],"version-history":[{"count":1,"href":"https:\/\/brandss.com.py\/index\/wp-json\/wp\/v2\/product\/95945\/revisions"}],"predecessor-version":[{"id":95946,"href":"https:\/\/brandss.com.py\/index\/wp-json\/wp\/v2\/product\/95945\/revisions\/95946"}],"wp:featuredmedia":[{"embeddable":true,"href":"https:\/\/brandss.com.py\/index\/wp-json\/wp\/v2\/media\/96286"}],"wp:attachment":[{"href":"https:\/\/brandss.com.py\/index\/wp-json\/wp\/v2\/media?parent=95945"}],"wp:term":[{"taxonomy":"product_brand","embeddable":true,"href":"https:\/\/brandss.com.py\/index\/wp-json\/wp\/v2\/product_brand?post=95945"},{"taxonomy":"product_cat","embeddable":true,"href":"https:\/\/brandss.com.py\/index\/wp-json\/wp\/v2\/product_cat?post=95945"},{"taxonomy":"product_tag","embeddable":true,"href":"https:\/\/brandss.com.py\/index\/wp-json\/wp\/v2\/product_tag?post=95945"}],"curies":[{"name":"wp","href":"https:\/\/api.w.org\/{rel}","templated":true}]}}