{"id":95947,"date":"2026-01-12T18:27:51","date_gmt":"2026-01-12T18:27:51","guid":{"rendered":"https:\/\/brandss.com.py\/index\/?post_type=product&#038;p=95947"},"modified":"2026-01-23T11:33:59","modified_gmt":"2026-01-23T11:33:59","slug":"short-deportivo-masculino-nike-jordan-dri-fit-sports-bc","status":"publish","type":"product","link":"https:\/\/brandss.com.py\/index\/producto\/short-deportivo-masculino-nike-jordan-dri-fit-sports-bc\/","title":{"rendered":"SHORT DEPORTIVO MASCULINO NIKE JORDAN DRI-FIT SPORTS BC"},"content":{"rendered":"<p><img loading=\"lazy\" decoding=\"async\" class=\"\" src=\"https:\/\/images.seeklogo.com\/logo-png\/9\/2\/nike-logo-png_seeklogo-99478.png\" alt=\"Nike Logo PNG Vector (EPS) Free Download\" width=\"106\" height=\"106\" \/><\/p>\n<h1>JORDAN DRI-FIT SPORTS BC<\/h1>\n<p>Listos para usar, desde la cancha cubierta hasta el paseo al aire libre. Los shorts de malla transpirable est\u00e1n mejorados con tecnolog\u00eda que absorbe el sudor para ayudarte a mantenerte fresco.<\/p>\n<h3>Detalles<\/h3>\n<ul>\n<li><span dir=\"auto\">La tecnolog\u00eda Nike Dri-FIT absorbe el sudor de la piel para una evaporaci\u00f3n m\u00e1s r\u00e1pida, ayud\u00e1ndote a mantenerte seco y c\u00f3modo.<\/span><\/li>\n<li><span dir=\"auto\">El tejido de malla es ligero y transpirable.<\/span><\/li>\n<li><span dir=\"auto\">La cintura el\u00e1stica y el cord\u00f3n trenzado plano te permiten ajustar los shorts con firmeza.<\/span><\/li>\n<li><span dir=\"auto\"><span dir=\"auto\">100% poli\u00e9ster.<\/span><\/span><\/li>\n<li><span dir=\"auto\"><span dir=\"auto\">Marca Jordan serigrafiada.<\/span><\/span><\/li>\n<li><span dir=\"auto\"><span dir=\"auto\">Lavado a m\u00e1quina.<\/span><\/span><\/li>\n<li><span dir=\"auto\"><span dir=\"auto\">Importado.<\/span><\/span><\/li>\n<li><span dir=\"auto\"><span dir=\"auto\">Color: Azul marino medianoche\/Azul l\u00e1ser\/Negro.<\/span><\/span><\/li>\n<li><span dir=\"auto\"><span dir=\"auto\">Modelo: DZ0569-410.<\/span><\/span><\/li>\n<\/ul>\n","protected":false},"excerpt":{"rendered":"<p>JORDAN DRI-FIT SPORTS BC Listos para usar, desde la cancha cubierta hasta el paseo al aire libre. Los shorts de<\/p>\n","protected":false},"featured_media":96293,"comment_status":"open","ping_status":"closed","template":"","meta":{"nf_dc_page":""},"product_brand":[1333],"product_cat":[76],"product_tag":[2470],"class_list":{"0":"post-95947","1":"product","2":"type-product","3":"status-publish","4":"has-post-thumbnail","6":"product_brand-nike","7":"product_cat-masculino","8":"product_tag-dz0569-410","10":"first","11":"instock","12":"shipping-taxable","13":"purchasable","14":"product-type-simple"},"_links":{"self":[{"href":"https:\/\/brandss.com.py\/index\/wp-json\/wp\/v2\/product\/95947","targetHints":{"allow":["GET"]}}],"collection":[{"href":"https:\/\/brandss.com.py\/index\/wp-json\/wp\/v2\/product"}],"about":[{"href":"https:\/\/brandss.com.py\/index\/wp-json\/wp\/v2\/types\/product"}],"replies":[{"embeddable":true,"href":"https:\/\/brandss.com.py\/index\/wp-json\/wp\/v2\/comments?post=95947"}],"version-history":[{"count":1,"href":"https:\/\/brandss.com.py\/index\/wp-json\/wp\/v2\/product\/95947\/revisions"}],"predecessor-version":[{"id":95948,"href":"https:\/\/brandss.com.py\/index\/wp-json\/wp\/v2\/product\/95947\/revisions\/95948"}],"wp:featuredmedia":[{"embeddable":true,"href":"https:\/\/brandss.com.py\/index\/wp-json\/wp\/v2\/media\/96293"}],"wp:attachment":[{"href":"https:\/\/brandss.com.py\/index\/wp-json\/wp\/v2\/media?parent=95947"}],"wp:term":[{"taxonomy":"product_brand","embeddable":true,"href":"https:\/\/brandss.com.py\/index\/wp-json\/wp\/v2\/product_brand?post=95947"},{"taxonomy":"product_cat","embeddable":true,"href":"https:\/\/brandss.com.py\/index\/wp-json\/wp\/v2\/product_cat?post=95947"},{"taxonomy":"product_tag","embeddable":true,"href":"https:\/\/brandss.com.py\/index\/wp-json\/wp\/v2\/product_tag?post=95947"}],"curies":[{"name":"wp","href":"https:\/\/api.w.org\/{rel}","templated":true}]}}