{"id":95949,"date":"2026-01-12T18:48:21","date_gmt":"2026-01-12T18:48:21","guid":{"rendered":"https:\/\/brandss.com.py\/index\/?post_type=product&#038;p=95949"},"modified":"2026-01-23T11:36:35","modified_gmt":"2026-01-23T11:36:35","slug":"camiseta-deportivo-masculino-nike-dri-fit-tee-rlgd-humor-2-mangas-cortas","status":"publish","type":"product","link":"https:\/\/brandss.com.py\/index\/producto\/camiseta-deportivo-masculino-nike-dri-fit-tee-rlgd-humor-2-mangas-cortas\/","title":{"rendered":"CAMISETA DEPORTIVO MASCULINO NIKE DRI-FIT TEE RLGD HUMOR 2 MANGAS CORTAS"},"content":{"rendered":"<p><img loading=\"lazy\" decoding=\"async\" class=\"\" src=\"https:\/\/images.seeklogo.com\/logo-png\/9\/2\/nike-logo-png_seeklogo-99478.png\" alt=\"Nike Logo PNG Vector (EPS) Free Download\" width=\"63\" height=\"63\" \/><\/p>\n<h1>DRI-FIT TEE RLGD HUMOR 2<\/h1>\n<p>Esta camiseta de fitness transpirable est\u00e1 dise\u00f1ada para que dediques tiempo y esfuerzo al \u00e9xito. Su corte holgado se adapta ligeramente al cuerpo para que puedas moverte con facilidad y comodidad. El ajuste holgado se adapta a tu cuerpo, permiti\u00e9ndote moverte con facilidad y comodidad. La tecnolog\u00eda Nike Dri-FIT absorbe el sudor de la piel para una evaporaci\u00f3n m\u00e1s r\u00e1pida, ayud\u00e1ndote a mantenerte seco y c\u00f3modo. El tejido de jersey ligero es transpirable y se siente suave al tacto.<\/p>\n<div class=\"desc_block noshow\">\n<p><strong><span dir=\"auto\">Dri-FIT.<\/span><\/strong><br \/>\n<span dir=\"auto\">Este tejido de microfibra de poli\u00e9ster de alto rendimiento absorbe el sudor del cuerpo y lo transporta a la superficie, donde se evapora. Como resultado, el tejido Dri-FIT te ayuda a mantenerte seco y c\u00f3modo.<\/span><\/p>\n<\/div>\n<div class=\"desc_block noshow\">\n<p><strong><span dir=\"auto\">Move To<\/span><\/strong><br \/>\n<span dir=\"auto\">Zero es la estrategia de Nike para eliminar los residuos y las emisiones de carbono y proteger el futuro del deporte. Las prendas est\u00e1n confeccionadas con al menos un 55 % de materiales reciclados, mientras que el calzado contiene al menos un 20 % de su peso en materiales reciclados.<\/span><\/p>\n<\/div>\n<h3>Detalles<\/h3>\n<ul>\n<li><span dir=\"auto\">Tejido\u00a0ligero,\u00a0<\/span><span dir=\"auto\">transpirable<\/span><span dir=\"auto\">\u00a0y\u00a0<\/span><span dir=\"auto\">el\u00e1stico.<\/span><\/li>\n<li><span dir=\"auto\">Cuello redondo con cinta interior<\/span><\/li>\n<li><span dir=\"auto\">Estampado del logotipo de Nike<\/span><\/li>\n<li><span dir=\"auto\">Ajuste regular<\/span><\/li>\n<li><span dir=\"auto\">Tejido: 100% poli\u00e9ster\u00a0<\/span><\/li>\n<li><span dir=\"auto\">Modelo: <\/span><span dir=\"auto\">DZ2745-410.<\/span><\/li>\n<li>Color: Marina de medianoche.<\/li>\n<\/ul>\n","protected":false},"excerpt":{"rendered":"<p>DRI-FIT TEE RLGD HUMOR 2 Esta camiseta de fitness transpirable est\u00e1 dise\u00f1ada para que dediques tiempo y esfuerzo al \u00e9xito.<\/p>\n","protected":false},"featured_media":96300,"comment_status":"open","ping_status":"closed","template":"","meta":{"nf_dc_page":""},"product_brand":[1333],"product_cat":[76],"product_tag":[2472],"class_list":{"0":"post-95949","1":"product","2":"type-product","3":"status-publish","4":"has-post-thumbnail","6":"product_brand-nike","7":"product_cat-masculino","8":"product_tag-dz2745-410","10":"first","11":"instock","12":"shipping-taxable","13":"purchasable","14":"product-type-simple"},"_links":{"self":[{"href":"https:\/\/brandss.com.py\/index\/wp-json\/wp\/v2\/product\/95949","targetHints":{"allow":["GET"]}}],"collection":[{"href":"https:\/\/brandss.com.py\/index\/wp-json\/wp\/v2\/product"}],"about":[{"href":"https:\/\/brandss.com.py\/index\/wp-json\/wp\/v2\/types\/product"}],"replies":[{"embeddable":true,"href":"https:\/\/brandss.com.py\/index\/wp-json\/wp\/v2\/comments?post=95949"}],"version-history":[{"count":1,"href":"https:\/\/brandss.com.py\/index\/wp-json\/wp\/v2\/product\/95949\/revisions"}],"predecessor-version":[{"id":95950,"href":"https:\/\/brandss.com.py\/index\/wp-json\/wp\/v2\/product\/95949\/revisions\/95950"}],"wp:featuredmedia":[{"embeddable":true,"href":"https:\/\/brandss.com.py\/index\/wp-json\/wp\/v2\/media\/96300"}],"wp:attachment":[{"href":"https:\/\/brandss.com.py\/index\/wp-json\/wp\/v2\/media?parent=95949"}],"wp:term":[{"taxonomy":"product_brand","embeddable":true,"href":"https:\/\/brandss.com.py\/index\/wp-json\/wp\/v2\/product_brand?post=95949"},{"taxonomy":"product_cat","embeddable":true,"href":"https:\/\/brandss.com.py\/index\/wp-json\/wp\/v2\/product_cat?post=95949"},{"taxonomy":"product_tag","embeddable":true,"href":"https:\/\/brandss.com.py\/index\/wp-json\/wp\/v2\/product_tag?post=95949"}],"curies":[{"name":"wp","href":"https:\/\/api.w.org\/{rel}","templated":true}]}}