{"id":95953,"date":"2026-01-13T12:10:29","date_gmt":"2026-01-13T12:10:29","guid":{"rendered":"https:\/\/brandss.com.py\/index\/?post_type=product&#038;p=95953"},"modified":"2026-01-23T11:40:48","modified_gmt":"2026-01-23T11:40:48","slug":"hoodie-casual-masculino-adidas-adicolor-classics-trefoil","status":"publish","type":"product","link":"https:\/\/brandss.com.py\/index\/producto\/hoodie-casual-masculino-adidas-adicolor-classics-trefoil\/","title":{"rendered":"HOODIE CASUAL MASCULINO ADIDAS ADICOLOR CLASSICS TREFOIL"},"content":{"rendered":"<p><img loading=\"lazy\" decoding=\"async\" class=\"\" src=\"https:\/\/download.logo.wine\/logo\/Adidas\/Adidas-Logo.wine.png\" alt=\"Vector Adidas Logo Png Black Adidas Originals Logo Adidas Png Hd Logo Svg File Adidas Original\" width=\"120\" height=\"80\" \/><\/p>\n<h1>ADICOLOR CLASSICS TREFOIL<\/h1>\n<div>\n<p><span dir=\"auto\">Desde su debut en los 70, el Trifolio ha sido usado por atletas profesionales, estrellas del hip hop, artistas y creadores de todo el mundo. As\u00ed que, cuando te pongas esta sudadera con capucha adidas, estar\u00e1s en buena compa\u00f1\u00eda. Demuestra tu conexi\u00f3n con el legado y si\u00e9ntete c\u00f3modo con nuestra tela French terry supersuave.<\/span><\/p>\n<p><span dir=\"auto\">Al comprar nuestros productos de algod\u00f3n, apoyas un cultivo de algod\u00f3n m\u00e1s sostenible.<\/span><\/p>\n<h3 style=\"font-weight: 400\"><strong>Caracter\u00edsticas:<\/strong><\/h3>\n<ul style=\"font-weight: 400\">\n<li>Capucha ajustable con cord\u00f3n<\/li>\n<li>Tejido superpesado<\/li>\n<li>bolsillo de canguro<\/li>\n<li>Pu\u00f1os y dobladillo acanalados<\/li>\n<li>Ajuste regular<\/li>\n<li>Composici\u00f3n: 100% algod\u00f3n franc\u00e9s<\/li>\n<li>Iniciativa para un mejor algod\u00f3n<\/li>\n<li>Al comprar productos de algod\u00f3n adidas, est\u00e1s apoyando un cultivo de algod\u00f3n m\u00e1s sostenible.<\/li>\n<\/ul>\n<\/div>\n<div class=\"ProductFeatures_wrapper_3ZYna\">\n<div>\n<h3 class=\"Heading_heading_1dtHt Heading_margin_Zz8sK\"><span dir=\"auto\">Materiales<\/span><\/h3>\n<div class=\"Materials_wrapper_3DRez\">\n<div class=\"PropertyItem_wrapper_1GZ_b\">\n<p><span class=\"PropertyItem_label_39ZZn\"><strong><span dir=\"auto\">Composici\u00f3n<\/span><\/strong><\/span><\/p>\n<p class=\"\"><span class=\"PropertyItem_value_2D-vk\"><span dir=\"auto\">100% algod\u00f3n<\/span><\/span><span dir=\"auto\">:\u00a0<\/span><span dir=\"auto\">Un material muy suave y agradable cuyas propiedades incluyen resistencia a la tracci\u00f3n y alargamiento a la rotura.<\/span><\/p>\n<\/div>\n<div class=\"PropertyItem_wrapper_1GZ_b\">\n<p><span class=\"PropertyItem_label_39ZZn\"><strong><span dir=\"auto\">Material<\/span><\/strong><\/span><\/p>\n<p class=\"PropertyItem_breakLine_1xw5t\"><span class=\"PropertyItem_value_2D-vk\"><span dir=\"auto\">Terry franc\u00e9s<\/span><\/span><\/p>\n<\/div>\n<div class=\"PropertyItem_wrapper_1GZ_b\">\n<p><span class=\"PropertyItem_label_39ZZn\"><strong><span dir=\"auto\">Instrucciones de cuidado<\/span><\/strong><\/span><\/p>\n<p class=\"PropertyItem_breakLine_1xw5t\"><span class=\"PropertyItem_value_2D-vk\"><span dir=\"auto\">Lavable en lavadora 30\u00ba<\/span><\/span><\/p>\n<\/div>\n<\/div>\n<\/div>\n<div>\n<h3 class=\"Heading_heading_1dtHt Heading_margin_Zz8sK\"><span dir=\"auto\">Detalles<\/span><\/h3>\n<div class=\"Details_wrapper_hHaf7\">\n<div>\n<div class=\"PropertyItem_wrapper_1GZ_b PropertyItem_inline_1oqw4\"><span class=\"PropertyItem_label_39ZZn\"><strong><span dir=\"auto\">Modelo: <\/span><\/strong><span dir=\"auto\">H06668.<\/span><\/span><\/div>\n<\/div>\n<div>\n<div class=\"PropertyItem_wrapper_1GZ_b PropertyItem_inline_1oqw4\"><span class=\"PropertyItem_label_39ZZn\"><strong><span dir=\"auto\">Color:<\/span><\/strong><\/span><span dir=\"auto\">\u00a0<\/span><span dir=\"auto\">Rojo.<\/span><\/div>\n<div class=\"PropertyItem_wrapper_1GZ_b PropertyItem_inline_1oqw4\"><span class=\"PropertyItem_label_39ZZn\"><strong><span dir=\"auto\">Temporada:<\/span><\/strong><\/span><span dir=\"auto\">\u00a0<\/span><span dir=\"auto\">Primavera<\/span><span dir=\"auto\">,\u00a0<\/span><span dir=\"auto\">Oto\u00f1o.<\/span><\/div>\n<div class=\"PropertyItem_wrapper_1GZ_b PropertyItem_inline_1oqw4\"><span class=\"PropertyItem_label_39ZZn\"><strong><span dir=\"auto\">Ajuste:<\/span><\/strong><\/span><span dir=\"auto\">\u00a0<\/span><span dir=\"auto\">Regular.<\/span><\/div>\n<div class=\"PropertyItem_wrapper_1GZ_b PropertyItem_inline_1oqw4\"><span class=\"PropertyItem_label_39ZZn\"><strong><span dir=\"auto\">Escote:<\/span><\/strong><\/span><span dir=\"auto\">\u00a0<\/span><span dir=\"auto\">Cuello redondo.<\/span><\/div>\n<div class=\"PropertyItem_wrapper_1GZ_b PropertyItem_inline_1oqw4\"><span class=\"PropertyItem_label_39ZZn\"><strong><span dir=\"auto\">Manga:<\/span><\/strong><\/span><span dir=\"auto\">\u00a0<\/span><span dir=\"auto\">Manga larga.<\/span><\/div>\n<div class=\"PropertyItem_wrapper_1GZ_b PropertyItem_inline_1oqw4\"><span class=\"PropertyItem_label_39ZZn\"><strong><span dir=\"auto\">Capucha:<\/span><\/strong><\/span><span dir=\"auto\">\u00a0<\/span><span dir=\"auto\">Con capucha.<\/span><\/div>\n<div class=\"PropertyItem_wrapper_1GZ_b PropertyItem_inline_1oqw4\"><span class=\"PropertyItem_label_39ZZn\"><strong><span dir=\"auto\">Bolsillos:<\/span><\/strong><\/span><span dir=\"auto\">\u00a0<\/span><span dir=\"auto\">bolsillo tipo cangurera.<\/span><\/div>\n<div class=\"PropertyItem_wrapper_1GZ_b PropertyItem_inline_1oqw4\"><span class=\"PropertyItem_label_39ZZn\"><strong><span dir=\"auto\">Cierre:<\/span><\/strong><\/span><span dir=\"auto\">\u00a0<\/span><span dir=\"auto\">Jersey.<\/span><\/div>\n<div class=\"PropertyItem_wrapper_1GZ_b PropertyItem_inline_1oqw4\"><span class=\"PropertyItem_label_39ZZn\"><strong><span dir=\"auto\">Dobladillo inferior:<\/span><\/strong><\/span><span dir=\"auto\">\u00a0<\/span><span dir=\"auto\">El\u00e1stico.<\/span><\/div>\n<div class=\"PropertyItem_wrapper_1GZ_b PropertyItem_inline_1oqw4\"><span class=\"PropertyItem_label_39ZZn\"><strong><span dir=\"auto\">Pu\u00f1o:<\/span><\/strong><\/span><span dir=\"auto\">\u00a0<\/span><span dir=\"auto\">El\u00e1stico.<\/span><\/div>\n<div class=\"PropertyItem_wrapper_1GZ_b PropertyItem_inline_1oqw4\"><span class=\"PropertyItem_label_39ZZn\"><strong><span dir=\"auto\">Detalles:<\/span><\/strong><\/span><span dir=\"auto\">\u00a0<\/span><span dir=\"auto\">Estampado en el pecho.<\/span><\/div>\n<\/div>\n<div class=\"PropertyItem_wrapper_1GZ_b PropertyItem_inline_1oqw4\"><\/div>\n<\/div>\n<\/div>\n<\/div>\n","protected":false},"excerpt":{"rendered":"<p>ADICOLOR CLASSICS TREFOIL Desde su debut en los 70, el Trifolio ha sido usado por atletas profesionales, estrellas del hip<\/p>\n","protected":false},"featured_media":96310,"comment_status":"open","ping_status":"closed","template":"","meta":{"nf_dc_page":""},"product_brand":[1368],"product_cat":[76],"product_tag":[2492],"class_list":{"0":"post-95953","1":"product","2":"type-product","3":"status-publish","4":"has-post-thumbnail","6":"product_brand-adidas","7":"product_cat-masculino","8":"product_tag-h06668","10":"first","11":"instock","12":"shipping-taxable","13":"purchasable","14":"product-type-simple"},"_links":{"self":[{"href":"https:\/\/brandss.com.py\/index\/wp-json\/wp\/v2\/product\/95953","targetHints":{"allow":["GET"]}}],"collection":[{"href":"https:\/\/brandss.com.py\/index\/wp-json\/wp\/v2\/product"}],"about":[{"href":"https:\/\/brandss.com.py\/index\/wp-json\/wp\/v2\/types\/product"}],"replies":[{"embeddable":true,"href":"https:\/\/brandss.com.py\/index\/wp-json\/wp\/v2\/comments?post=95953"}],"version-history":[{"count":2,"href":"https:\/\/brandss.com.py\/index\/wp-json\/wp\/v2\/product\/95953\/revisions"}],"predecessor-version":[{"id":96316,"href":"https:\/\/brandss.com.py\/index\/wp-json\/wp\/v2\/product\/95953\/revisions\/96316"}],"wp:featuredmedia":[{"embeddable":true,"href":"https:\/\/brandss.com.py\/index\/wp-json\/wp\/v2\/media\/96310"}],"wp:attachment":[{"href":"https:\/\/brandss.com.py\/index\/wp-json\/wp\/v2\/media?parent=95953"}],"wp:term":[{"taxonomy":"product_brand","embeddable":true,"href":"https:\/\/brandss.com.py\/index\/wp-json\/wp\/v2\/product_brand?post=95953"},{"taxonomy":"product_cat","embeddable":true,"href":"https:\/\/brandss.com.py\/index\/wp-json\/wp\/v2\/product_cat?post=95953"},{"taxonomy":"product_tag","embeddable":true,"href":"https:\/\/brandss.com.py\/index\/wp-json\/wp\/v2\/product_tag?post=95953"}],"curies":[{"name":"wp","href":"https:\/\/api.w.org\/{rel}","templated":true}]}}