{"id":95955,"date":"2026-01-13T12:53:37","date_gmt":"2026-01-13T12:53:37","guid":{"rendered":"https:\/\/brandss.com.py\/index\/?post_type=product&#038;p=95955"},"modified":"2026-01-23T11:42:38","modified_gmt":"2026-01-23T11:42:38","slug":"camiseta-casual-femenino-nike-sportswear-chill-knit-cropped-mangas-cortas","status":"publish","type":"product","link":"https:\/\/brandss.com.py\/index\/producto\/camiseta-casual-femenino-nike-sportswear-chill-knit-cropped-mangas-cortas\/","title":{"rendered":"CAMISETA CASUAL FEMENINO NIKE SPORTSWEAR CHILL KNIT CROPPED MANGAS CORTAS"},"content":{"rendered":"<p><img loading=\"lazy\" decoding=\"async\" class=\"\" src=\"https:\/\/images.seeklogo.com\/logo-png\/9\/2\/nike-logo-png_seeklogo-99478.png\" alt=\"Nike Logo PNG Vector (EPS) Free Download\" width=\"100\" height=\"100\" \/><\/p>\n<h1>SPORTSWEAR CHILL KNIT<\/h1>\n<p><span dir=\"auto\">Es ideal para quienes prefieren un estilo deportivo pero buscan un look femenino y moderno. Con su dise\u00f1o ajustado y largo corto, este top realza la figura y ofrece la m\u00e1xima comodidad.<\/span><\/p>\n<h4><span dir=\"auto\">Caracter\u00edsticas<\/span><\/h4>\n<p><strong><span dir=\"auto\">Material Chill Knit: <\/span><\/strong><\/p>\n<p><span dir=\"auto\">Confeccionada con tejido Chill Knit de primera calidad, esta camiseta te ofrece una sensaci\u00f3n fresca y c\u00f3moda durante todo el d\u00eda. Este material no solo es suave, sino tambi\u00e9n transpirable, manteni\u00e9ndote c\u00f3moda en cualquier actividad. Es perfecta para cualquier ocasi\u00f3n, desde ir al gimnasio y pasear por la ciudad hasta quedar con amigos. Con su dise\u00f1o moderno y materiales de alta calidad, esta camiseta te ayuda a expresar tu estilo personal con confianza en cualquier situaci\u00f3n.<\/span><\/p>\n<p><strong><span dir=\"auto\">Dise\u00f1o ajustado:<\/span><\/strong><\/p>\n<p><span dir=\"auto\">Con un dise\u00f1o ajustado que se ajusta al cuerpo, la camiseta realza tu figura, creando un look estilizado y elegante.<\/span><\/p>\n<p><strong><span dir=\"auto\">Estilo corto: <\/span><\/strong><\/p>\n<p><span dir=\"auto\">Su dise\u00f1o moderadamente corto crea una sensaci\u00f3n juvenil y en\u00e9rgica, perfecta para combinar con pantalones o faldas de cintura alta. <\/span><span dir=\"auto\">F\u00e1cil de combinar con diversos conjuntos y accesorios, creando un look moderno y sofisticado.<\/span><\/p>\n<p><strong><span dir=\"auto\">Logotipo de Nike bordado: <\/span><\/strong><\/p>\n<p><span dir=\"auto\">El logotipo de Nike est\u00e1 delicadamente bordado en el pecho, reafirmando la clase y la calidad de esta reconocida marca. <\/span>Con la camiseta Nike Sportswear Chill Knit Slim Cropped, siempre te sentir\u00e1s c\u00f3moda y segura gracias a su sofisticado dise\u00f1o y material de alta calidad, que crea un look din\u00e1mico y elegante.<\/p>\n<h3><span dir=\"auto\">Instrucciones y cuidado<\/span><\/h3>\n<p><span dir=\"auto\">Lavar a m\u00e1quina en ciclo suave con agua fr\u00eda.<\/span><br \/>\n<span dir=\"auto\">No usar detergentes agresivos.<\/span><br \/>\n<span dir=\"auto\">Secar en un lugar bien ventilado, evitando la luz solar directa para conservar el color y la calidad de la prenda.<\/span><\/p>\n<h3><span dir=\"auto\">Detalles<\/span><\/h3>\n<p><strong><span dir=\"auto\">Marca:<\/span><\/strong><span dir=\"auto\"> Nike.<\/span><\/p>\n<p><strong>G\u00e9nero:<\/strong> femenino.<\/p>\n<p><b><span dir=\"auto\">Modelo:<\/span><\/b><span dir=\"auto\"> HJ6529-104.<\/span><\/p>\n<p><strong>Color:<\/strong> Beige.<\/p>\n","protected":false},"excerpt":{"rendered":"<p>SPORTSWEAR CHILL KNIT Es ideal para quienes prefieren un estilo deportivo pero buscan un look femenino y moderno. Con su<\/p>\n","protected":false},"featured_media":96317,"comment_status":"open","ping_status":"closed","template":"","meta":{"nf_dc_page":""},"product_brand":[1333],"product_cat":[73],"product_tag":[2494],"class_list":{"0":"post-95955","1":"product","2":"type-product","3":"status-publish","4":"has-post-thumbnail","6":"product_brand-nike","7":"product_cat-femenino","8":"product_tag-hj6529-104","10":"first","11":"instock","12":"shipping-taxable","13":"purchasable","14":"product-type-simple"},"_links":{"self":[{"href":"https:\/\/brandss.com.py\/index\/wp-json\/wp\/v2\/product\/95955","targetHints":{"allow":["GET"]}}],"collection":[{"href":"https:\/\/brandss.com.py\/index\/wp-json\/wp\/v2\/product"}],"about":[{"href":"https:\/\/brandss.com.py\/index\/wp-json\/wp\/v2\/types\/product"}],"replies":[{"embeddable":true,"href":"https:\/\/brandss.com.py\/index\/wp-json\/wp\/v2\/comments?post=95955"}],"version-history":[{"count":1,"href":"https:\/\/brandss.com.py\/index\/wp-json\/wp\/v2\/product\/95955\/revisions"}],"predecessor-version":[{"id":95956,"href":"https:\/\/brandss.com.py\/index\/wp-json\/wp\/v2\/product\/95955\/revisions\/95956"}],"wp:featuredmedia":[{"embeddable":true,"href":"https:\/\/brandss.com.py\/index\/wp-json\/wp\/v2\/media\/96317"}],"wp:attachment":[{"href":"https:\/\/brandss.com.py\/index\/wp-json\/wp\/v2\/media?parent=95955"}],"wp:term":[{"taxonomy":"product_brand","embeddable":true,"href":"https:\/\/brandss.com.py\/index\/wp-json\/wp\/v2\/product_brand?post=95955"},{"taxonomy":"product_cat","embeddable":true,"href":"https:\/\/brandss.com.py\/index\/wp-json\/wp\/v2\/product_cat?post=95955"},{"taxonomy":"product_tag","embeddable":true,"href":"https:\/\/brandss.com.py\/index\/wp-json\/wp\/v2\/product_tag?post=95955"}],"curies":[{"name":"wp","href":"https:\/\/api.w.org\/{rel}","templated":true}]}}