{"id":95963,"date":"2026-01-13T16:10:58","date_gmt":"2026-01-13T16:10:58","guid":{"rendered":"https:\/\/brandss.com.py\/index\/?post_type=product&#038;p=95963"},"modified":"2026-01-23T11:53:33","modified_gmt":"2026-01-23T11:53:33","slug":"camiseta-deportivo-masculino-adidas-arsenal-home-23-24-mangas-cortas","status":"publish","type":"product","link":"https:\/\/brandss.com.py\/index\/producto\/camiseta-deportivo-masculino-adidas-arsenal-home-23-24-mangas-cortas\/","title":{"rendered":"CAMISETA DEPORTIVO MASCULINO ADIDAS ARSENAL HOME 23\/24 MANGAS CORTAS"},"content":{"rendered":"<p><img loading=\"lazy\" decoding=\"async\" class=\"\" src=\"https:\/\/upload.wikimedia.org\/wikipedia\/commons\/thumb\/2\/20\/Adidas_Logo.svg\/2560px-Adidas_Logo.svg.png\" alt=\"Archivo:Adidas Logo.svg - Wikipedia, la enciclopedia libre\" width=\"110\" height=\"76\" \/><\/p>\n<h1>ARSENAL HOME 23\/24<\/h1>\n<div class=\"product-description col-6\">\n<div class=\"value content product-sub-headline\"><strong><em><span dir=\"auto\">Una camiseta festiva de aficionado del Arsenal con rayos y detalles dorados.<\/span><\/em><\/strong><\/div>\n<div class=\"value content product-desc-short\"><span dir=\"auto\">Dicen que un rayo no cae dos veces. Y 20 a\u00f1os despu\u00e9s, los Gunners siguen siendo el \u00fanico club que ha terminado una temporada de la m\u00e1xima categor\u00eda del f\u00fatbol ingl\u00e9s invicto. La camiseta local del Arsenal 23\/24 celebra el aniversario \u00fanico del equipo con rayos y detalles dorados. Creada para los fieles seguidores del club, la camiseta cuenta con tecnolog\u00eda AEROREADY que absorbe el sudor para mantenerte seco, mientras que un escudo tejido muestra tu orgullo por el equipo. Fabricada con materiales 100 % reciclados, este producto representa solo una de nuestras soluciones para ayudar a erradicar los residuos pl\u00e1sticos.<\/span><\/div>\n<div>\n<div class=\"col-12\">\n<h2 class=\"title accordionParent\"><a><span dir=\"auto\">Detalles<\/span><\/a><\/h2>\n<ul class=\"product-bullets list-unstyled\">\n<li class=\"product-bullet\"><span dir=\"auto\">Corte ajustado.<\/span><\/li>\n<li class=\"product-bullet\"><span dir=\"auto\">Cuello redondo acanalado.<\/span><\/li>\n<li class=\"product-bullet\"><span dir=\"auto\">100% poli\u00e9ster (reciclado).<\/span><\/li>\n<li class=\"product-bullet\"><span dir=\"auto\">Inserciones laterales: 100% poli\u00e9ster (reciclado).<\/span><\/li>\n<li class=\"product-bullet\"><span dir=\"auto\">AEROREADY.<\/span><\/li>\n<li class=\"product-bullet\"><span dir=\"auto\">Pu\u00f1os acanalados.<\/span><\/li>\n<li class=\"product-bullet\"><span dir=\"auto\">Gr\u00e1fico de un rayo en la parte trasera del cuello.<\/span><\/li>\n<li class=\"product-bullet\"><span dir=\"auto\">Escudo tejido del Arsenal.<\/span><\/li>\n<li class=\"product-bullet\"><span dir=\"auto\">Dobladillo trasero m\u00e1s largo.<\/span><\/li>\n<li class=\"product-bullet\"><span dir=\"auto\">Modelo: HR6929.<\/span><\/li>\n<\/ul>\n<\/div>\n<div class=\"col-12 value content accordionChild\"><\/div>\n<\/div>\n<\/div>\n<div id=\"mainImage-HR6929\" class=\"description-image col-6\">\n<div class=\"carousel-item active\"><\/div>\n<\/div>\n","protected":false},"excerpt":{"rendered":"<p>ARSENAL HOME 23\/24 Una camiseta festiva de aficionado del Arsenal con rayos y detalles dorados. Dicen que un rayo no<\/p>\n","protected":false},"featured_media":96340,"comment_status":"open","ping_status":"closed","template":"","meta":{"nf_dc_page":""},"product_brand":[1368],"product_cat":[76],"product_tag":[2499],"class_list":{"0":"post-95963","1":"product","2":"type-product","3":"status-publish","4":"has-post-thumbnail","6":"product_brand-adidas","7":"product_cat-masculino","8":"product_tag-hr6929","10":"first","11":"instock","12":"shipping-taxable","13":"purchasable","14":"product-type-simple"},"_links":{"self":[{"href":"https:\/\/brandss.com.py\/index\/wp-json\/wp\/v2\/product\/95963","targetHints":{"allow":["GET"]}}],"collection":[{"href":"https:\/\/brandss.com.py\/index\/wp-json\/wp\/v2\/product"}],"about":[{"href":"https:\/\/brandss.com.py\/index\/wp-json\/wp\/v2\/types\/product"}],"replies":[{"embeddable":true,"href":"https:\/\/brandss.com.py\/index\/wp-json\/wp\/v2\/comments?post=95963"}],"version-history":[{"count":1,"href":"https:\/\/brandss.com.py\/index\/wp-json\/wp\/v2\/product\/95963\/revisions"}],"predecessor-version":[{"id":95964,"href":"https:\/\/brandss.com.py\/index\/wp-json\/wp\/v2\/product\/95963\/revisions\/95964"}],"wp:featuredmedia":[{"embeddable":true,"href":"https:\/\/brandss.com.py\/index\/wp-json\/wp\/v2\/media\/96340"}],"wp:attachment":[{"href":"https:\/\/brandss.com.py\/index\/wp-json\/wp\/v2\/media?parent=95963"}],"wp:term":[{"taxonomy":"product_brand","embeddable":true,"href":"https:\/\/brandss.com.py\/index\/wp-json\/wp\/v2\/product_brand?post=95963"},{"taxonomy":"product_cat","embeddable":true,"href":"https:\/\/brandss.com.py\/index\/wp-json\/wp\/v2\/product_cat?post=95963"},{"taxonomy":"product_tag","embeddable":true,"href":"https:\/\/brandss.com.py\/index\/wp-json\/wp\/v2\/product_tag?post=95963"}],"curies":[{"name":"wp","href":"https:\/\/api.w.org\/{rel}","templated":true}]}}