{"id":95965,"date":"2026-01-13T16:36:03","date_gmt":"2026-01-13T16:36:03","guid":{"rendered":"https:\/\/brandss.com.py\/index\/?post_type=product&#038;p=95965"},"modified":"2026-01-23T11:56:30","modified_gmt":"2026-01-23T11:56:30","slug":"camiseta-deportivo-masculino-adidas-juventus-home-23-24-mangas-cortas","status":"publish","type":"product","link":"https:\/\/brandss.com.py\/index\/producto\/camiseta-deportivo-masculino-adidas-juventus-home-23-24-mangas-cortas\/","title":{"rendered":"CAMISETA DEPORTIVO MASCULINO ADIDAS JUVENTUS HOME 23\/24 MANGAS CORTAS"},"content":{"rendered":"<p><img loading=\"lazy\" decoding=\"async\" class=\"\" src=\"https:\/\/upload.wikimedia.org\/wikipedia\/commons\/thumb\/2\/20\/Adidas_Logo.svg\/2560px-Adidas_Logo.svg.png\" alt=\"Archivo:Adidas Logo.svg - Wikipedia, la enciclopedia libre\" width=\"90\" height=\"62\" \/><\/p>\n<h1>JUVENTUS HOME 23\/24<\/h1>\n<div class=\"value content product-sub-headline\"><em><strong>Una camiseta de alto rendimiento del uniforme local de la Juventus que irradia el ADN del club<\/strong><\/em><\/div>\n<div><\/div>\n<div class=\"value content product-desc-short\">Esto va para los hinchas de la Juve. El estilo nost\u00e1lgico se combina con la tecnolog\u00eda deportiva moderna en la camiseta del uniforme local de la Juventus 23\/24. Arraigada en el legado del club, esta camiseta se inspira en los uniformes vintage en blanco y negro. El escudo del club bordado y los detalles en amarillo le ponen el toque final al look. Confeccionada en poli\u00e9ster reciclado liviano, esta camiseta incorpora tejido con tecnolog\u00eda de absorci\u00f3n AEROREADY e inserciones de malla en los costados para una m\u00e1xima sensaci\u00f3n de comodidad dentro y fuera de la cancha. \u00bfEl resultado? M\u00e1s de 120 a\u00f1os de orgullo por uno de los mejores equipos del mundo, unidos en una camiseta aut\u00e9ntica de alto rendimiento.<\/div>\n<div>\n<div class=\"col-12\">\n<h2 class=\"title accordionParent\"><a>Detalles\u00a0<\/a><\/h2>\n<\/div>\n<div class=\"col-12 value content accordionChild\">\n<ul class=\"product-bullets list-unstyled\">\n<li class=\"product-bullet\">Ajuste ce\u00f1ido.<\/li>\n<li class=\"product-bullet\">Cuello en V acanalado.<\/li>\n<li class=\"product-bullet\">Tejido entrelazado 100 % poli\u00e9ster reciclado.<\/li>\n<li class=\"product-bullet\">AEROREADY.<\/li>\n<li class=\"product-bullet\">Paneles de malla en los costados.<\/li>\n<li class=\"product-bullet\">Pu\u00f1os acanalados.<\/li>\n<li class=\"product-bullet\">Dobladillo trasero alargado.<\/li>\n<li class=\"product-bullet\">Escudo de la Juventus tejido.<\/li>\n<li class=\"product-bullet\">Inspirada en el legado del equipo. Esta camiseta de f\u00fatbol adidas luce un dise\u00f1o inspirado en la cebra, uno de los s\u00edmbolos m\u00e1s famosos de la Juventus. Creada para envolver a los hinchas en comodidad, incorpora tecnolog\u00eda de absorci\u00f3n AEROREADY y paneles de malla. Los detalles en amarillo y el escudo tejido del club rematan el look. Este producto, hecho con materiales 100% reciclados, representa solo una de nuestras soluciones para acabar con los residuos pl\u00e1sticos.<\/li>\n<li class=\"product-bullet\">Modelo: HR8256.<\/li>\n<\/ul>\n<\/div>\n<\/div>\n","protected":false},"excerpt":{"rendered":"<p>JUVENTUS HOME 23\/24 Una camiseta de alto rendimiento del uniforme local de la Juventus que irradia el ADN del club<\/p>\n","protected":false},"featured_media":96350,"comment_status":"open","ping_status":"closed","template":"","meta":{"nf_dc_page":""},"product_brand":[1368],"product_cat":[76],"product_tag":[2500],"class_list":{"0":"post-95965","1":"product","2":"type-product","3":"status-publish","4":"has-post-thumbnail","6":"product_brand-adidas","7":"product_cat-masculino","8":"product_tag-hr8256","10":"first","11":"instock","12":"shipping-taxable","13":"purchasable","14":"product-type-simple"},"_links":{"self":[{"href":"https:\/\/brandss.com.py\/index\/wp-json\/wp\/v2\/product\/95965","targetHints":{"allow":["GET"]}}],"collection":[{"href":"https:\/\/brandss.com.py\/index\/wp-json\/wp\/v2\/product"}],"about":[{"href":"https:\/\/brandss.com.py\/index\/wp-json\/wp\/v2\/types\/product"}],"replies":[{"embeddable":true,"href":"https:\/\/brandss.com.py\/index\/wp-json\/wp\/v2\/comments?post=95965"}],"version-history":[{"count":1,"href":"https:\/\/brandss.com.py\/index\/wp-json\/wp\/v2\/product\/95965\/revisions"}],"predecessor-version":[{"id":95966,"href":"https:\/\/brandss.com.py\/index\/wp-json\/wp\/v2\/product\/95965\/revisions\/95966"}],"wp:featuredmedia":[{"embeddable":true,"href":"https:\/\/brandss.com.py\/index\/wp-json\/wp\/v2\/media\/96350"}],"wp:attachment":[{"href":"https:\/\/brandss.com.py\/index\/wp-json\/wp\/v2\/media?parent=95965"}],"wp:term":[{"taxonomy":"product_brand","embeddable":true,"href":"https:\/\/brandss.com.py\/index\/wp-json\/wp\/v2\/product_brand?post=95965"},{"taxonomy":"product_cat","embeddable":true,"href":"https:\/\/brandss.com.py\/index\/wp-json\/wp\/v2\/product_cat?post=95965"},{"taxonomy":"product_tag","embeddable":true,"href":"https:\/\/brandss.com.py\/index\/wp-json\/wp\/v2\/product_tag?post=95965"}],"curies":[{"name":"wp","href":"https:\/\/api.w.org\/{rel}","templated":true}]}}