{"id":95967,"date":"2026-01-13T17:25:28","date_gmt":"2026-01-13T17:25:28","guid":{"rendered":"https:\/\/brandss.com.py\/index\/?post_type=product&#038;p=95967"},"modified":"2026-01-23T11:59:30","modified_gmt":"2026-01-23T11:59:30","slug":"calzado-deportivo-masculino-adidas-adifom-trxn","status":"publish","type":"product","link":"https:\/\/brandss.com.py\/index\/producto\/calzado-deportivo-masculino-adidas-adifom-trxn\/","title":{"rendered":"CALZADO DEPORTIVO MASCULINO ADIDAS ADIFOM TRXN"},"content":{"rendered":"<p><img loading=\"lazy\" decoding=\"async\" class=\"\" src=\"https:\/\/upload.wikimedia.org\/wikipedia\/commons\/thumb\/2\/20\/Adidas_Logo.svg\/2560px-Adidas_Logo.svg.png\" alt=\"Archivo:Adidas Logo.svg - Wikipedia, la enciclopedia libre\" width=\"135\" height=\"93\" \/><\/p>\n<h1>ADIFOM TRXN<\/h1>\n<p><span dir=\"auto\">Las adidas adiFOM TRXN combinan un look futurista con la m\u00e1xima comodidad. Este calzado cuenta con una parte superior textil minimalista y una suela de espuma gruesa que proporciona una sujeci\u00f3n \u00f3ptima del pie. El calzado deportivo casual ADIFOM TRXN <\/span><span dir=\"auto\">presenta un dise\u00f1o elegante con materiales reciclados<\/span><span dir=\"auto\">, elaborado para una comodidad \u00f3ptima. Inspirado en estilos anteriores, este calzado adidas ofrece comodidad pura. Combina una parte superior de malla minimalista con una suela exterior de espuma gruesa y un dise\u00f1o de lados altos para mantener el pie en su lugar. El tacto ultrasuave crea una apariencia moderna.<\/span><\/p>\n<p><span dir=\"auto\">Fabricado con una gama de materiales reciclados, la parte superior contiene al menos un 50% de componentes reciclados. Este producto es una de nuestras soluciones para ayudar a terminar con los residuos pl\u00e1sticos.<\/span><\/p>\n<h3>Detalles<\/h3>\n<ul>\n<li><span dir=\"auto\">Ajuste est\u00e1ndar.<\/span><\/li>\n<li><span dir=\"auto\">Cierre con cordones.<\/span><\/li>\n<li><span dir=\"auto\">Parte superior de malla.<\/span><\/li>\n<li><span dir=\"auto\">Forro de malla.<\/span><\/li>\n<li><span dir=\"auto\">Suela exterior sint\u00e9tica.<\/span><\/li>\n<li>La parte superior <span dir=\"auto\">utiliza m\u00e1s del 50% de materiales reciclados.<\/span><\/li>\n<li>Tecnolog\u00eda adiFOM para una amortiguaci\u00f3n \u00f3ptima.<\/li>\n<li>Composici\u00f3n: 30% caucho, 70% sint\u00e9tico\/textil<\/li>\n<li>Modelo: <span dir=\"auto\">ID4853.<\/span><\/li>\n<li>Color: Blanco Maravilla\/Negro N\u00facleo\/Beige M\u00e1gico.<\/li>\n<\/ul>\n","protected":false},"excerpt":{"rendered":"<p>ADIFOM TRXN Las adidas adiFOM TRXN combinan un look futurista con la m\u00e1xima comodidad. Este calzado cuenta con una parte<\/p>\n","protected":false},"featured_media":96360,"comment_status":"open","ping_status":"closed","template":"","meta":{"nf_dc_page":""},"product_brand":[1368],"product_cat":[76],"product_tag":[2504],"class_list":{"0":"post-95967","1":"product","2":"type-product","3":"status-publish","4":"has-post-thumbnail","6":"product_brand-adidas","7":"product_cat-masculino","8":"product_tag-id4853","10":"first","11":"instock","12":"shipping-taxable","13":"purchasable","14":"product-type-simple"},"_links":{"self":[{"href":"https:\/\/brandss.com.py\/index\/wp-json\/wp\/v2\/product\/95967","targetHints":{"allow":["GET"]}}],"collection":[{"href":"https:\/\/brandss.com.py\/index\/wp-json\/wp\/v2\/product"}],"about":[{"href":"https:\/\/brandss.com.py\/index\/wp-json\/wp\/v2\/types\/product"}],"replies":[{"embeddable":true,"href":"https:\/\/brandss.com.py\/index\/wp-json\/wp\/v2\/comments?post=95967"}],"version-history":[{"count":1,"href":"https:\/\/brandss.com.py\/index\/wp-json\/wp\/v2\/product\/95967\/revisions"}],"predecessor-version":[{"id":95968,"href":"https:\/\/brandss.com.py\/index\/wp-json\/wp\/v2\/product\/95967\/revisions\/95968"}],"wp:featuredmedia":[{"embeddable":true,"href":"https:\/\/brandss.com.py\/index\/wp-json\/wp\/v2\/media\/96360"}],"wp:attachment":[{"href":"https:\/\/brandss.com.py\/index\/wp-json\/wp\/v2\/media?parent=95967"}],"wp:term":[{"taxonomy":"product_brand","embeddable":true,"href":"https:\/\/brandss.com.py\/index\/wp-json\/wp\/v2\/product_brand?post=95967"},{"taxonomy":"product_cat","embeddable":true,"href":"https:\/\/brandss.com.py\/index\/wp-json\/wp\/v2\/product_cat?post=95967"},{"taxonomy":"product_tag","embeddable":true,"href":"https:\/\/brandss.com.py\/index\/wp-json\/wp\/v2\/product_tag?post=95967"}],"curies":[{"name":"wp","href":"https:\/\/api.w.org\/{rel}","templated":true}]}}