{"id":95969,"date":"2026-01-13T18:03:46","date_gmt":"2026-01-13T18:03:46","guid":{"rendered":"https:\/\/brandss.com.py\/index\/?post_type=product&#038;p=95969"},"modified":"2026-01-23T12:03:35","modified_gmt":"2026-01-23T12:03:35","slug":"camiseta-casual-masculino-nike-jordan-comic-crew-mangas-cortas","status":"publish","type":"product","link":"https:\/\/brandss.com.py\/index\/producto\/camiseta-casual-masculino-nike-jordan-comic-crew-mangas-cortas\/","title":{"rendered":"CAMISETA CASUAL MASCULINO NIKE JORDAN COMIC CREW MANGAS CORTAS"},"content":{"rendered":"<p><img loading=\"lazy\" decoding=\"async\" class=\"\" src=\"https:\/\/images.seeklogo.com\/logo-png\/9\/2\/nike-logo-png_seeklogo-99478.png\" alt=\"Nike Logo PNG Vector (EPS) Free Download\" width=\"85\" height=\"85\" \/><\/p>\n<h1>JORDAN COMIC CREW<\/h1>\n<p>Esta desenfadada camiseta Jordan, confeccionada en suave algod\u00f3n de peso medio, presenta un giro inspirado en los c\u00f3mics de la ic\u00f3nica foto del Jumpman, dando al look Jordan un fresco aire retro. El algod\u00f3n de peso medio garantiza un uso c\u00f3modo.<\/p>\n<h3>Detalles<\/h3>\n<ul class=\"b-list--dots\">\n<li>Escote redondo.<\/li>\n<li>Mangas cortas.<\/li>\n<li>Estampado gr\u00e1fico.<\/li>\n<li>Material: 100% Algod\u00f3n.<\/li>\n<li><span dir=\"auto\">Color: negro\/blanco<\/span><\/li>\n<li><span dir=\"auto\">Modelo: IF0784-010.<\/span><\/li>\n<\/ul>\n","protected":false},"excerpt":{"rendered":"<p>JORDAN COMIC CREW Esta desenfadada camiseta Jordan, confeccionada en suave algod\u00f3n de peso medio, presenta un giro inspirado en los<\/p>\n","protected":false},"featured_media":96371,"comment_status":"open","ping_status":"closed","template":"","meta":{"nf_dc_page":""},"product_brand":[1333],"product_cat":[76],"product_tag":[2505],"class_list":{"0":"post-95969","1":"product","2":"type-product","3":"status-publish","4":"has-post-thumbnail","6":"product_brand-nike","7":"product_cat-masculino","8":"product_tag-if0784-010","10":"first","11":"instock","12":"shipping-taxable","13":"purchasable","14":"product-type-simple"},"_links":{"self":[{"href":"https:\/\/brandss.com.py\/index\/wp-json\/wp\/v2\/product\/95969","targetHints":{"allow":["GET"]}}],"collection":[{"href":"https:\/\/brandss.com.py\/index\/wp-json\/wp\/v2\/product"}],"about":[{"href":"https:\/\/brandss.com.py\/index\/wp-json\/wp\/v2\/types\/product"}],"replies":[{"embeddable":true,"href":"https:\/\/brandss.com.py\/index\/wp-json\/wp\/v2\/comments?post=95969"}],"version-history":[{"count":1,"href":"https:\/\/brandss.com.py\/index\/wp-json\/wp\/v2\/product\/95969\/revisions"}],"predecessor-version":[{"id":95970,"href":"https:\/\/brandss.com.py\/index\/wp-json\/wp\/v2\/product\/95969\/revisions\/95970"}],"wp:featuredmedia":[{"embeddable":true,"href":"https:\/\/brandss.com.py\/index\/wp-json\/wp\/v2\/media\/96371"}],"wp:attachment":[{"href":"https:\/\/brandss.com.py\/index\/wp-json\/wp\/v2\/media?parent=95969"}],"wp:term":[{"taxonomy":"product_brand","embeddable":true,"href":"https:\/\/brandss.com.py\/index\/wp-json\/wp\/v2\/product_brand?post=95969"},{"taxonomy":"product_cat","embeddable":true,"href":"https:\/\/brandss.com.py\/index\/wp-json\/wp\/v2\/product_cat?post=95969"},{"taxonomy":"product_tag","embeddable":true,"href":"https:\/\/brandss.com.py\/index\/wp-json\/wp\/v2\/product_tag?post=95969"}],"curies":[{"name":"wp","href":"https:\/\/api.w.org\/{rel}","templated":true}]}}