{"id":95971,"date":"2026-01-13T18:47:19","date_gmt":"2026-01-13T18:47:19","guid":{"rendered":"https:\/\/brandss.com.py\/index\/?post_type=product&#038;p=95971"},"modified":"2026-01-23T12:05:54","modified_gmt":"2026-01-23T12:05:54","slug":"camiseta-casual-masculino-nike-jordan-comic-crew-mangas-cortas-2","status":"publish","type":"product","link":"https:\/\/brandss.com.py\/index\/producto\/camiseta-casual-masculino-nike-jordan-comic-crew-mangas-cortas-2\/","title":{"rendered":"CAMISETA CASUAL MASCULINO NIKE JORDAN COMIC CREW MANGAS CORTAS"},"content":{"rendered":"<p><img loading=\"lazy\" decoding=\"async\" class=\"\" src=\"https:\/\/images.seeklogo.com\/logo-png\/9\/2\/nike-logo-png_seeklogo-99478.png\" alt=\"Nike Logo PNG Vector (EPS) Free Download\" width=\"108\" height=\"108\" \/><\/p>\n<h1>JORDAN COMIC CREW<\/h1>\n<p class=\"nds-text pb4-sm css-qtj9g7 e1yhcai00 appearance-body1 color-primary weight-regular\" data-testid=\"product-description\">El look inspirado en un c\u00f3mic con la ic\u00f3nica foto Jumpman de MJ a\u00f1ade un toque retro a esta camiseta de algod\u00f3n suave de densidad media.<\/p>\n<div data-testid=\"benefit-section\">\n<h3><span dir=\"auto\">Materiales<\/span><\/h3>\n<p><span dir=\"auto\">Fabricada 100% en algod\u00f3n de alta calidad, esta camiseta ofrece una sensaci\u00f3n de suavidad y comodidad durante todo el d\u00eda.<\/span><\/p>\n<h3><span dir=\"auto\">Dise\u00f1o<\/span><\/h3>\n<p><span dir=\"auto\">El dise\u00f1o presenta una reinterpretaci\u00f3n en estilo c\u00f3mic de la ic\u00f3nica foto de MJ con el Jumpman, d\u00e1ndole un toque retro y distintivo a la prenda.<\/span><\/p>\n<h3><span dir=\"auto\">Adaptar<\/span><\/h3>\n<p><span dir=\"auto\">El ajuste est\u00e1ndar garantiza una silueta c\u00f3moda y tradicional, adecuada para diversas ocasiones y estilos.<\/span><\/p>\n<\/div>\n<div data-testid=\"benefit-section\"><\/div>\n<div data-testid=\"benefit-section\"><\/div>\n<div data-testid=\"benefit-section\">\n<h3 class=\"nds-text pb2-sm css-1m2rxfq e1yhcai00 appearance-title4 color-primary weight-regular\" data-testid=\"benefit-header\">Detalles<\/h3>\n<ul class=\"pb4-sm css-1vql4bw eru6lik0 nds-list\" data-testid=\"benefit-list\">\n<li class=\"nds-text css-xlkxpi e1yhcai00 appearance-body1 color-primary weight-regular\">100 % algod\u00f3n.<\/li>\n<li class=\"nds-text css-xlkxpi e1yhcai00 appearance-body1 color-primary weight-regular\">Lavar a m\u00e1quina.<\/li>\n<li class=\"nds-text css-xlkxpi e1yhcai00 appearance-body1 color-primary weight-regular\">De importaci\u00f3n.<\/li>\n<li class=\"nds-text css-xlkxpi e1yhcai00 appearance-body1 color-primary weight-regular\">Color: Blanco\/Negro.<\/li>\n<li class=\"nds-text css-xlkxpi e1yhcai00 appearance-body1 color-primary weight-regular\">Modelo: IF0784-100.<\/li>\n<\/ul>\n<\/div>\n","protected":false},"excerpt":{"rendered":"<p>JORDAN COMIC CREW El look inspirado en un c\u00f3mic con la ic\u00f3nica foto Jumpman de MJ a\u00f1ade un toque retro<\/p>\n","protected":false},"featured_media":96378,"comment_status":"open","ping_status":"closed","template":"","meta":{"nf_dc_page":""},"product_brand":[1333],"product_cat":[76],"product_tag":[2506],"class_list":{"0":"post-95971","1":"product","2":"type-product","3":"status-publish","4":"has-post-thumbnail","6":"product_brand-nike","7":"product_cat-masculino","8":"product_tag-if0784-100","10":"first","11":"instock","12":"shipping-taxable","13":"purchasable","14":"product-type-simple"},"_links":{"self":[{"href":"https:\/\/brandss.com.py\/index\/wp-json\/wp\/v2\/product\/95971","targetHints":{"allow":["GET"]}}],"collection":[{"href":"https:\/\/brandss.com.py\/index\/wp-json\/wp\/v2\/product"}],"about":[{"href":"https:\/\/brandss.com.py\/index\/wp-json\/wp\/v2\/types\/product"}],"replies":[{"embeddable":true,"href":"https:\/\/brandss.com.py\/index\/wp-json\/wp\/v2\/comments?post=95971"}],"version-history":[{"count":2,"href":"https:\/\/brandss.com.py\/index\/wp-json\/wp\/v2\/product\/95971\/revisions"}],"predecessor-version":[{"id":96384,"href":"https:\/\/brandss.com.py\/index\/wp-json\/wp\/v2\/product\/95971\/revisions\/96384"}],"wp:featuredmedia":[{"embeddable":true,"href":"https:\/\/brandss.com.py\/index\/wp-json\/wp\/v2\/media\/96378"}],"wp:attachment":[{"href":"https:\/\/brandss.com.py\/index\/wp-json\/wp\/v2\/media?parent=95971"}],"wp:term":[{"taxonomy":"product_brand","embeddable":true,"href":"https:\/\/brandss.com.py\/index\/wp-json\/wp\/v2\/product_brand?post=95971"},{"taxonomy":"product_cat","embeddable":true,"href":"https:\/\/brandss.com.py\/index\/wp-json\/wp\/v2\/product_cat?post=95971"},{"taxonomy":"product_tag","embeddable":true,"href":"https:\/\/brandss.com.py\/index\/wp-json\/wp\/v2\/product_tag?post=95971"}],"curies":[{"name":"wp","href":"https:\/\/api.w.org\/{rel}","templated":true}]}}