{"id":95976,"date":"2026-01-14T12:06:27","date_gmt":"2026-01-14T12:06:27","guid":{"rendered":"https:\/\/brandss.com.py\/index\/?post_type=product&#038;p=95976"},"modified":"2026-01-23T12:10:30","modified_gmt":"2026-01-23T12:10:30","slug":"camiseta-casual-masculino-nike-jordan-goat-mangas-cortas-2","status":"publish","type":"product","link":"https:\/\/brandss.com.py\/index\/producto\/camiseta-casual-masculino-nike-jordan-goat-mangas-cortas-2\/","title":{"rendered":"CAMISETA CASUAL MASCULINO NIKE JORDAN GOAT MANGAS CORTAS"},"content":{"rendered":"<p><img loading=\"lazy\" decoding=\"async\" class=\"\" src=\"https:\/\/images.seeklogo.com\/logo-png\/9\/2\/nike-logo-png_seeklogo-99478.png\" alt=\"Nike Logo PNG Vector (EPS) Free Download\" width=\"96\" height=\"96\" \/><\/p>\n<h1>JORDAN GOAT<\/h1>\n<p class=\"nds-text pb4-sm css-qtj9g7 e1yhcai00 appearance-body1 color-primary weight-regular\" data-testid=\"product-description\">Rinde homenaje al mejor de todos los tiempos con algod\u00f3n suave y de densidad media. MJ es el mejor de todos los tiempos. El mejor de todos los tiempos. El representante n\u00famero 23 con esta camiseta de algod\u00f3n de peso medio.<\/p>\n<div data-testid=\"benefit-section\"><\/div>\n<div data-testid=\"benefit-section\">\n<h4 class=\"nds-text pb2-sm css-1m2rxfq e1yhcai00 appearance-title4 color-primary weight-regular\" data-testid=\"benefit-header\">Datos del producto<\/h4>\n<ul class=\"pb4-sm css-1vql4bw eru6lik0 nds-list\" data-testid=\"benefit-list\">\n<li class=\"nds-text css-xlkxpi e1yhcai00 appearance-body1 color-primary weight-regular\">100% algod\u00f3n.<\/li>\n<li class=\"nds-text css-xlkxpi e1yhcai00 appearance-body1 color-primary weight-regular\">Lavar a m\u00e1quina.<\/li>\n<li class=\"nds-text css-xlkxpi e1yhcai00 appearance-body1 color-primary weight-regular\">Producto importado.<\/li>\n<li class=\"nds-text css-xlkxpi e1yhcai00 appearance-body1 color-primary weight-regular\">Color: Blanco\/Negro.<\/li>\n<li class=\"nds-text css-xlkxpi e1yhcai00 appearance-body1 color-primary weight-regular\">Modelo: IF0786-100.<\/li>\n<li class=\"nds-text css-xlkxpi e1yhcai00 appearance-body1 color-primary weight-regular\">Pa\u00eds\/regi\u00f3n de origen: China, Camboya.<\/li>\n<\/ul>\n<\/div>\n","protected":false},"excerpt":{"rendered":"<p>JORDAN GOAT Rinde homenaje al mejor de todos los tiempos con algod\u00f3n suave y de densidad media. MJ es el<\/p>\n","protected":false},"featured_media":96393,"comment_status":"open","ping_status":"closed","template":"","meta":{"nf_dc_page":""},"product_brand":[1333],"product_cat":[76],"product_tag":[2508],"class_list":{"0":"post-95976","1":"product","2":"type-product","3":"status-publish","4":"has-post-thumbnail","6":"product_brand-nike","7":"product_cat-masculino","8":"product_tag-if0786-100","10":"first","11":"instock","12":"shipping-taxable","13":"purchasable","14":"product-type-simple"},"_links":{"self":[{"href":"https:\/\/brandss.com.py\/index\/wp-json\/wp\/v2\/product\/95976","targetHints":{"allow":["GET"]}}],"collection":[{"href":"https:\/\/brandss.com.py\/index\/wp-json\/wp\/v2\/product"}],"about":[{"href":"https:\/\/brandss.com.py\/index\/wp-json\/wp\/v2\/types\/product"}],"replies":[{"embeddable":true,"href":"https:\/\/brandss.com.py\/index\/wp-json\/wp\/v2\/comments?post=95976"}],"version-history":[{"count":1,"href":"https:\/\/brandss.com.py\/index\/wp-json\/wp\/v2\/product\/95976\/revisions"}],"predecessor-version":[{"id":95977,"href":"https:\/\/brandss.com.py\/index\/wp-json\/wp\/v2\/product\/95976\/revisions\/95977"}],"wp:featuredmedia":[{"embeddable":true,"href":"https:\/\/brandss.com.py\/index\/wp-json\/wp\/v2\/media\/96393"}],"wp:attachment":[{"href":"https:\/\/brandss.com.py\/index\/wp-json\/wp\/v2\/media?parent=95976"}],"wp:term":[{"taxonomy":"product_brand","embeddable":true,"href":"https:\/\/brandss.com.py\/index\/wp-json\/wp\/v2\/product_brand?post=95976"},{"taxonomy":"product_cat","embeddable":true,"href":"https:\/\/brandss.com.py\/index\/wp-json\/wp\/v2\/product_cat?post=95976"},{"taxonomy":"product_tag","embeddable":true,"href":"https:\/\/brandss.com.py\/index\/wp-json\/wp\/v2\/product_tag?post=95976"}],"curies":[{"name":"wp","href":"https:\/\/api.w.org\/{rel}","templated":true}]}}