{"id":95978,"date":"2026-01-14T13:10:57","date_gmt":"2026-01-14T13:10:57","guid":{"rendered":"https:\/\/brandss.com.py\/index\/?post_type=product&#038;p=95978"},"modified":"2026-01-23T12:15:33","modified_gmt":"2026-01-23T12:15:33","slug":"calzado-casual-unisex-adidas-rivalry-summer-low","status":"publish","type":"product","link":"https:\/\/brandss.com.py\/index\/producto\/calzado-casual-unisex-adidas-rivalry-summer-low\/","title":{"rendered":"CALZADO CASUAL UNISEX ADIDAS RIVALRY SUMMER LOW"},"content":{"rendered":"<p><img loading=\"lazy\" decoding=\"async\" class=\"\" src=\"https:\/\/download.logo.wine\/logo\/Adidas\/Adidas-Logo.wine.png\" alt=\"Vector Adidas Logo Png Black Adidas Originals Logo Adidas Png Hd Logo Svg File Adidas Original\" width=\"137\" height=\"91\" \/><\/p>\n<h1>RIVALRY SUMMER LOW<\/h1>\n<h5 class=\"description_subtitle__5h3_L\"><em>Calzados de calce f\u00e1cil con ra\u00edces en el legado del b\u00e1squet<\/em><\/h5>\n<p class=\"description_margin__cBW26\">Inspiradas en la escena del b\u00e1squet de los 80, estas zapatillas adidas de corte bajo redefinen el estilo fuera de la cancha. La parte superior de cuero plegable te permite ponerlas y quitarlas con facilidad. Su estilo casual est\u00e1 inspirado en la energ\u00eda mediterr\u00e1nea de las largas noches de verano. Un verdadero puente entre el prestigio deportivo y la actitud urbana, los Rivalry son unos zapatillas con influencia que se extienden mucho m\u00e1s all\u00e1 de las canchas.<\/p>\n<div class=\"accordion_accordion__header-text__PURGn\">\n<h2 class=\"accordion-title_accordion-title__jvGG7\">Detalles<\/h2>\n<\/div>\n<div class=\"accordion_accordion__header-icon__AsHnU\"><\/div>\n<div id=\":r1:\" class=\"accordion_accordion__content__dWvE_\">\n<div class=\"accordion_content-padding__TgU_h\">\n<div>\n<div class=\"specifications_bullets__y3Sdm\" data-auto-id=\"specifications-section\" data-testid=\"specifications-section\">\n<ul class=\"gl-list vertical-space-small\">\n<li class=\"vertical-space-small\">Ajuste cl\u00e1sico.<\/li>\n<li class=\"vertical-space-small\">Sistema de amarre de cordones.<\/li>\n<li class=\"vertical-space-small\">Parte superior de cuero granulado plegable.<\/li>\n<li class=\"vertical-space-small\">Forro interno de cuero.<\/li>\n<li class=\"vertical-space-small\">Suela tipo cupsole de caucho.<\/li>\n<li class=\"vertical-space-small\">Color: Night Indigo \/ Gold Metallic \/ Semi Blue Burst.<\/li>\n<li class=\"vertical-space-small\">Modelo: IF6281.<\/li>\n<\/ul>\n<\/div>\n<\/div>\n<\/div>\n<\/div>\n","protected":false},"excerpt":{"rendered":"<p>RIVALRY SUMMER LOW Calzados de calce f\u00e1cil con ra\u00edces en el legado del b\u00e1squet Inspiradas en la escena del b\u00e1squet<\/p>\n","protected":false},"featured_media":96400,"comment_status":"open","ping_status":"closed","template":"","meta":{"nf_dc_page":""},"product_brand":[1368],"product_cat":[73,76],"product_tag":[2509],"class_list":{"0":"post-95978","1":"product","2":"type-product","3":"status-publish","4":"has-post-thumbnail","6":"product_brand-adidas","7":"product_cat-femenino","8":"product_cat-masculino","9":"product_tag-if6281","11":"first","12":"instock","13":"shipping-taxable","14":"purchasable","15":"product-type-simple"},"_links":{"self":[{"href":"https:\/\/brandss.com.py\/index\/wp-json\/wp\/v2\/product\/95978","targetHints":{"allow":["GET"]}}],"collection":[{"href":"https:\/\/brandss.com.py\/index\/wp-json\/wp\/v2\/product"}],"about":[{"href":"https:\/\/brandss.com.py\/index\/wp-json\/wp\/v2\/types\/product"}],"replies":[{"embeddable":true,"href":"https:\/\/brandss.com.py\/index\/wp-json\/wp\/v2\/comments?post=95978"}],"version-history":[{"count":1,"href":"https:\/\/brandss.com.py\/index\/wp-json\/wp\/v2\/product\/95978\/revisions"}],"predecessor-version":[{"id":95979,"href":"https:\/\/brandss.com.py\/index\/wp-json\/wp\/v2\/product\/95978\/revisions\/95979"}],"wp:featuredmedia":[{"embeddable":true,"href":"https:\/\/brandss.com.py\/index\/wp-json\/wp\/v2\/media\/96400"}],"wp:attachment":[{"href":"https:\/\/brandss.com.py\/index\/wp-json\/wp\/v2\/media?parent=95978"}],"wp:term":[{"taxonomy":"product_brand","embeddable":true,"href":"https:\/\/brandss.com.py\/index\/wp-json\/wp\/v2\/product_brand?post=95978"},{"taxonomy":"product_cat","embeddable":true,"href":"https:\/\/brandss.com.py\/index\/wp-json\/wp\/v2\/product_cat?post=95978"},{"taxonomy":"product_tag","embeddable":true,"href":"https:\/\/brandss.com.py\/index\/wp-json\/wp\/v2\/product_tag?post=95978"}],"curies":[{"name":"wp","href":"https:\/\/api.w.org\/{rel}","templated":true}]}}