{"id":95983,"date":"2026-01-14T16:32:22","date_gmt":"2026-01-14T16:32:22","guid":{"rendered":"https:\/\/brandss.com.py\/index\/?post_type=product&#038;p=95983"},"modified":"2026-01-14T16:33:17","modified_gmt":"2026-01-14T16:33:17","slug":"camiseta-deportivo-masculino-new-balance-tenacity-mangas-cortas","status":"publish","type":"product","link":"https:\/\/brandss.com.py\/index\/producto\/camiseta-deportivo-masculino-new-balance-tenacity-mangas-cortas\/","title":{"rendered":"CAMISETA DEPORTIVO MASCULINO NEW BALANCE TENACITY MANGAS CORTAS"},"content":{"rendered":"<p><img loading=\"lazy\" decoding=\"async\" class=\"\" src=\"https:\/\/images.seeklogo.com\/logo-png\/9\/2\/new-balance-logo-png_seeklogo-98723.png\" alt=\"New Balance Logo PNG Vectors Free Download\" width=\"92\" height=\"92\" \/><\/p>\n<h1>TENACITY<\/h1>\n<p>Dise\u00f1ada para ayudarte a mantenerte c\u00f3modo mientras conquistas tus objetivos de entrenamiento, la camiseta New Balance Tenacity cuenta con la innovadora tecnolog\u00eda NB DRY que absorbe la humedad. Ideal para uso en interiores y exteriores, la camiseta de alto rendimiento est\u00e1 confeccionada con un tejido de punto el\u00e1stico suave y liviano. La camiseta de gimnasia con cuello redondo tiene un ajuste atl\u00e9tico que se adapta al pecho, la cintura y la cadera para adaptarse al movimiento activo.<\/p>\n<h3>\n<p>Detalles<\/h3>\n<ul>\n<li>La tecnolog\u00eda de secado r\u00e1pido NB DRY elimina la humedad del cuerpo para ayudarte a entrenar con facilidad.<\/li>\n<li>Tejido de punto de poli\u00e9ster suave y el\u00e1stico.<\/li>\n<li>Ajuste atl\u00e9tico dise\u00f1ado para rozar el pecho, la cintura y la cadera: perfecto para el movimiento activo con un ajuste que no es demasiado ajustado.<\/li>\n<li>83% poli\u00e9ster reciclado, 17% poli\u00e9ster.<\/li>\n<li>Modelo: MT31095NNH.<\/li>\n<li>Color: Azul.<\/li>\n<\/ul>\n","protected":false},"excerpt":{"rendered":"<p>TENACITY Dise\u00f1ada para ayudarte a mantenerte c\u00f3modo mientras conquistas tus objetivos de entrenamiento, la camiseta New Balance Tenacity cuenta con<\/p>\n","protected":false},"featured_media":95984,"comment_status":"open","ping_status":"closed","template":"","meta":{"nf_dc_page":""},"product_brand":[1373],"product_cat":[76],"product_tag":[2511],"class_list":{"0":"post-95983","1":"product","2":"type-product","3":"status-publish","4":"has-post-thumbnail","6":"product_brand-new-balance","7":"product_cat-masculino","8":"product_tag-mt31095nnh","10":"first","11":"instock","12":"shipping-taxable","13":"purchasable","14":"product-type-simple"},"_links":{"self":[{"href":"https:\/\/brandss.com.py\/index\/wp-json\/wp\/v2\/product\/95983","targetHints":{"allow":["GET"]}}],"collection":[{"href":"https:\/\/brandss.com.py\/index\/wp-json\/wp\/v2\/product"}],"about":[{"href":"https:\/\/brandss.com.py\/index\/wp-json\/wp\/v2\/types\/product"}],"replies":[{"embeddable":true,"href":"https:\/\/brandss.com.py\/index\/wp-json\/wp\/v2\/comments?post=95983"}],"version-history":[{"count":1,"href":"https:\/\/brandss.com.py\/index\/wp-json\/wp\/v2\/product\/95983\/revisions"}],"predecessor-version":[{"id":95990,"href":"https:\/\/brandss.com.py\/index\/wp-json\/wp\/v2\/product\/95983\/revisions\/95990"}],"wp:featuredmedia":[{"embeddable":true,"href":"https:\/\/brandss.com.py\/index\/wp-json\/wp\/v2\/media\/95984"}],"wp:attachment":[{"href":"https:\/\/brandss.com.py\/index\/wp-json\/wp\/v2\/media?parent=95983"}],"wp:term":[{"taxonomy":"product_brand","embeddable":true,"href":"https:\/\/brandss.com.py\/index\/wp-json\/wp\/v2\/product_brand?post=95983"},{"taxonomy":"product_cat","embeddable":true,"href":"https:\/\/brandss.com.py\/index\/wp-json\/wp\/v2\/product_cat?post=95983"},{"taxonomy":"product_tag","embeddable":true,"href":"https:\/\/brandss.com.py\/index\/wp-json\/wp\/v2\/product_tag?post=95983"}],"curies":[{"name":"wp","href":"https:\/\/api.w.org\/{rel}","templated":true}]}}