{"id":96005,"date":"2026-01-15T12:43:08","date_gmt":"2026-01-15T12:43:08","guid":{"rendered":"https:\/\/brandss.com.py\/index\/?post_type=product&#038;p=96005"},"modified":"2026-01-24T10:22:04","modified_gmt":"2026-01-24T10:22:04","slug":"camiseta-deportivo-masculino-new-balance-tenacity-heathertech-mangas-cortas","status":"publish","type":"product","link":"https:\/\/brandss.com.py\/index\/producto\/camiseta-deportivo-masculino-new-balance-tenacity-heathertech-mangas-cortas\/","title":{"rendered":"CAMISETA DEPORTIVO MASCULINO NEW BALANCE TENACITY HEATHERTECH MANGAS CORTAS"},"content":{"rendered":"<p><img loading=\"lazy\" decoding=\"async\" class=\"\" src=\"https:\/\/images.seeklogo.com\/logo-png\/9\/2\/new-balance-logo-png_seeklogo-98723.png\" alt=\"New Balance Logo PNG Vectors Free Download\" width=\"86\" height=\"86\" \/><\/p>\n<h1>TENACITY HEATHERTECH<\/h1>\n<p><span dir=\"auto\">La camiseta Tenacity Heathertech para hombre est\u00e1 dise\u00f1ada con tecnolog\u00eda\u00a0<\/span><span class=\"text-link js-find-technology\" data-link=\"https:\/\/newbalance.ua\/technology\"><span dir=\"auto\">NB DRY<\/span><\/span><span dir=\"auto\">\u00a0para un secado r\u00e1pido.\u00a0<\/span><span class=\"text-link js-find-technology\" data-link=\"https:\/\/newbalance.ua\/technology\"><span dir=\"auto\">Esta<\/span><\/span><span dir=\"auto\">\u00a0tecnolog\u00eda de secado r\u00e1pido absorbe la humedad del cuerpo para que puedas entrenar con comodidad. Cumple con el est\u00e1ndar Green Leaf de New Balance: el 50 % o m\u00e1s de los materiales provienen de fuentes sostenibles.<\/span><\/p>\n<p>La camiseta New Balance Tenacity Heathertech T-Shirt es un complemento vers\u00e1til para tu bolsa de deporte ideal para una gran variedad de actividades. Esta camiseta de alto rendimiento est\u00e1 equipada con la innovadora tecnolog\u00eda NB DRY que absorbe la humedad y mantiene el frescor en lo m\u00e1s \u00e1lgido del entrenamiento. La camiseta tiene un corte deportivo estilizado y est\u00e1 confeccionada con una mezcla ligera de poli\u00e9ster y algod\u00f3n suave para una comodidad y movilidad \u00f3ptimas.<\/p>\n<h3>Caracter\u00edsticas<\/h3>\n<ul>\n<li>La tecnolog\u00eda NB DRY de secado r\u00e1pido elimina la humedad del cuerpo y ayuda a entrenar f\u00e1cilmente.<\/li>\n<li>Tejido de poli\u00e9ster suave y el\u00e1stico.<\/li>\n<li>Ajuste atl\u00e9tico dise\u00f1ado para adaptarse al pecho, cintura y cadera: perfecto para los movimientos activos sin que la prenda quede demasiado apretada.<\/li>\n<li>Mangas cortas.<\/li>\n<li>65 % poli\u00e9ster reciclado, 35 % algod\u00f3n.<\/li>\n<li>Modelo: MT33070AGT.<\/li>\n<li>Color: Grey.<\/li>\n<\/ul>\n","protected":false},"excerpt":{"rendered":"<p>TENACITY HEATHERTECH La camiseta Tenacity Heathertech para hombre est\u00e1 dise\u00f1ada con tecnolog\u00eda\u00a0NB DRY\u00a0para un secado r\u00e1pido.\u00a0Esta\u00a0tecnolog\u00eda de secado r\u00e1pido absorbe<\/p>\n","protected":false},"featured_media":96433,"comment_status":"open","ping_status":"closed","template":"","meta":{"nf_dc_page":""},"product_brand":[1373],"product_cat":[76],"product_tag":[2512],"class_list":{"0":"post-96005","1":"product","2":"type-product","3":"status-publish","4":"has-post-thumbnail","6":"product_brand-new-balance","7":"product_cat-masculino","8":"product_tag-mt33070agt","10":"first","11":"instock","12":"shipping-taxable","13":"purchasable","14":"product-type-simple"},"_links":{"self":[{"href":"https:\/\/brandss.com.py\/index\/wp-json\/wp\/v2\/product\/96005","targetHints":{"allow":["GET"]}}],"collection":[{"href":"https:\/\/brandss.com.py\/index\/wp-json\/wp\/v2\/product"}],"about":[{"href":"https:\/\/brandss.com.py\/index\/wp-json\/wp\/v2\/types\/product"}],"replies":[{"embeddable":true,"href":"https:\/\/brandss.com.py\/index\/wp-json\/wp\/v2\/comments?post=96005"}],"version-history":[{"count":2,"href":"https:\/\/brandss.com.py\/index\/wp-json\/wp\/v2\/product\/96005\/revisions"}],"predecessor-version":[{"id":96439,"href":"https:\/\/brandss.com.py\/index\/wp-json\/wp\/v2\/product\/96005\/revisions\/96439"}],"wp:featuredmedia":[{"embeddable":true,"href":"https:\/\/brandss.com.py\/index\/wp-json\/wp\/v2\/media\/96433"}],"wp:attachment":[{"href":"https:\/\/brandss.com.py\/index\/wp-json\/wp\/v2\/media?parent=96005"}],"wp:term":[{"taxonomy":"product_brand","embeddable":true,"href":"https:\/\/brandss.com.py\/index\/wp-json\/wp\/v2\/product_brand?post=96005"},{"taxonomy":"product_cat","embeddable":true,"href":"https:\/\/brandss.com.py\/index\/wp-json\/wp\/v2\/product_cat?post=96005"},{"taxonomy":"product_tag","embeddable":true,"href":"https:\/\/brandss.com.py\/index\/wp-json\/wp\/v2\/product_tag?post=96005"}],"curies":[{"name":"wp","href":"https:\/\/api.w.org\/{rel}","templated":true}]}}