{"id":96007,"date":"2026-01-15T13:34:57","date_gmt":"2026-01-15T13:34:57","guid":{"rendered":"https:\/\/brandss.com.py\/index\/?post_type=product&#038;p=96007"},"modified":"2026-01-24T10:25:05","modified_gmt":"2026-01-24T10:25:05","slug":"calzado-deportivo-masculino-joma-ace-24-carbon-clay","status":"publish","type":"product","link":"https:\/\/brandss.com.py\/index\/producto\/calzado-deportivo-masculino-joma-ace-24-carbon-clay\/","title":{"rendered":"CALZADO DEPORTIVO MASCULINO JOMA ACE 24 CARBON CLAY"},"content":{"rendered":"<p><img loading=\"lazy\" decoding=\"async\" class=\"\" src=\"https:\/\/images.seeklogo.com\/logo-png\/38\/2\/joma-sport-logo-png_seeklogo-387382.png\" alt=\"Joma Logo PNG Vectors Free Download\" width=\"76\" height=\"76\" \/><\/p>\n<h1>ACE 24 CARBON CLAY<\/h1>\n<p>&nbsp;<\/p>\n<p><span dir=\"auto\">Calzados de tenis <\/span><span dir=\"auto\">Joma Ace 24 Carbon Clay<\/span><span dir=\"auto\">. Una versi\u00f3n actualizada y mejorada del legendario modelo Joma Ace, con mayor capacidad de respuesta y estabilidad, ahora con placa de fibra de carbono. Desarrolladas con la colaboraci\u00f3n de jugadores profesionales para garantizar el m\u00e1ximo rendimiento tanto en entrenamiento como en competici\u00f3n.<\/span><\/p>\n<p><span dir=\"auto\">La parte superior, completamente redise\u00f1ada, est\u00e1 parcialmente confeccionada en nailon jacquard para una transpirabilidad ligera, e incorpora un sistema de perforaci\u00f3n VTS para una mayor ventilaci\u00f3n. El ajuste se ve reforzado por el TPU termosellado JOMA SPORTECH estrat\u00e9gicamente ubicado, una leng\u00fceta suavemente acolchada y un sistema de cordones PERFECT FIT. La puntera cuenta con inserciones de goma PROTECTION para proteger contra impactos externos y aumentar la durabilidad.<\/span><\/p>\n<p><span dir=\"auto\">Una entresuela de espuma Phylon mejorada absorbe los impactos y proporciona una excelente tracci\u00f3n. Se ha a\u00f1adido un sistema de doble estabilidad, STABILIS, para evitar torceduras y posibles lesiones, ubicado sobre la entresuela y en la ca\u00f1a.<\/span><\/p>\n<p><span dir=\"auto\">La suela de goma DURABILITY, dise\u00f1ada para pistas de tierra batida o p\u00e1del, proporciona la tracci\u00f3n necesaria en superficies resbaladizas al arrancar, frenar o cambiar de direcci\u00f3n, eliminando la arena de la suela. Esto te permite deslizarte con facilidad por la pista.<\/span><\/p>\n<h3>Caracter\u00edsticas<\/h3>\n<ul>\n<li><span dir=\"auto\">Parte superior de nailon con TPU y KPU a\u00f1adidos, que combinan las tecnolog\u00edas\u00a0<\/span><span dir=\"auto\">VTS,\u00a0<\/span>\u00a0<span dir=\"auto\">SPORTECH<\/span><span dir=\"auto\">\u00a0y\u00a0<\/span><span dir=\"auto\">PROTECTION<\/span><\/li>\n<li><span dir=\"auto\">AJUSTE PERFECTO <\/span><span dir=\"auto\">Sistema de cordones especial para mayor sujeci\u00f3n y comodidad.<\/span><\/li>\n<li><span dir=\"auto\">Suela de phylon poroso con tecnolog\u00edas\u00a0<\/span><span dir=\"auto\">STABILIS<\/span><span dir=\"auto\">\u00a0y\u00a0<\/span><span dir=\"auto\">CARBON STABILIZER.<\/span><\/li>\n<li><span dir=\"auto\">La duradera suela de goma\u00a0<\/span><span dir=\"auto\">DURABILITY<\/span><span dir=\"auto\">, dise\u00f1ada para jugar en canchas de arcilla o p\u00e1del, proporciona la tracci\u00f3n necesaria en superficies resbaladizas al iniciar, detener o cambiar de direcci\u00f3n.<\/span><\/li>\n<li><span dir=\"auto\">Para pistas de arcilla.<\/span><\/li>\n<li>Modelo: TACES2401C.<\/li>\n<li>Color: negro\/gris\/verde claro.<\/li>\n<\/ul>\n","protected":false},"excerpt":{"rendered":"<p>ACE 24 CARBON CLAY &nbsp; Calzados de tenis Joma Ace 24 Carbon Clay. Una versi\u00f3n actualizada y mejorada del legendario<\/p>\n","protected":false},"featured_media":96440,"comment_status":"open","ping_status":"closed","template":"","meta":{"nf_dc_page":""},"product_brand":[2513],"product_cat":[76],"product_tag":[2514],"class_list":{"0":"post-96007","1":"product","2":"type-product","3":"status-publish","4":"has-post-thumbnail","6":"product_brand-joma","7":"product_cat-masculino","8":"product_tag-taces2401c","10":"first","11":"instock","12":"shipping-taxable","13":"purchasable","14":"product-type-simple"},"_links":{"self":[{"href":"https:\/\/brandss.com.py\/index\/wp-json\/wp\/v2\/product\/96007","targetHints":{"allow":["GET"]}}],"collection":[{"href":"https:\/\/brandss.com.py\/index\/wp-json\/wp\/v2\/product"}],"about":[{"href":"https:\/\/brandss.com.py\/index\/wp-json\/wp\/v2\/types\/product"}],"replies":[{"embeddable":true,"href":"https:\/\/brandss.com.py\/index\/wp-json\/wp\/v2\/comments?post=96007"}],"version-history":[{"count":1,"href":"https:\/\/brandss.com.py\/index\/wp-json\/wp\/v2\/product\/96007\/revisions"}],"predecessor-version":[{"id":96008,"href":"https:\/\/brandss.com.py\/index\/wp-json\/wp\/v2\/product\/96007\/revisions\/96008"}],"wp:featuredmedia":[{"embeddable":true,"href":"https:\/\/brandss.com.py\/index\/wp-json\/wp\/v2\/media\/96440"}],"wp:attachment":[{"href":"https:\/\/brandss.com.py\/index\/wp-json\/wp\/v2\/media?parent=96007"}],"wp:term":[{"taxonomy":"product_brand","embeddable":true,"href":"https:\/\/brandss.com.py\/index\/wp-json\/wp\/v2\/product_brand?post=96007"},{"taxonomy":"product_cat","embeddable":true,"href":"https:\/\/brandss.com.py\/index\/wp-json\/wp\/v2\/product_cat?post=96007"},{"taxonomy":"product_tag","embeddable":true,"href":"https:\/\/brandss.com.py\/index\/wp-json\/wp\/v2\/product_tag?post=96007"}],"curies":[{"name":"wp","href":"https:\/\/api.w.org\/{rel}","templated":true}]}}