{"id":96009,"date":"2026-01-15T13:56:13","date_gmt":"2026-01-15T13:56:13","guid":{"rendered":"https:\/\/brandss.com.py\/index\/?post_type=product&#038;p=96009"},"modified":"2026-01-24T10:27:27","modified_gmt":"2026-01-24T10:27:27","slug":"calzado-deportivo-masculino-joma-ace-24-carbon-clay-2","status":"publish","type":"product","link":"https:\/\/brandss.com.py\/index\/producto\/calzado-deportivo-masculino-joma-ace-24-carbon-clay-2\/","title":{"rendered":"CALZADO DEPORTIVO MASCULINO JOMA ACE 24 CARBON CLAY"},"content":{"rendered":"<p><img loading=\"lazy\" decoding=\"async\" class=\"\" src=\"https:\/\/images.seeklogo.com\/logo-png\/38\/2\/joma-sport-logo-png_seeklogo-387382.png\" alt=\"Joma Logo PNG Vectors Free Download\" width=\"104\" height=\"104\" \/><\/p>\n<h1>ACE 24 CARBON CLAY<\/h1>\n<div class=\"container newDescription\">\n<div class=\"row\">\n<div class=\"col-12 p-0\">\n<div class=\"Textcollapse\">\n<p>Calzados de tenis en tierra batida y p\u00e1del. Modelo para hombre. Versi\u00f3n mejorada de la m\u00edtica Ace en favor de la reactividad y la estabilidad. Ahora con placa de fibra de carbono ENDOPLATE. Elaboradas con la ayuda de jugadores profesionales para llegar a ofrecer solamente altas prestaciones tanto en entrenamiento como en competici\u00f3n.<\/p>\n<p>Upper completamente renovado, fabricado en parte con nylon acabado en Jacquard personalizado para proporcionar ligereza y transpirabilidad. Aplicaci\u00f3n del sistema de perforaciones VTS que facilita el flujo de aire y la correcta ventilaci\u00f3n del sudor. El ajuste se produce con el TPU termosellado JOMA SPORTECH en zonas estrat\u00e9gicas, reforzado por la leng\u00fceta acolchada y la cordonera PERFECT FIT. En la puntera, lleva caucho inyectado PROTECTION que frena los golpes externos y eleva la durabilidad de los calzados.<\/p>\n<p>Mediasuela mejorada de phylon esponjoso que absorbe los impactos al mismo tiempo que da un buen impulso al deportista. Reactividad optimizada gracias a la placa de carbono ENDOPLATE. Adem\u00e1s, presenta doble sistema de estabilidad STABILIS, que previene las torsiones del calzado y las consecuentes posibles lesiones. Ubicados encima de la mediasuela y en la zona del enfranque.<\/p>\n<p>La suela de caucho DURABILITY de espiga o clay est\u00e1 concebida para jugar en tierra batida o en pista de p\u00e1del. Brinda el agarre necesario en superficies resbaladizas ya que expulsa la arena de la suela. Tiene una excelente tracci\u00f3n cuando empiezas a moverte, paras o cambias de direcci\u00f3n. Podr\u00e1s deslizarte por la pista sin dificultades.<\/p>\n<\/div>\n<\/div>\n<\/div>\n<\/div>\n<div id=\"features\" class=\"container newFeatures\">\n<div class=\"row\">\n<div class=\"col-12 col-lg-4 p-0\">\n<h2>Caracter\u00edsticas<\/h2>\n<ul class=\"features list\">\n<li>Corte de nylon con TPU y KPU. Incorpora tecnolog\u00edas SPORTECH y PROTECTION<\/li>\n<li>Cierre de cordones PERFECT FIT<\/li>\n<li>Mediasuela de phylon esponjoso con tecnolog\u00edas STABILIS y CARBON STABILIZER<\/li>\n<li>Suela caucho DURABILITY<\/li>\n<li>Refuerzo en puntera<\/li>\n<li>Leng\u00fceta cosida al corte<\/li>\n<\/ul>\n<\/div>\n<div class=\"col-12 col-lg-4\">\n<h2>Informaci\u00f3n t\u00e9cnica<\/h2>\n<ul class=\"features list\">\n<li>Indicada para: peso medio &#8211; alto<\/li>\n<li>Intensidad de uso: entrenamiento y competici\u00f3n.<\/li>\n<li>Modelo: TACES2402C.<\/li>\n<li>Color: Blanco, azul.<\/li>\n<\/ul>\n<\/div>\n<\/div>\n<\/div>\n","protected":false},"excerpt":{"rendered":"<p>ACE 24 CARBON CLAY Calzados de tenis en tierra batida y p\u00e1del. Modelo para hombre. Versi\u00f3n mejorada de la m\u00edtica<\/p>\n","protected":false},"featured_media":96448,"comment_status":"open","ping_status":"closed","template":"","meta":{"nf_dc_page":""},"product_brand":[2513],"product_cat":[76],"product_tag":[2515],"class_list":{"0":"post-96009","1":"product","2":"type-product","3":"status-publish","4":"has-post-thumbnail","6":"product_brand-joma","7":"product_cat-masculino","8":"product_tag-taces2402c","10":"first","11":"instock","12":"shipping-taxable","13":"purchasable","14":"product-type-simple"},"_links":{"self":[{"href":"https:\/\/brandss.com.py\/index\/wp-json\/wp\/v2\/product\/96009","targetHints":{"allow":["GET"]}}],"collection":[{"href":"https:\/\/brandss.com.py\/index\/wp-json\/wp\/v2\/product"}],"about":[{"href":"https:\/\/brandss.com.py\/index\/wp-json\/wp\/v2\/types\/product"}],"replies":[{"embeddable":true,"href":"https:\/\/brandss.com.py\/index\/wp-json\/wp\/v2\/comments?post=96009"}],"version-history":[{"count":3,"href":"https:\/\/brandss.com.py\/index\/wp-json\/wp\/v2\/product\/96009\/revisions"}],"predecessor-version":[{"id":96012,"href":"https:\/\/brandss.com.py\/index\/wp-json\/wp\/v2\/product\/96009\/revisions\/96012"}],"wp:featuredmedia":[{"embeddable":true,"href":"https:\/\/brandss.com.py\/index\/wp-json\/wp\/v2\/media\/96448"}],"wp:attachment":[{"href":"https:\/\/brandss.com.py\/index\/wp-json\/wp\/v2\/media?parent=96009"}],"wp:term":[{"taxonomy":"product_brand","embeddable":true,"href":"https:\/\/brandss.com.py\/index\/wp-json\/wp\/v2\/product_brand?post=96009"},{"taxonomy":"product_cat","embeddable":true,"href":"https:\/\/brandss.com.py\/index\/wp-json\/wp\/v2\/product_cat?post=96009"},{"taxonomy":"product_tag","embeddable":true,"href":"https:\/\/brandss.com.py\/index\/wp-json\/wp\/v2\/product_tag?post=96009"}],"curies":[{"name":"wp","href":"https:\/\/api.w.org\/{rel}","templated":true}]}}