{"id":96019,"date":"2026-01-16T11:42:24","date_gmt":"2026-01-16T11:42:24","guid":{"rendered":"https:\/\/brandss.com.py\/index\/?post_type=product&#038;p=96019"},"modified":"2026-01-24T10:40:26","modified_gmt":"2026-01-24T10:40:26","slug":"calzado-casual-unisex-vans-old-skool-azul-halogeno","status":"publish","type":"product","link":"https:\/\/brandss.com.py\/index\/producto\/calzado-casual-unisex-vans-old-skool-azul-halogeno\/","title":{"rendered":"CALZADO CASUAL UNISEX VANS OLD SKOOL AZUL HAL\u00d3GENO"},"content":{"rendered":"<p><img loading=\"lazy\" decoding=\"async\" class=\"\" src=\"https:\/\/logodownload.org\/wp-content\/uploads\/2014\/10\/vans-logo-1-1.png\" alt=\"Vans Logo Vans Marca Vans Marca Vans Logo Swagg\" width=\"98\" height=\"40\" \/><\/p>\n<h1>OLD SKOOL<\/h1>\n<p>El ic\u00f3nico zapato que dio vida a nuestro Sidestripe: este es el Old Skool, e<span dir=\"auto\">l cl\u00e1sico calzado de skate de Vans y el primero en lucir la ic\u00f3nica raya lateral, tiene una silueta baja con cordones, una parte superior de gamuza y lona duradera, leng\u00fceta y forro acolchados y la exclusiva suela Waffle de Vans.<\/span><\/p>\n<h3><span dir=\"auto\">DETALLES<\/span><\/h3>\n<ul>\n<li><span dir=\"auto\">Parte superior duradera hecha con gamuza, lona y tela.<\/span><\/li>\n<li><span dir=\"auto\">Acolchado ligero en el cuello.<\/span><\/li>\n<li><span dir=\"auto\">Construcci\u00f3n de suela vulcanizada tradicional; flexible y con gran sensaci\u00f3n sobre la tabla.<\/span><\/li>\n<li><span dir=\"auto\">La plantilla de espuma EVA proporciona amortiguaci\u00f3n.<\/span><\/li>\n<li><span dir=\"auto\">Las suelas originales con dise\u00f1o de gofre de Vans ofrecen un agarre superior.<\/span><\/li>\n<li>Modelo: az\u00fal hal\u00f3geno.<\/li>\n<li>Color: <span class=\"product-style-js\">VN000CT8CHA.<\/span><\/li>\n<\/ul>\n","protected":false},"excerpt":{"rendered":"<p>OLD SKOOL El ic\u00f3nico zapato que dio vida a nuestro Sidestripe: este es el Old Skool, el cl\u00e1sico calzado de<\/p>\n","protected":false},"featured_media":96474,"comment_status":"open","ping_status":"closed","template":"","meta":{"nf_dc_page":""},"product_brand":[1363],"product_cat":[73,76],"product_tag":[2519],"class_list":{"0":"post-96019","1":"product","2":"type-product","3":"status-publish","4":"has-post-thumbnail","6":"product_brand-vans","7":"product_cat-femenino","8":"product_cat-masculino","9":"product_tag-vn000ct8cha","11":"first","12":"instock","13":"shipping-taxable","14":"purchasable","15":"product-type-simple"},"_links":{"self":[{"href":"https:\/\/brandss.com.py\/index\/wp-json\/wp\/v2\/product\/96019","targetHints":{"allow":["GET"]}}],"collection":[{"href":"https:\/\/brandss.com.py\/index\/wp-json\/wp\/v2\/product"}],"about":[{"href":"https:\/\/brandss.com.py\/index\/wp-json\/wp\/v2\/types\/product"}],"replies":[{"embeddable":true,"href":"https:\/\/brandss.com.py\/index\/wp-json\/wp\/v2\/comments?post=96019"}],"version-history":[{"count":2,"href":"https:\/\/brandss.com.py\/index\/wp-json\/wp\/v2\/product\/96019\/revisions"}],"predecessor-version":[{"id":96031,"href":"https:\/\/brandss.com.py\/index\/wp-json\/wp\/v2\/product\/96019\/revisions\/96031"}],"wp:featuredmedia":[{"embeddable":true,"href":"https:\/\/brandss.com.py\/index\/wp-json\/wp\/v2\/media\/96474"}],"wp:attachment":[{"href":"https:\/\/brandss.com.py\/index\/wp-json\/wp\/v2\/media?parent=96019"}],"wp:term":[{"taxonomy":"product_brand","embeddable":true,"href":"https:\/\/brandss.com.py\/index\/wp-json\/wp\/v2\/product_brand?post=96019"},{"taxonomy":"product_cat","embeddable":true,"href":"https:\/\/brandss.com.py\/index\/wp-json\/wp\/v2\/product_cat?post=96019"},{"taxonomy":"product_tag","embeddable":true,"href":"https:\/\/brandss.com.py\/index\/wp-json\/wp\/v2\/product_tag?post=96019"}],"curies":[{"name":"wp","href":"https:\/\/api.w.org\/{rel}","templated":true}]}}