{"id":96023,"date":"2026-01-16T13:48:39","date_gmt":"2026-01-16T13:48:39","guid":{"rendered":"https:\/\/brandss.com.py\/index\/?post_type=product&#038;p=96023"},"modified":"2026-01-24T10:47:24","modified_gmt":"2026-01-24T10:47:24","slug":"camiseta-casual-masculino-vans-tech-box-mangas-cortas","status":"publish","type":"product","link":"https:\/\/brandss.com.py\/index\/producto\/camiseta-casual-masculino-vans-tech-box-mangas-cortas\/","title":{"rendered":"CAMISETA CASUAL MASCULINO VANS TECH BOX MANGAS CORTAS"},"content":{"rendered":"<p><img loading=\"lazy\" decoding=\"async\" class=\"\" src=\"https:\/\/logodownload.org\/wp-content\/uploads\/2014\/10\/vans-logo-1-1.png\" alt=\"Vans Logo Vans Marca Vans Marca Vans Logo Swagg\" width=\"123\" height=\"50\" \/><\/p>\n<h1>TECH BOX<\/h1>\n<p><span dir=\"auto\">La camiseta Tech Box es una camiseta de cuello redondo y manga corta confeccionada con un algod\u00f3n m\u00e1s pesado y presenta el logotipo de Vans y estampados gr\u00e1ficos en la parte delantera y trasera.<\/span><\/p>\n<h3><span dir=\"auto\">Caracter\u00edsticas:<\/span><\/h3>\n<ul>\n<li><span dir=\"auto\">Cuello redondo.<\/span><\/li>\n<li><span dir=\"auto\">Gr\u00e1fico serigrafiado.<\/span><\/li>\n<li><span dir=\"auto\">Ajuste cl\u00e1sico.<\/span><\/li>\n<li><span dir=\"auto\">Composici\u00f3n: 100% Algod\u00f3n.<\/span><\/li>\n<li>Modelo: VN000G5NATH.<\/li>\n<li>Color: Gris.<\/li>\n<\/ul>\n<p>Arma un outfit elegante, casual o urbano.<\/p>\n","protected":false},"excerpt":{"rendered":"<p>TECH BOX La camiseta Tech Box es una camiseta de cuello redondo y manga corta confeccionada con un algod\u00f3n m\u00e1s<\/p>\n","protected":false},"featured_media":96489,"comment_status":"open","ping_status":"closed","template":"","meta":{"nf_dc_page":""},"product_brand":[1363],"product_cat":[76],"product_tag":[2521],"class_list":{"0":"post-96023","1":"product","2":"type-product","3":"status-publish","4":"has-post-thumbnail","6":"product_brand-vans","7":"product_cat-masculino","8":"product_tag-vn000g5nath","10":"first","11":"instock","12":"shipping-taxable","13":"purchasable","14":"product-type-simple"},"_links":{"self":[{"href":"https:\/\/brandss.com.py\/index\/wp-json\/wp\/v2\/product\/96023","targetHints":{"allow":["GET"]}}],"collection":[{"href":"https:\/\/brandss.com.py\/index\/wp-json\/wp\/v2\/product"}],"about":[{"href":"https:\/\/brandss.com.py\/index\/wp-json\/wp\/v2\/types\/product"}],"replies":[{"embeddable":true,"href":"https:\/\/brandss.com.py\/index\/wp-json\/wp\/v2\/comments?post=96023"}],"version-history":[{"count":1,"href":"https:\/\/brandss.com.py\/index\/wp-json\/wp\/v2\/product\/96023\/revisions"}],"predecessor-version":[{"id":96024,"href":"https:\/\/brandss.com.py\/index\/wp-json\/wp\/v2\/product\/96023\/revisions\/96024"}],"wp:featuredmedia":[{"embeddable":true,"href":"https:\/\/brandss.com.py\/index\/wp-json\/wp\/v2\/media\/96489"}],"wp:attachment":[{"href":"https:\/\/brandss.com.py\/index\/wp-json\/wp\/v2\/media?parent=96023"}],"wp:term":[{"taxonomy":"product_brand","embeddable":true,"href":"https:\/\/brandss.com.py\/index\/wp-json\/wp\/v2\/product_brand?post=96023"},{"taxonomy":"product_cat","embeddable":true,"href":"https:\/\/brandss.com.py\/index\/wp-json\/wp\/v2\/product_cat?post=96023"},{"taxonomy":"product_tag","embeddable":true,"href":"https:\/\/brandss.com.py\/index\/wp-json\/wp\/v2\/product_tag?post=96023"}],"curies":[{"name":"wp","href":"https:\/\/api.w.org\/{rel}","templated":true}]}}