{"id":96032,"date":"2026-01-17T11:39:12","date_gmt":"2026-01-17T11:39:12","guid":{"rendered":"https:\/\/brandss.com.py\/index\/?post_type=product&#038;p=96032"},"modified":"2026-01-24T10:56:25","modified_gmt":"2026-01-24T10:56:25","slug":"calzado-deportivo-femenino-new-balance-fresh-foam-x-1080-v13","status":"publish","type":"product","link":"https:\/\/brandss.com.py\/index\/producto\/calzado-deportivo-femenino-new-balance-fresh-foam-x-1080-v13\/","title":{"rendered":"CALZADO DEPORTIVO FEMENINO NEW BALANCE FRESH FOAM X 1080 V13"},"content":{"rendered":"<p><img loading=\"lazy\" decoding=\"async\" class=\"\" src=\"https:\/\/images.seeklogo.com\/logo-png\/9\/2\/new-balance-logo-png_seeklogo-98723.png\" alt=\"New Balance Logo PNG Vectors Free Download\" width=\"83\" height=\"83\" \/><\/p>\n<h1>FRESH FOAM X 1080 V13<\/h1>\n<section id=\"description\" class=\"order-md-2 col-12 col-bleed-y m-accordion js-accordion prdDtl__contentSection m-accordion--open\" data-section=\"description\" data-height=\"894px\">\n<div class=\"m-accordion__content js-readMore\">\n<div class=\"m-readMore__content js-readMore-container\">\n<div class=\"prdDtl__contentSection__content\">\n<p><span dir=\"auto\">El calzado de running <\/span><span dir=\"auto\">Fresh Foam X 1080 V13<\/span><span dir=\"auto\">\u00a0para mujer ofrecen lo \u00faltimo en\u00a0<\/span><span dir=\"auto\">versatilidad<\/span><span dir=\"auto\">\u00a0y comodidad para todas tus sesiones\u00a0<\/span><span dir=\"auto\">de running<\/span><span dir=\"auto\">. Ya sea para entrenamientos intensos o para una carrera tranquila, te ofrecen todas las ventajas que necesitas para alcanzar tu m\u00e1ximo potencial.<\/span><\/p>\n<p><span dir=\"auto\">Creada para satisfacer las necesidades de corredores\u00a0<\/span><span dir=\"auto\">principiantes<\/span><span dir=\"auto\">,\u00a0<\/span><span dir=\"auto\">intermedios<\/span><span dir=\"auto\">\u00a0y\u00a0<\/span><span dir=\"auto\">avanzados<\/span><span dir=\"auto\">, la Fresh Foam X 1080 V13 se adapta perfectamente a tu estilo de carrera. Te acompa\u00f1ar\u00e1 tanto en\u00a0<\/span><span dir=\"auto\">competiciones<\/span><span dir=\"auto\">\u00a0como en tu\u00a0<\/span><span dir=\"auto\">entrenamiento<\/span><span dir=\"auto\"> diario. Est\u00e1 dise\u00f1ada para un uso\u00a0<\/span><span dir=\"auto\">regular<\/span><span dir=\"auto\">\u00a0e\u00a0<\/span><span dir=\"auto\">intensivo<\/span><span dir=\"auto\">, es decir, de 2 a 5 veces por semana.<\/span><\/p>\n<p><span dir=\"auto\">Para soportar\u00a0<\/span><span dir=\"auto\">cualquier distancia<\/span><span dir=\"auto\">, cuenta con un dise\u00f1o duradero que te acompa\u00f1a kil\u00f3metro tras kil\u00f3metro. Podr\u00e1s disfrutarlo al m\u00e1ximo en\u00a0<\/span><span dir=\"auto\">carreteras<\/span><span dir=\"auto\">\u00a0y\u00a0<\/span><span dir=\"auto\">caminos\u00a0<\/span><span dir=\"auto\">pavimentados<\/span><span dir=\"auto\">.<\/span><\/p>\n<p><span dir=\"auto\">La Fresh Foam X 1080 V13 actualizada sigue cumpliendo su promesa de\u00a0<\/span><span dir=\"auto\">comodidad<\/span><span dir=\"auto\">, sin importar la distancia. Su espuma gruesa garantiza\u00a0<\/span><span dir=\"auto\">una amortiguaci\u00f3n<\/span><span dir=\"auto\">\u00a0especialmente agradable y\u00a0<\/span><span dir=\"auto\">un rebote<\/span><span dir=\"auto\"> eficaz para que saques el m\u00e1ximo provecho de tus entrenamientos.<\/span><\/p>\n<p>&nbsp;<\/p>\n<h3><span dir=\"auto\">Beneficios<\/span><\/h3>\n<ul>\n<li><span dir=\"auto\">Con\u00a0<\/span><span dir=\"auto\">m\u00e1xima amortiguaci\u00f3n<\/span><span dir=\"auto\">\u00a0para una perfecta absorci\u00f3n de impactos.<\/span><\/li>\n<li><span dir=\"auto\">Un potente impulso de energ\u00eda para progresar sin problemas.<\/span><\/li>\n<li><span dir=\"auto\">Muy\u00a0<\/span><span dir=\"auto\">vers\u00e1til<\/span><span dir=\"auto\">\u00a0para variar tus sesiones de carrera.<\/span><\/li>\n<li><span dir=\"auto\">Con\u00a0<\/span><span dir=\"auto\">adaptabilidad<\/span><span dir=\"auto\">\u00a0ilimitada , independientemente de tu nivel y objetivos.<\/span><\/li>\n<li><span dir=\"auto\">Ofreciendo\u00a0<\/span><span dir=\"auto\">un soporte<\/span><span dir=\"auto\"> \u00f3ptimo y c\u00f3modo.<\/span><\/li>\n<li><span dir=\"auto\">Un dise\u00f1o m\u00e1s responsable para reducir el impacto ambiental.<\/span><\/li>\n<\/ul>\n<p>&nbsp;<\/p>\n<h3><span class=\"m-accordion__header\"><span class=\"m-accordion__header__title\"><span dir=\"auto\">Tecnolog\u00edas<\/span><\/span><\/span><\/h3>\n<div class=\"m-accordion__content js-readMore\">\n<div class=\"m-readMore__content js-readMore-container\">\n<div class=\"prdDtl__contentSection__content\">\n<dl>\n<dt><strong><span dir=\"auto\">Resistencia<\/span><\/strong><\/dt>\n<dd><span dir=\"auto\">Esta pieza de caucho reforzada con carbono se coloca en el tal\u00f3n para evitar el desgaste prematuro de la suela, donde el impacto durante la fase de ataque es mayor. <\/span><span dir=\"auto\">Aunque el exterior del calzado parezca estar en buen estado, tenga en cuenta que los materiales de amortiguaci\u00f3n y soporte comienzan a degradarse despu\u00e9s de 800 km. Despu\u00e9s de 1200 km de uso, recomendamos cambiar el calzado.<\/span><\/dd>\n<dt><strong><span dir=\"auto\">Hipotejido<\/span><\/strong><\/dt>\n<dd><span dir=\"auto\">Parte superior ligera y transpirable que ofrece un ajuste din\u00e1mico y estable.<\/span><\/dd>\n<dt><strong><span dir=\"auto\">Espuma fresca X<\/span><\/strong><\/dt>\n<dd><span dir=\"auto\">La \u00faltima versi\u00f3n del famoso Fresh Foam X de New Balance ofrece una amortiguaci\u00f3n de alto rendimiento que proporciona un retorno de energ\u00eda explosivo y un rebote c\u00f3modo y natural con cada paso.<\/span><\/dd>\n<dt><strong><span dir=\"auto\">Gree leaf<\/span><\/strong><\/dt>\n<dd><span dir=\"auto\">El est\u00e1ndar Green Leaf de New Balance destaca el uso de materiales respetuosos con el medio ambiente. Para que los textiles cumplan con este est\u00e1ndar, el 50 % o m\u00e1s de los materiales utilizados deben provenir de fuentes sostenibles. Esto significa que pueden estar fabricados con fibras recicladas o, como en el caso del algod\u00f3n, con m\u00e9todos de cultivo sostenibles (como la Iniciativa Better Cotton).\u00a0<\/span><\/dd>\n<\/dl>\n<\/div>\n<\/div>\n<\/div>\n<h3><strong><span dir=\"auto\">Caracter\u00edsticas<\/span><\/strong><\/h3>\n<p>&nbsp;<\/p>\n<ul>\n<li><span dir=\"auto\">Ca\u00edda:<\/span><span dir=\"auto\"> 6 mm.<\/span><\/li>\n<li><span dir=\"auto\">Amortiguaci\u00f3n:<\/span><span dir=\"auto\">\u00a0Dise\u00f1ada con un 3 % de materiales org\u00e1nicos, la entresuela ofrece una experiencia excepcionalmente <\/span><span dir=\"auto\">c\u00f3moda<\/span><span dir=\"auto\">. Su espuma gruesa garantiza\u00a0<\/span><span dir=\"auto\">m\u00e1xima amortiguaci\u00f3n<\/span><span dir=\"auto\">\u00a0y capacidad de respuesta para adaptarse a tu esfuerzo. Su nuevo dise\u00f1o se basa en la anatom\u00eda del pie para\u00a0<\/span><span dir=\"auto\">suavizar<\/span><span dir=\"auto\">\u00a0la pisada y aumentar tu eficiencia.<\/span><\/li>\n<li><span dir=\"auto\">Parte superior (parte superior que envuelve el pie):<\/span><span dir=\"auto\">\u00a0Equipada con malla transpirable, tiene zonas\u00a0<\/span><span dir=\"auto\">de ventilaci\u00f3n<\/span><span dir=\"auto\">\u00a0para una transpirabilidad \u00f3ptima, as\u00ed como zonas de soporte espec\u00edficas.<\/span><\/li>\n<li><span dir=\"auto\">Suela:<\/span><span dir=\"auto\">\u00a0Su caucho resistente est\u00e1 estrat\u00e9gicamente ubicado en las zonas de mayor desgaste para\u00a0<\/span><span dir=\"auto\">una durabilidad<\/span><span dir=\"auto\">\u00a0excepcional . Adem\u00e1s, proporciona\u00a0<\/span><span dir=\"auto\">un agarre<\/span><span dir=\"auto\">\u00a0fiable durante el entrenamiento.<\/span><\/li>\n<li><span dir=\"auto\">Materiales reciclados: ecolog\u00eda<\/span><\/li>\n<li><span dir=\"auto\">Plantilla extra\u00edble\u00a0<\/span><\/li>\n<li><span dir=\"auto\">Ancho B: est\u00e1ndar<\/span><\/li>\n<li><span dir=\"auto\">Detalles reflectantes: visibilidad<\/span><\/li>\n<li><span dir=\"auto\">Colores: negro, blanco, amarillo y rosa empolvado.<\/span><\/li>\n<li>Modelo: W1080H13.<\/li>\n<\/ul>\n<\/div>\n<\/div>\n<\/div>\n<\/section>\n<section id=\"technologies\" class=\"order-md-4 order-2 col-12 col-bleed-y m-accordion js-accordion prdDtl__contentSection\" data-section=\"technologies\" data-height=\"317px\"><\/section>\n","protected":false},"excerpt":{"rendered":"<p>FRESH FOAM X 1080 V13 El calzado de running Fresh Foam X 1080 V13\u00a0para mujer ofrecen lo \u00faltimo en\u00a0versatilidad\u00a0y comodidad<\/p>\n","protected":false},"featured_media":96512,"comment_status":"open","ping_status":"closed","template":"","meta":{"nf_dc_page":""},"product_brand":[1373],"product_cat":[73],"product_tag":[2524],"class_list":{"0":"post-96032","1":"product","2":"type-product","3":"status-publish","4":"has-post-thumbnail","6":"product_brand-new-balance","7":"product_cat-femenino","8":"product_tag-w1080h13","10":"first","11":"instock","12":"shipping-taxable","13":"purchasable","14":"product-type-simple"},"_links":{"self":[{"href":"https:\/\/brandss.com.py\/index\/wp-json\/wp\/v2\/product\/96032","targetHints":{"allow":["GET"]}}],"collection":[{"href":"https:\/\/brandss.com.py\/index\/wp-json\/wp\/v2\/product"}],"about":[{"href":"https:\/\/brandss.com.py\/index\/wp-json\/wp\/v2\/types\/product"}],"replies":[{"embeddable":true,"href":"https:\/\/brandss.com.py\/index\/wp-json\/wp\/v2\/comments?post=96032"}],"version-history":[{"count":1,"href":"https:\/\/brandss.com.py\/index\/wp-json\/wp\/v2\/product\/96032\/revisions"}],"predecessor-version":[{"id":96033,"href":"https:\/\/brandss.com.py\/index\/wp-json\/wp\/v2\/product\/96032\/revisions\/96033"}],"wp:featuredmedia":[{"embeddable":true,"href":"https:\/\/brandss.com.py\/index\/wp-json\/wp\/v2\/media\/96512"}],"wp:attachment":[{"href":"https:\/\/brandss.com.py\/index\/wp-json\/wp\/v2\/media?parent=96032"}],"wp:term":[{"taxonomy":"product_brand","embeddable":true,"href":"https:\/\/brandss.com.py\/index\/wp-json\/wp\/v2\/product_brand?post=96032"},{"taxonomy":"product_cat","embeddable":true,"href":"https:\/\/brandss.com.py\/index\/wp-json\/wp\/v2\/product_cat?post=96032"},{"taxonomy":"product_tag","embeddable":true,"href":"https:\/\/brandss.com.py\/index\/wp-json\/wp\/v2\/product_tag?post=96032"}],"curies":[{"name":"wp","href":"https:\/\/api.w.org\/{rel}","templated":true}]}}