{"id":96034,"date":"2026-01-17T12:25:40","date_gmt":"2026-01-17T12:25:40","guid":{"rendered":"https:\/\/brandss.com.py\/index\/?post_type=product&#038;p=96034"},"modified":"2026-01-24T10:59:17","modified_gmt":"2026-01-24T10:59:17","slug":"calzado-deportivo-femenino-new-balance-fuelcell-rebel-v4","status":"publish","type":"product","link":"https:\/\/brandss.com.py\/index\/producto\/calzado-deportivo-femenino-new-balance-fuelcell-rebel-v4\/","title":{"rendered":"CALZADO DEPORTIVO FEMENINO NEW BALANCE FUELCELL REBEL V4"},"content":{"rendered":"<p><img loading=\"lazy\" decoding=\"async\" class=\"\" src=\"https:\/\/images.seeklogo.com\/logo-png\/9\/2\/new-balance-logo-png_seeklogo-98723.png\" alt=\"New Balance Logo PNG Vectors Free Download\" width=\"85\" height=\"85\" \/><\/p>\n<h1>FUELCELL REBEL V4<\/h1>\n<p>Rebelde por nombre, rebelde por naturaleza, las FuelCell Rebel v4 cambiar\u00e1n tu perspectiva sobre los calzados de diario. Dise\u00f1adas para ser ligeras y r\u00e1pidas. Fabricadas con espuma FuelCell para m\u00e1xima propulsi\u00f3n y velocidad con un peso m\u00ednimo.<img loading=\"lazy\" decoding=\"async\" class=\"alignleft\" src=\"https:\/\/productimages.footy.com\/67a32df8bf328974e6dd96d2\/0\/1920.webp?q=75\" width=\"515\" height=\"657\" \/><\/p>\n<p>La sensaci\u00f3n de propulsi\u00f3n de la tecnolog\u00eda FuelCell crea una planta del pie excepcionalmente reactiva que se adapta r\u00e1pidamente de carreras largas y constantes a carreras m\u00e1s cortas y espont\u00e1neas. Una parte superior de malla estilizada a\u00f1ade detalles inspirados en las carreras a unas zapatillas din\u00e1micas y alegres, dise\u00f1adas para devolverle la diversi\u00f3n a tus carreras.<\/p>\n<p>Caracter\u00edsticas<\/p>\n<p>&nbsp;<\/p>\n<ul>\n<li>La espuma FuelCell proporciona una sensaci\u00f3n de propulsi\u00f3n que te ayuda a avanzar.<\/li>\n<li>La entresuela geom\u00e9trica se extiende m\u00e1s y se apila m\u00e1s alto que la predecesora.<\/li>\n<li>Leng\u00fceta reforzada.<\/li>\n<li>Vainas longitudinales de la suela.<\/li>\n<li>212 gramos (7,5 oz).<\/li>\n<li>La parte superior FantomFit ofrece un soporte adherido ultraligero.<\/li>\n<li>La parte superior presenta una construcci\u00f3n sin costuras para un ajuste y una sensaci\u00f3n elegantes.<\/li>\n<li>Ca\u00edda de 6 mm; debido a las variaciones creadas durante los procesos de desarrollo y fabricaci\u00f3n, todas las referencias a una ca\u00edda de 6 mm son aproximadas.<\/li>\n<li>Cierre de encaje.<\/li>\n<li>Genero: femenino.<\/li>\n<li>Ancho: B (est\u00e1ndar).<\/li>\n<li>Modelo: WFCXCC4.<\/li>\n<li>Color: Mango Caliente Angora Negro.<\/li>\n<\/ul>\n","protected":false},"excerpt":{"rendered":"<p>FUELCELL REBEL V4 Rebelde por nombre, rebelde por naturaleza, las FuelCell Rebel v4 cambiar\u00e1n tu perspectiva sobre los calzados de<\/p>\n","protected":false},"featured_media":96520,"comment_status":"open","ping_status":"closed","template":"","meta":{"nf_dc_page":""},"product_brand":[1373],"product_cat":[73],"product_tag":[2525],"class_list":{"0":"post-96034","1":"product","2":"type-product","3":"status-publish","4":"has-post-thumbnail","6":"product_brand-new-balance","7":"product_cat-femenino","8":"product_tag-wfcxcc4","10":"first","11":"instock","12":"shipping-taxable","13":"purchasable","14":"product-type-simple"},"_links":{"self":[{"href":"https:\/\/brandss.com.py\/index\/wp-json\/wp\/v2\/product\/96034","targetHints":{"allow":["GET"]}}],"collection":[{"href":"https:\/\/brandss.com.py\/index\/wp-json\/wp\/v2\/product"}],"about":[{"href":"https:\/\/brandss.com.py\/index\/wp-json\/wp\/v2\/types\/product"}],"replies":[{"embeddable":true,"href":"https:\/\/brandss.com.py\/index\/wp-json\/wp\/v2\/comments?post=96034"}],"version-history":[{"count":2,"href":"https:\/\/brandss.com.py\/index\/wp-json\/wp\/v2\/product\/96034\/revisions"}],"predecessor-version":[{"id":96527,"href":"https:\/\/brandss.com.py\/index\/wp-json\/wp\/v2\/product\/96034\/revisions\/96527"}],"wp:featuredmedia":[{"embeddable":true,"href":"https:\/\/brandss.com.py\/index\/wp-json\/wp\/v2\/media\/96520"}],"wp:attachment":[{"href":"https:\/\/brandss.com.py\/index\/wp-json\/wp\/v2\/media?parent=96034"}],"wp:term":[{"taxonomy":"product_brand","embeddable":true,"href":"https:\/\/brandss.com.py\/index\/wp-json\/wp\/v2\/product_brand?post=96034"},{"taxonomy":"product_cat","embeddable":true,"href":"https:\/\/brandss.com.py\/index\/wp-json\/wp\/v2\/product_cat?post=96034"},{"taxonomy":"product_tag","embeddable":true,"href":"https:\/\/brandss.com.py\/index\/wp-json\/wp\/v2\/product_tag?post=96034"}],"curies":[{"name":"wp","href":"https:\/\/api.w.org\/{rel}","templated":true}]}}