{"id":96036,"date":"2026-01-17T13:13:03","date_gmt":"2026-01-17T13:13:03","guid":{"rendered":"https:\/\/brandss.com.py\/index\/?post_type=product&#038;p=96036"},"modified":"2026-01-24T11:01:33","modified_gmt":"2026-01-24T11:01:33","slug":"calzado-deportivo-femenino-new-balance-fuelcell-rebel-v4-2","status":"publish","type":"product","link":"https:\/\/brandss.com.py\/index\/producto\/calzado-deportivo-femenino-new-balance-fuelcell-rebel-v4-2\/","title":{"rendered":"CALZADO DEPORTIVO FEMENINO NEW BALANCE FUELCELL REBEL V4"},"content":{"rendered":"<p><img loading=\"lazy\" decoding=\"async\" class=\"\" src=\"https:\/\/images.seeklogo.com\/logo-png\/9\/2\/new-balance-logo-png_seeklogo-98723.png\" alt=\"New Balance Logo PNG Vectors Free Download\" width=\"94\" height=\"94\" \/><\/p>\n<h1>FUELCELL REBEL V4<\/h1>\n<div class=\"product-description col-12 pl-0 font-body\">\n<div id=\"collapsible-description-1\" class=\"col-12 value content short-description px-0 pt-6 pt-lg-4 pb-3\"><span dir=\"auto\">Dise\u00f1adas para ser ligeras y r\u00e1pidas. Fabricadas con espuma FuelCell para ofrecer m\u00e1xima propulsi\u00f3n y velocidad con un peso m\u00ednimo. Las FuelCell Rebel v4 ser\u00e1n tus zapatillas ideales para cualquier tipo de carrera.<\/span><\/div>\n<\/div>\n<div class=\"product-detail col-12 p-0 mt-2 mb-2\">\n<div class=\"collapsible-lg\"><\/div>\n<div class=\"collapsible-lg\">\n<h4 class=\"product-details-header ml-2 mb-2\"><strong><span dir=\"auto\">Beneficios<\/span><\/strong><\/h4>\n<div class=\"ecom-bullets ml-3 mt-0\">\n<ul>\n<li><span dir=\"auto\">La espuma FuelCell proporciona una sensaci\u00f3n de propulsi\u00f3n para ayudarte a avanzar.<\/span><\/li>\n<li><span dir=\"auto\">Gr\u00e1ficos sublimados<\/span><\/li>\n<li><span dir=\"auto\">Superposiciones sin costura<\/span><\/li>\n<li><span class=\"weight\"><span dir=\"auto\">212 gramos (7,5 oz)<\/span><\/span><\/li>\n<\/ul>\n<\/div>\n<h4 class=\"product-details-header ml-2 mb-2\"><strong><span dir=\"auto\">Material<\/span><\/strong><\/h4>\n<div class=\"ecom-bullets ml-3 mt-0\">\n<ul>\n<li><span dir=\"auto\">Parte superior sint\u00e9tica\/de malla<\/span><\/li>\n<\/ul>\n<h4><strong><span dir=\"auto\">Talla y ajuste<\/span><\/strong><\/h4>\n<ul>\n<li><span dir=\"auto\">La parte superior FantomFit ofrece un soporte adherido ultraligero<\/span><\/li>\n<li><span dir=\"auto\">La parte superior presenta una construcci\u00f3n sin costuras para un ajuste y una sensaci\u00f3n elegantes.<\/span><\/li>\n<li><span dir=\"auto\">Ca\u00edda de 6 mm; debido a las variaciones creadas durante los procesos de desarrollo y fabricaci\u00f3n, todas las referencias a una ca\u00edda de 6 mm son aproximadas<\/span><\/li>\n<li><span dir=\"auto\">Cierre de encaje<\/span><\/li>\n<\/ul>\n<div class=\"vtex-flex-layout-0-x-flexRow vtex-flex-layout-0-x-flexRow--productSpecification\" aria-label=\"Secci\u00f3n fila\">\n<div class=\"flex mt0 mb0 pt0 pb0 justify-start vtex-flex-layout-0-x-flexRowContent vtex-flex-layout-0-x-flexRowContent--productSpecification items-stretch w-100\">\n<div class=\"pr0 items-stretch vtex-flex-layout-0-x-stretchChildrenWidth flex\">\n<div class=\"vtex-flex-layout-0-x-flexCol vtex-flex-layout-0-x-flexCol--productSpecificationName ml0 mr0 pl0 pr0 flex flex-column h-100 w-100\">\n<h4>Caracter\u00edsticas<\/h4>\n<div><\/div>\n<div class=\"vtex-flex-layout-0-x-flexColChild vtex-flex-layout-0-x-flexColChild--productSpecificationName pb0\"><span class=\"vtex-product-specifications-1-x-specificationName\" data-specification-group=\"Caracter\u00edsticas\" data-specification-name=\"G\u00e9nero\"><span class=\"vtex-product-specifications-1-x-specificationName\" data-specification-group=\"Caracter\u00edsticas\" data-specification-name=\"G\u00e9nero\">Modelo: <\/span><\/span>WFCXLK4.<\/div>\n<div class=\"vtex-flex-layout-0-x-flexColChild vtex-flex-layout-0-x-flexColChild--productSpecificationName pb0\"><span class=\"vtex-product-specifications-1-x-specificationName\" data-specification-group=\"Caracter\u00edsticas\" data-specification-name=\"G\u00e9nero\">G\u00e9nero: femenino.<\/span><\/div>\n<\/div>\n<\/div>\n<\/div>\n<\/div>\n<div class=\"vtex-flex-layout-0-x-flexRow vtex-flex-layout-0-x-flexRow--productSpecification\" aria-label=\"Secci\u00f3n fila\">\n<div class=\"flex mt0 mb0 pt0 pb0 justify-start vtex-flex-layout-0-x-flexRowContent vtex-flex-layout-0-x-flexRowContent--productSpecification items-stretch w-100\">\n<div class=\"pr0 items-stretch vtex-flex-layout-0-x-stretchChildrenWidth flex\">\n<div class=\"vtex-flex-layout-0-x-flexCol vtex-flex-layout-0-x-flexCol--productSpecificationName ml0 mr0 pl0 pr0 flex flex-column h-100 w-100\">\n<div class=\"vtex-flex-layout-0-x-flexColChild vtex-flex-layout-0-x-flexColChild--productSpecificationName pb0\"><span class=\"vtex-product-specifications-1-x-specificationName\" data-specification-group=\"Caracter\u00edsticas\" data-specification-name=\"Tipo de deportes\">Tipo de deportes: r<\/span>unning.<\/div>\n<\/div>\n<\/div>\n<\/div>\n<\/div>\n<div class=\"vtex-flex-layout-0-x-flexRow vtex-flex-layout-0-x-flexRow--productSpecification\" aria-label=\"Secci\u00f3n fila\">\n<div class=\"flex mt0 mb0 pt0 pb0 justify-start vtex-flex-layout-0-x-flexRowContent vtex-flex-layout-0-x-flexRowContent--productSpecification items-stretch w-100\">\n<div class=\"pr0 items-stretch vtex-flex-layout-0-x-stretchChildrenWidth flex\">\n<div class=\"vtex-flex-layout-0-x-flexCol vtex-flex-layout-0-x-flexCol--productSpecificationName ml0 mr0 pl0 pr0 flex flex-column h-100 w-100\">\n<div class=\"vtex-flex-layout-0-x-flexColChild vtex-flex-layout-0-x-flexColChild--productSpecificationName pb0\"><span class=\"vtex-product-specifications-1-x-specificationName\" data-specification-group=\"Caracter\u00edsticas\" data-specification-name=\"Color\">Color: graphite.<\/span><\/div>\n<\/div>\n<\/div>\n<\/div>\n<\/div>\n<div class=\"vtex-flex-layout-0-x-flexRow vtex-flex-layout-0-x-flexRow--productSpecification\" aria-label=\"Secci\u00f3n fila\">\n<div class=\"flex mt0 mb0 pt0 pb0 justify-start vtex-flex-layout-0-x-flexRowContent vtex-flex-layout-0-x-flexRowContent--productSpecification items-stretch w-100\">\n<div class=\"pr0 items-stretch vtex-flex-layout-0-x-stretchChildrenWidth flex\">\n<div class=\"vtex-flex-layout-0-x-flexCol vtex-flex-layout-0-x-flexCol--productSpecificationName ml0 mr0 pl0 pr0 flex flex-column h-100 w-100\">\n<div class=\"vtex-flex-layout-0-x-flexColChild vtex-flex-layout-0-x-flexColChild--productSpecificationName pb0\"><span class=\"vtex-product-specifications-1-x-specificationName\" data-specification-group=\"Caracter\u00edsticas\" data-specification-name=\"Temporada\">Temporada: i<\/span><span class=\"vtex-product-specifications-1-x-specificationValue vtex-product-specifications-1-x-specificationValue--first\" data-specification-group=\"Caracter\u00edsticas\" data-specification-name=\"Temporada\" data-specification-value=\"Invierno\">nvierno-v<\/span><span class=\"vtex-product-specifications-1-x-specificationValue\" data-specification-group=\"Caracter\u00edsticas\" data-specification-name=\"Temporada\" data-specification-value=\"Verano\">erano-p<\/span><span class=\"vtex-product-specifications-1-x-specificationValue\" data-specification-group=\"Caracter\u00edsticas\" data-specification-name=\"Temporada\" data-specification-value=\"Primavera\">rimavera-o<\/span><span class=\"vtex-product-specifications-1-x-specificationValue vtex-product-specifications-1-x-specificationValue--last\" data-specification-group=\"Caracter\u00edsticas\" data-specification-name=\"Temporada\" data-specification-value=\"Oto\u00f1o\">to\u00f1o.<\/span><\/div>\n<\/div>\n<\/div>\n<\/div>\n<\/div>\n<div class=\"vtex-flex-layout-0-x-flexRow vtex-flex-layout-0-x-flexRow--productSpecification\" aria-label=\"Secci\u00f3n fila\">\n<div class=\"flex mt0 mb0 pt0 pb0 justify-start vtex-flex-layout-0-x-flexRowContent vtex-flex-layout-0-x-flexRowContent--productSpecification items-stretch w-100\">\n<div class=\"pr0 items-stretch vtex-flex-layout-0-x-stretchChildrenWidth flex\">\n<div class=\"vtex-flex-layout-0-x-flexCol vtex-flex-layout-0-x-flexCol--productSpecificationName ml0 mr0 pl0 pr0 flex flex-column h-100 w-100\">\n<div class=\"vtex-flex-layout-0-x-flexColChild vtex-flex-layout-0-x-flexColChild--productSpecificationName pb0\"><span class=\"vtex-product-specifications-1-x-specificationName\" data-specification-group=\"Caracter\u00edsticas\" data-specification-name=\"Tipo de producto\">Tipo de producto: d<\/span>eportivo.<\/div>\n<\/div>\n<\/div>\n<\/div>\n<\/div>\n<\/div>\n<\/div>\n<\/div>\n","protected":false},"excerpt":{"rendered":"<p>FUELCELL REBEL V4 Dise\u00f1adas para ser ligeras y r\u00e1pidas. Fabricadas con espuma FuelCell para ofrecer m\u00e1xima propulsi\u00f3n y velocidad con<\/p>\n","protected":false},"featured_media":96528,"comment_status":"open","ping_status":"closed","template":"","meta":{"nf_dc_page":""},"product_brand":[1373],"product_cat":[73],"product_tag":[2526],"class_list":{"0":"post-96036","1":"product","2":"type-product","3":"status-publish","4":"has-post-thumbnail","6":"product_brand-new-balance","7":"product_cat-femenino","8":"product_tag-wfcxlk4","10":"first","11":"instock","12":"shipping-taxable","13":"purchasable","14":"product-type-simple"},"_links":{"self":[{"href":"https:\/\/brandss.com.py\/index\/wp-json\/wp\/v2\/product\/96036","targetHints":{"allow":["GET"]}}],"collection":[{"href":"https:\/\/brandss.com.py\/index\/wp-json\/wp\/v2\/product"}],"about":[{"href":"https:\/\/brandss.com.py\/index\/wp-json\/wp\/v2\/types\/product"}],"replies":[{"embeddable":true,"href":"https:\/\/brandss.com.py\/index\/wp-json\/wp\/v2\/comments?post=96036"}],"version-history":[{"count":1,"href":"https:\/\/brandss.com.py\/index\/wp-json\/wp\/v2\/product\/96036\/revisions"}],"predecessor-version":[{"id":96037,"href":"https:\/\/brandss.com.py\/index\/wp-json\/wp\/v2\/product\/96036\/revisions\/96037"}],"wp:featuredmedia":[{"embeddable":true,"href":"https:\/\/brandss.com.py\/index\/wp-json\/wp\/v2\/media\/96528"}],"wp:attachment":[{"href":"https:\/\/brandss.com.py\/index\/wp-json\/wp\/v2\/media?parent=96036"}],"wp:term":[{"taxonomy":"product_brand","embeddable":true,"href":"https:\/\/brandss.com.py\/index\/wp-json\/wp\/v2\/product_brand?post=96036"},{"taxonomy":"product_cat","embeddable":true,"href":"https:\/\/brandss.com.py\/index\/wp-json\/wp\/v2\/product_cat?post=96036"},{"taxonomy":"product_tag","embeddable":true,"href":"https:\/\/brandss.com.py\/index\/wp-json\/wp\/v2\/product_tag?post=96036"}],"curies":[{"name":"wp","href":"https:\/\/api.w.org\/{rel}","templated":true}]}}