{"id":96038,"date":"2026-01-17T14:31:37","date_gmt":"2026-01-17T14:31:37","guid":{"rendered":"https:\/\/brandss.com.py\/index\/?post_type=product&#038;p=96038"},"modified":"2026-01-24T11:04:32","modified_gmt":"2026-01-24T11:04:32","slug":"leggings-deportivo-femenino-new-balance-accelerate","status":"publish","type":"product","link":"https:\/\/brandss.com.py\/index\/producto\/leggings-deportivo-femenino-new-balance-accelerate\/","title":{"rendered":"LEGGINGS DEPORTIVO FEMENINO NEW BALANCE ACCELERATE"},"content":{"rendered":"<p><img loading=\"lazy\" decoding=\"async\" class=\"\" src=\"https:\/\/images.seeklogo.com\/logo-png\/9\/2\/new-balance-logo-png_seeklogo-98723.png\" alt=\"New Balance Logo PNG Vectors Free Download\" width=\"118\" height=\"118\" \/><\/p>\n<h1>ACCELERATE<\/h1>\n<p>Nuestras mallas Accelerate est\u00e1n dise\u00f1adas para darte soporte en tus carreras m\u00e1s largas. La tecnolog\u00eda NB DRY absorbe la humedad para que te sientas fresca y seca, y su silueta ajustada se adapta a tu cuerpo para un ajuste ce\u00f1ido que te permite concentrarte. Estas mallas de running para mujer est\u00e1n confeccionadas en poli\u00e9ster\/spandex de alta elasticidad y presentan llamativos detalles en bloques de color con ribete reflectante.<\/p>\n<h3>Caracter\u00edsticas<\/h3>\n<div class=\"mt-4 leading-5 accordionProductDetail_acordionDescription__ROCt5\">\n<ul>\n<li><span dir=\"auto\">La tecnolog\u00eda de secado r\u00e1pido NB DRY absorbe la humedad de tu cuerpo para ayudarte a ejercitarte con facilidad.<\/span><\/li>\n<li><span dir=\"auto\">El tiro medio se encuentra justo debajo de la cintura para un gran ajuste y f\u00e1cil movimiento.<\/span><\/li>\n<li><span dir=\"auto\">Material de poli\u00e9ster\/spandex para una comodidad de alta elasticidad.<\/span><\/li>\n<li><span dir=\"auto\">Silueta ajustada dise\u00f1ada para sentirse c\u00f3moda en la cadera y el muslo y permitir un rango de movimiento sin exceso de tela.<\/span><\/li>\n<li><span dir=\"auto\">Cintura con cord\u00f3n interior para un ajuste seguro.<\/span><\/li>\n<li><span dir=\"auto\">Los bolsillos laterales en la cintura ofrecen espacio de almacenamiento para tarjetas, llaves u otros elementos esenciales.<\/span><\/li>\n<li><span dir=\"auto\">Detalles de bloqueo de colores llamativos con ribete reflectante.<\/span><\/li>\n<li>Color: negro.<\/li>\n<li>Modelo<span dir=\"auto\">:<\/span><span dir=\"auto\">WP23234-BK.<\/span><\/li>\n<li>Material<span dir=\"auto\">: <\/span><span dir=\"auto\">77% poli\u00e9ster reciclado, 23% elastano.<\/span><\/li>\n<\/ul>\n<\/div>\n","protected":false},"excerpt":{"rendered":"<p>ACCELERATE Nuestras mallas Accelerate est\u00e1n dise\u00f1adas para darte soporte en tus carreras m\u00e1s largas. La tecnolog\u00eda NB DRY absorbe la<\/p>\n","protected":false},"featured_media":96536,"comment_status":"open","ping_status":"closed","template":"","meta":{"nf_dc_page":""},"product_brand":[1373],"product_cat":[73],"product_tag":[2527],"class_list":{"0":"post-96038","1":"product","2":"type-product","3":"status-publish","4":"has-post-thumbnail","6":"product_brand-new-balance","7":"product_cat-femenino","8":"product_tag-wp23234-bk","10":"first","11":"instock","12":"shipping-taxable","13":"purchasable","14":"product-type-simple"},"_links":{"self":[{"href":"https:\/\/brandss.com.py\/index\/wp-json\/wp\/v2\/product\/96038","targetHints":{"allow":["GET"]}}],"collection":[{"href":"https:\/\/brandss.com.py\/index\/wp-json\/wp\/v2\/product"}],"about":[{"href":"https:\/\/brandss.com.py\/index\/wp-json\/wp\/v2\/types\/product"}],"replies":[{"embeddable":true,"href":"https:\/\/brandss.com.py\/index\/wp-json\/wp\/v2\/comments?post=96038"}],"version-history":[{"count":1,"href":"https:\/\/brandss.com.py\/index\/wp-json\/wp\/v2\/product\/96038\/revisions"}],"predecessor-version":[{"id":96039,"href":"https:\/\/brandss.com.py\/index\/wp-json\/wp\/v2\/product\/96038\/revisions\/96039"}],"wp:featuredmedia":[{"embeddable":true,"href":"https:\/\/brandss.com.py\/index\/wp-json\/wp\/v2\/media\/96536"}],"wp:attachment":[{"href":"https:\/\/brandss.com.py\/index\/wp-json\/wp\/v2\/media?parent=96038"}],"wp:term":[{"taxonomy":"product_brand","embeddable":true,"href":"https:\/\/brandss.com.py\/index\/wp-json\/wp\/v2\/product_brand?post=96038"},{"taxonomy":"product_cat","embeddable":true,"href":"https:\/\/brandss.com.py\/index\/wp-json\/wp\/v2\/product_cat?post=96038"},{"taxonomy":"product_tag","embeddable":true,"href":"https:\/\/brandss.com.py\/index\/wp-json\/wp\/v2\/product_tag?post=96038"}],"curies":[{"name":"wp","href":"https:\/\/api.w.org\/{rel}","templated":true}]}}